{"id":804,"date":"2020-06-18T10:00:00","date_gmt":"2020-06-18T08:00:00","guid":{"rendered":"https:\/\/norton.edu.pl\/?page_id=804"},"modified":"2020-06-19T12:17:50","modified_gmt":"2020-06-19T10:17:50","slug":"zporr-zintegrowany-program-operacyjny-rozwoju-regionalnego","status":"publish","type":"page","link":"https:\/\/norton.edu.pl\/uk\/projekty-ue\/zporr-zintegrowany-program-operacyjny-rozwoju-regionalnego\/","title":{"rendered":"ZPORR. Zintegrowany Program Operacyjny Rozwoju Regionalnego"},"content":{"rendered":"<p><img loading=\"lazy\" decoding=\"async\" class=\"alignnone wp-image-784 size-full\" src=\"https:\/\/norton.edu.pl\/wp-content\/uploads\/2020\/03\/business-desk-PAZ3BPJ.jpg\" alt=\"\" width=\"1200\" height=\"797\" srcset=\"https:\/\/norton.edu.pl\/wp-content\/uploads\/2020\/03\/business-desk-PAZ3BPJ.jpg 1200w, https:\/\/norton.edu.pl\/wp-content\/uploads\/2020\/03\/business-desk-PAZ3BPJ-300x199.jpg 300w, https:\/\/norton.edu.pl\/wp-content\/uploads\/2020\/03\/business-desk-PAZ3BPJ-1024x680.jpg 1024w, https:\/\/norton.edu.pl\/wp-content\/uploads\/2020\/03\/business-desk-PAZ3BPJ-768x510.jpg 768w, https:\/\/norton.edu.pl\/wp-content\/uploads\/2020\/03\/business-desk-PAZ3BPJ-595x395.jpg 595w, https:\/\/norton.edu.pl\/wp-content\/uploads\/2020\/03\/business-desk-PAZ3BPJ-1190x790.jpg 1190w, https:\/\/norton.edu.pl\/wp-content\/uploads\/2020\/03\/business-desk-PAZ3BPJ-1000x664.jpg 1000w\" sizes=\"auto, (max-width: 1200px) 100vw, 1200px\" \/><\/p>\n<ul>\n<li class=\"g-bullet\">Podnoszenie kwalifikacji j\u0119zykowych pracuj\u0105cych mieszka\u0144c\u00f3w Ma\u0142opolski<\/li>\n<li class=\"g-bullet\">Podnoszenie kwalifikacji j\u0119zykowych pracuj\u0105cych mieszka\u0144c\u00f3w Ma\u0142opolski \u2013 certyfikat Telc<\/li>\n<li class=\"g-bullet\">Podnoszenie kwalifikacji ICT i j\u0119zykowych pracuj\u0105cych mieszka\u0144c\u00f3w obszar\u00f3w zmarginalizowanych Dolnego \u015al\u0105ska<\/li>\n<li class=\"g-bullet\">Podwy\u017cszanie kwalifikacji zawodowych pracuj\u0105cych mieszka\u0144c\u00f3w Ma\u0142opolski poprzez realizacj\u0119 szkole\u0144 j\u0119zyka angielskiego; Z\/2.12\/II\/2.1\/161\/05\/U\/13\/06<\/li>\n<li class=\"g-bullet\">Podnoszenie kwalifikacji zawodowych os\u00f3b pracuj\u0105cych poprzez realizacj\u0119 szkole\u0144 j\u0119zyka angielskiego; Z\/2.02\/II\/2.1\/34\/05\/U\/8\/05<\/li>\n<li class=\"g-bullet\">Podnoszenie kwalifikacji zawodowych os\u00f3b pracuj\u0105cych poprzez realizacj\u0119 szkole\u0144 j\u0119zyka angielskiego; Z\/2.26\/II\/2.1\/23\/05\/U\/6\/05<\/li>\n<li class=\"g-bullet\">Doskonalenie kwalifikacji zawodowych pracuj\u0105cych mieszka\u0144c\u00f3w Ma\u0142opolski poprzez szkolenia j\u0119zyka angielskiego; Certyfikat zgodny z Europejskim Standardem Opisu Kszta\u0142cenia J\u0119zykowego; Z\/2.12\/II\/2.1\/40\/05\/U\/14\/05<\/li>\n<\/ul>","protected":false},"excerpt":{"rendered":"<p>Podnoszenie kwalifikacji j\u0119zykowych pracuj\u0105cych mieszka\u0144c\u00f3w Ma\u0142opolski Podnoszenie kwalifikacji j\u0119zykowych pracuj\u0105cych mieszka\u0144c\u00f3w Ma\u0142opolski \u2013 certyfikat Telc Podnoszenie kwalifikacji ICT i j\u0119zykowych pracuj\u0105cych mieszka\u0144c\u00f3w obszar\u00f3w zmarginalizowanych Dolnego \u015al\u0105ska Podwy\u017cszanie kwalifikacji zawodowych pracuj\u0105cych mieszka\u0144c\u00f3w Ma\u0142opolski poprzez realizacj\u0119 szkole\u0144 j\u0119zyka angielskiego; Z\/2.12\/II\/2.1\/161\/05\/U\/13\/06 Podnoszenie kwalifikacji zawodowych os\u00f3b pracuj\u0105cych poprzez realizacj\u0119 szkole\u0144 j\u0119zyka angielskiego; Z\/2.02\/II\/2.1\/34\/05\/U\/8\/05 Podnoszenie kwalifikacji zawodowych os\u00f3b pracuj\u0105cych poprzez [&hellip;]<\/p>","protected":false},"author":5,"featured_media":0,"parent":62,"menu_order":0,"comment_status":"closed","ping_status":"closed","template":"","meta":{"footnotes":""},"class_list":["post-804","page","type-page","status-publish","hentry"],"yoast_head":"<!-- This site is optimized with the Yoast SEO plugin v14.9 - https:\/\/yoast.com\/wordpress\/plugins\/seo\/ -->\n<title>Norton - ZPORR. Zintegrowany Program Operacyjny Rozwoju Regionalnego - Szkolenia z dofinansowaniem 80% i Projekty UE<\/title>\n<meta name=\"description\" content=\"Centrum Szkoleniowe Norton organizuje szkolenia z dofinansowaniem do 80% (j\u0119zykowe, managerskie i inne) projekty unijne i warsztaty dla firm i instutycji.\" \/>\n<meta name=\"robots\" content=\"index, follow, max-snippet:-1, max-image-preview:large, max-video-preview:-1\" \/>\n<link rel=\"canonical\" href=\"https:\/\/norton.edu.pl\/uk\/projekty-ue\/zporr-zintegrowany-program-operacyjny-rozwoju-regionalnego\/\" \/>\n<meta property=\"og:locale\" content=\"uk_UA\" \/>\n<meta property=\"og:type\" content=\"article\" \/>\n<meta property=\"og:title\" content=\"Norton - ZPORR. Zintegrowany Program Operacyjny Rozwoju Regionalnego - Szkolenia z dofinansowaniem 80% i Projekty UE\" \/>\n<meta property=\"og:description\" content=\"Centrum Szkoleniowe Norton organizuje szkolenia z dofinansowaniem do 80% (j\u0119zykowe, managerskie i inne) projekty unijne i warsztaty dla firm i instutycji.\" \/>\n<meta property=\"og:url\" content=\"https:\/\/norton.edu.pl\/uk\/projekty-ue\/zporr-zintegrowany-program-operacyjny-rozwoju-regionalnego\/\" \/>\n<meta property=\"og:site_name\" content=\"Norton\" \/>\n<meta property=\"article:publisher\" content=\"https:\/\/www.facebook.com\/KursyNorton\" \/>\n<meta property=\"article:modified_time\" content=\"2020-06-19T10:17:50+00:00\" \/>\n<meta property=\"og:image\" content=\"https:\/\/norton.edu.pl\/wp-content\/uploads\/2020\/03\/business-desk-PAZ3BPJ.jpg\" \/>\n<meta name=\"twitter:card\" content=\"summary_large_image\" \/>\n<script type=\"application\/ld+json\" class=\"yoast-schema-graph\">{\"@context\":\"https:\/\/schema.org\",\"@graph\":[{\"@type\":\"Organization\",\"@id\":\"https:\/\/norton.edu.pl\/uk\/#organization\",\"name\":\"Centrum Szkoleniowe Norton\",\"url\":\"https:\/\/norton.edu.pl\/uk\/\",\"sameAs\":[\"https:\/\/www.facebook.com\/KursyNorton\"],\"logo\":{\"@type\":\"ImageObject\",\"@id\":\"https:\/\/norton.edu.pl\/uk\/#logo\",\"inLanguage\":\"uk\",\"url\":\"https:\/\/norton.edu.pl\/wp-content\/uploads\/2020\/03\/logo.png\",\"width\":147,\"height\":53,\"caption\":\"Centrum Szkoleniowe Norton\"},\"image\":{\"@id\":\"https:\/\/norton.edu.pl\/uk\/#logo\"}},{\"@type\":\"WebSite\",\"@id\":\"https:\/\/norton.edu.pl\/uk\/#website\",\"url\":\"https:\/\/norton.edu.pl\/uk\/\",\"name\":\"Norton\",\"description\":\"\",\"publisher\":{\"@id\":\"https:\/\/norton.edu.pl\/uk\/#organization\"},\"potentialAction\":[{\"@type\":\"SearchAction\",\"target\":\"https:\/\/norton.edu.pl\/uk\/?s={search_term_string}\",\"query-input\":\"required name=search_term_string\"}],\"inLanguage\":\"uk\"},{\"@type\":\"ImageObject\",\"@id\":\"https:\/\/norton.edu.pl\/uk\/projekty-ue\/zporr-zintegrowany-program-operacyjny-rozwoju-regionalnego\/#primaryimage\",\"inLanguage\":\"uk\",\"url\":\"https:\/\/norton.edu.pl\/wp-content\/uploads\/2020\/03\/business-desk-PAZ3BPJ.jpg\",\"width\":1200,\"height\":797,\"caption\":\"zdj\\u0119cie przedstawiaj\\u0105ce otwarty lapotop, z lewej strony laptopa okulary, z prawej tablet i telefon, w prawym g\\u00f3rnym rogu fili\\u017canka z kaw\\u0105 i pi\\u00f3ro\"},{\"@type\":\"WebPage\",\"@id\":\"https:\/\/norton.edu.pl\/uk\/projekty-ue\/zporr-zintegrowany-program-operacyjny-rozwoju-regionalnego\/#webpage\",\"url\":\"https:\/\/norton.edu.pl\/uk\/projekty-ue\/zporr-zintegrowany-program-operacyjny-rozwoju-regionalnego\/\",\"name\":\"Norton - ZPORR. Zintegrowany Program Operacyjny Rozwoju Regionalnego - Szkolenia z dofinansowaniem 80% i Projekty UE\",\"isPartOf\":{\"@id\":\"https:\/\/norton.edu.pl\/uk\/#website\"},\"primaryImageOfPage\":{\"@id\":\"https:\/\/norton.edu.pl\/uk\/projekty-ue\/zporr-zintegrowany-program-operacyjny-rozwoju-regionalnego\/#primaryimage\"},\"datePublished\":\"2020-06-18T08:00:00+00:00\",\"dateModified\":\"2020-06-19T10:17:50+00:00\",\"description\":\"Centrum Szkoleniowe Norton organizuje szkolenia z dofinansowaniem do 80% (j\\u0119zykowe, managerskie i inne) projekty unijne i warsztaty dla firm i instutycji.\",\"inLanguage\":\"uk\",\"potentialAction\":[{\"@type\":\"ReadAction\",\"target\":[\"https:\/\/norton.edu.pl\/uk\/projekty-ue\/zporr-zintegrowany-program-operacyjny-rozwoju-regionalnego\/\"]}]}]}<\/script>\n<!-- \/ Yoast SEO plugin. -->","_links":{"self":[{"href":"https:\/\/norton.edu.pl\/uk\/wp-json\/wp\/v2\/pages\/804","targetHints":{"allow":["GET"]}}],"collection":[{"href":"https:\/\/norton.edu.pl\/uk\/wp-json\/wp\/v2\/pages"}],"about":[{"href":"https:\/\/norton.edu.pl\/uk\/wp-json\/wp\/v2\/types\/page"}],"author":[{"embeddable":true,"href":"https:\/\/norton.edu.pl\/uk\/wp-json\/wp\/v2\/users\/5"}],"replies":[{"embeddable":true,"href":"https:\/\/norton.edu.pl\/uk\/wp-json\/wp\/v2\/comments?post=804"}],"version-history":[{"count":1,"href":"https:\/\/norton.edu.pl\/uk\/wp-json\/wp\/v2\/pages\/804\/revisions"}],"predecessor-version":[{"id":805,"href":"https:\/\/norton.edu.pl\/uk\/wp-json\/wp\/v2\/pages\/804\/revisions\/805"}],"up":[{"embeddable":true,"href":"https:\/\/norton.edu.pl\/uk\/wp-json\/wp\/v2\/pages\/62"}],"wp:attachment":[{"href":"https:\/\/norton.edu.pl\/uk\/wp-json\/wp\/v2\/media?parent=804"}],"curies":[{"name":"wp","href":"https:\/\/api.w.org\/{rel}","templated":true}]}}