{"id":799,"date":"2020-06-18T09:56:44","date_gmt":"2020-06-18T07:56:44","guid":{"rendered":"https:\/\/norton.edu.pl\/?page_id=799"},"modified":"2020-06-18T09:57:59","modified_gmt":"2020-06-18T07:57:59","slug":"po-kl-program-operacyjny-kapital-ludzki","status":"publish","type":"page","link":"https:\/\/norton.edu.pl\/uk\/projekty-ue\/po-kl-program-operacyjny-kapital-ludzki\/","title":{"rendered":"PO KL. Program Operacyjny Kapita\u0142 Ludzki"},"content":{"rendered":"<p><img loading=\"lazy\" decoding=\"async\" class=\"alignnone wp-image-785 size-full\" src=\"https:\/\/norton.edu.pl\/wp-content\/uploads\/2020\/03\/work-from-home-online-shopping-learning-top-view-d-H34YNCN.jpg\" alt=\"\" width=\"1200\" height=\"700\" srcset=\"https:\/\/norton.edu.pl\/wp-content\/uploads\/2020\/03\/work-from-home-online-shopping-learning-top-view-d-H34YNCN.jpg 1200w, https:\/\/norton.edu.pl\/wp-content\/uploads\/2020\/03\/work-from-home-online-shopping-learning-top-view-d-H34YNCN-300x175.jpg 300w, https:\/\/norton.edu.pl\/wp-content\/uploads\/2020\/03\/work-from-home-online-shopping-learning-top-view-d-H34YNCN-1024x597.jpg 1024w, https:\/\/norton.edu.pl\/wp-content\/uploads\/2020\/03\/work-from-home-online-shopping-learning-top-view-d-H34YNCN-768x448.jpg 768w, https:\/\/norton.edu.pl\/wp-content\/uploads\/2020\/03\/work-from-home-online-shopping-learning-top-view-d-H34YNCN-595x347.jpg 595w, https:\/\/norton.edu.pl\/wp-content\/uploads\/2020\/03\/work-from-home-online-shopping-learning-top-view-d-H34YNCN-1190x694.jpg 1190w, https:\/\/norton.edu.pl\/wp-content\/uploads\/2020\/03\/work-from-home-online-shopping-learning-top-view-d-H34YNCN-1000x583.jpg 1000w\" sizes=\"auto, (max-width: 1200px) 100vw, 1200px\" \/><\/p>\n<ul>\n<li class=\"g-bullet\">Wyr\u00f3wnywanie szans uczni\u00f3w wiejskich gimnazj\u00f3w Opolszczyzny<\/li>\n<li class=\"g-bullet\">Podnoszenie kompetencji ICT mieszka\u0144c\u00f3w ma\u0142ych miejscowo\u015bci Wielkopolski<\/li>\n<li class=\"g-bullet\">Wyr\u00f3wnywanie szans gimnazjalist\u00f3w ma\u0142ych miejscowo\u015bci Opolszczyzny<\/li>\n<li class=\"g-bullet\">Podnoszenie kompetencji ICT mieszka\u0144c\u00f3w ma\u0142ych miejscowo\u015bci Ma\u0142opolski<\/li>\n<li class=\"g-bullet\">Podnoszenie kwalifikacji j\u0119zykowych mieszka\u0144c\u00f3w ma\u0142ych miejscowo\u015bci wojew\u00f3dztwa opolskiego<\/li>\n<li class=\"g-bullet\">Podnoszenie kompetencji ICT mieszka\u0144c\u00f3w ma\u0142ych miejscowo\u015bci wojew\u00f3dztwa podkarpackiego<\/li>\n<li class=\"g-bullet\">Wyr\u00f3wnywanie szans uczni\u00f3w wiejskich gimnazj\u00f3w gmin G\u00f3zd, Grab\u00f3w n\/Pilic\u0105, Przytyk i Kowala<\/li>\n<li class=\"g-bullet\">Wyr\u00f3wnywanie szans uczni\u00f3w gimnazj\u00f3w Rudy \u015al\u0105skiej<\/li>\n<li class=\"g-bullet\">Podnoszenie kwalifikacji j\u0119zykowych i ICT mieszka\u0144c\u00f3w powiat\u00f3w obejmuj\u0105cych obszary s\u0142abe strukturalnie<\/li>\n<li class=\"g-bullet\">Podnoszenie kwalifikacji j\u0119zykowych i ICT mieszka\u0144c\u00f3w ma\u0142ych miejscowo\u015bci podregionu sosnowieckiego i cz\u0119stochowskiego<\/li>\n<li class=\"g-bullet\">Wyr\u00f3wnywanie szans uczni\u00f3w wiejskich gimnazj\u00f3w Opolszczyzny<\/li>\n<li class=\"g-bullet\">Wyr\u00f3wnywanie szans uczni\u00f3w wiejskich gimnazj\u00f3w Lubelszczyzny<\/li>\n<li class=\"g-bullet\">Podnoszenie kompetencji ICT mieszka\u0144c\u00f3w gmin wiejskich i miejsko-wiejskich subregionu sieradzkiego i piotrkowskiego<\/li>\n<li class=\"g-bullet\">Wyr\u00f3wnywanie szans uczni\u00f3w gimnazj\u00f3w w ma\u0142ych miejscowociach wojew\u00f3dztwa lubuskiego<\/li>\n<li class=\"g-bullet\">Eu-geniusz: wyr\u00f3wnywanie szans edukacyjnych uczni\u00f3w gimnazj\u00f3w gmin wiejskich, miejsko \u2013 wiejskich i miast do 25 tys. mieszka\u0144c\u00f3w wojew\u00f3dztwa dolno\u015bl\u0105skiego<\/li>\n<li class=\"g-bullet\">EU-geniusz: Wi\u0119ksze szanse dla gimnazjalist\u00f3w z teren\u00f3w wiejskich \u015al\u0105ska<\/li>\n<li class=\"g-bullet\">Eu-geniusz: wi\u0119ksze szanse dla gimnazjalist\u00f3w powiatu jaros\u0142awskiego<\/li>\n<li class=\"g-bullet\">Podnoszenie kwalifikacji pracuj\u0105cych mieszka\u0144c\u00f3w wojew\u00f3dztwa \u0142\u00f3dzkiego<\/li>\n<li class=\"g-bullet\">Podnoszenie kwalifikacji pracuj\u0105cych mieszka\u0144c\u00f3w Ma\u0142opolski<\/li>\n<li class=\"g-bullet\">\u201cAngielski na s\u0142u\u017cbie! \u2013 szkolenia dla funkcjonariuszy ma\u0142opolskiej i podkarpackiej Policji i Stra\u017cy Granicznej w ramach przygotowa\u0144 do EURO 2012\u201d \u2014 Jako podwykonawca<\/li>\n<li class=\"g-bullet\">\u201cKompetencje na miar\u0119 potrzeb\u201d \u2013 Jako podwykonawca<\/li>\n<li class=\"g-bullet\">EU-geniusz: wi\u0119ksze szanse dla gimnazjalist\u00f3w obszar\u00f3w wiejskich powiat\u00f3w wielu\u0144skiego i wieruszowskiego<\/li>\n<li class=\"g-bullet\">EU-geniusz: wi\u0119ksze szanse dla gimnazjalist\u00f3w obszar\u00f3w wiejskich powiat\u00f3w piotrkowskiego i radomszcza\u0144skiego<\/li>\n<li class=\"g-bullet\">Eu-geniusz: wi\u0119ksze szanse dla gimnazjalist\u00f3w powiatu d\u0105browskiego<\/li>\n<li class=\"g-bullet\">Podnoszenie kwalifikacji pracownik\u00f3w obszar\u00f3w s\u0142abych strukturalnie<\/li>\n<li class=\"g-bullet\">Nowoczesne umiej\u0119tno\u015bci dla pracuj\u0105cych mieszka\u0144c\u00f3w obszar\u00f3w wiejskich wojew\u00f3dztwa mazowieckiego<\/li>\n<li class=\"g-bullet\">R\u00f3wne szanse dla pracuj\u0105cych mieszka\u0144c\u00f3w ma\u0142ych miejscowo\u015bci Ma\u0142opolski<\/li>\n<li class=\"g-bullet\">Nowoczesne umiejetno\u015bci dla os\u00f3b pracuj\u0105cych obszar\u00f3w wiejskich Dolnego \u015al\u0105ska<\/li>\n<li class=\"g-bullet\">Nowoczesne umiej\u0119tno\u015bci dla os\u00f3b pracuj\u0105cych obszar\u00f3w wiejskich Dolnego \u015al\u0105ska<\/li>\n<li class=\"g-bullet\">Nowoczesne umiej\u0119tno\u015bci dla pracuj\u0105cych mieszka\u0144c\u00f3w Pomorza<\/li>\n<li class=\"g-bullet\">Mi\u0119dzynarodowy certyfikat TOEIC jako uzupe\u0142nienie formalnego wykszta\u0142cenia mieszka\u0144c\u00f3w Pomorza<\/li>\n<li class=\"g-bullet\">Mi\u0119dzynarodowy certyfikat TOEIC jako uzupe\u0142nienie formalnego wykszta\u0142cenia mieszka\u0144c\u00f3w \u015alaska<\/li>\n<li class=\"g-bullet\">Nowoczesne umiej\u0119tno\u015bci dla pracownik\u00f3w ma\u0142opolski z teren\u00f3w wiejskich<\/li>\n<li class=\"g-bullet\">Nowoczesne umiej\u0119tno\u015bci dla pracuj\u0105cych mieszka\u0144c\u00f3w obszar\u00f3w wiejskich Ma\u0142opolski<\/li>\n<li class=\"g-bullet\">J\u0119zyk obcy kluczem gimnazjalisty do szko\u0142y \u015bredniej<\/li>\n<li class=\"g-bullet\">Nowoczesne umiej\u0119tno\u015bci dla pracownik\u00f3w nowoczesnej gospodarki<\/li>\n<li class=\"g-bullet\">Aktywizacja zawodowa pracownik\u00f3w Ma\u0142opolski szans\u0105 na europejskim rynku pracy<\/li>\n<li class=\"g-bullet\">Aktywizacja zawodowa pracuj\u0105cych mieszka\u0144c\u00f3w ma\u0142ych miejscowo\u015bci szansa na ma\u0142opolskim rynku pracy<\/li>\n<li class=\"g-bullet\">Aktywizacja zawodowa pracownik\u00f3w Podkarpacia szansa na europejskim rynku pracy<\/li>\n<\/ul>","protected":false},"excerpt":{"rendered":"<p>Wyr\u00f3wnywanie szans uczni\u00f3w wiejskich gimnazj\u00f3w Opolszczyzny Podnoszenie kompetencji ICT mieszka\u0144c\u00f3w ma\u0142ych miejscowo\u015bci Wielkopolski Wyr\u00f3wnywanie szans gimnazjalist\u00f3w ma\u0142ych miejscowo\u015bci Opolszczyzny Podnoszenie kompetencji ICT mieszka\u0144c\u00f3w ma\u0142ych miejscowo\u015bci Ma\u0142opolski Podnoszenie kwalifikacji j\u0119zykowych mieszka\u0144c\u00f3w ma\u0142ych miejscowo\u015bci wojew\u00f3dztwa opolskiego Podnoszenie kompetencji ICT mieszka\u0144c\u00f3w ma\u0142ych miejscowo\u015bci wojew\u00f3dztwa podkarpackiego Wyr\u00f3wnywanie szans uczni\u00f3w wiejskich gimnazj\u00f3w gmin G\u00f3zd, Grab\u00f3w n\/Pilic\u0105, Przytyk i Kowala Wyr\u00f3wnywanie [&hellip;]<\/p>","protected":false},"author":5,"featured_media":0,"parent":62,"menu_order":0,"comment_status":"closed","ping_status":"closed","template":"","meta":{"footnotes":""},"class_list":["post-799","page","type-page","status-publish","hentry"],"yoast_head":"<!-- This site is optimized with the Yoast SEO plugin v14.9 - https:\/\/yoast.com\/wordpress\/plugins\/seo\/ -->\n<title>Norton - PO KL. Program Operacyjny Kapita\u0142 Ludzki - Szkolenia z dofinansowaniem 80% i Projekty UE<\/title>\n<meta name=\"description\" content=\"Centrum Szkoleniowe Norton organizuje szkolenia z dofinansowaniem do 80% (j\u0119zykowe, managerskie i inne) projekty unijne i warsztaty dla firm i instutycji.\" \/>\n<meta name=\"robots\" content=\"index, follow, max-snippet:-1, max-image-preview:large, max-video-preview:-1\" \/>\n<link rel=\"canonical\" href=\"https:\/\/norton.edu.pl\/uk\/projekty-ue\/po-kl-program-operacyjny-kapital-ludzki\/\" \/>\n<meta property=\"og:locale\" content=\"uk_UA\" \/>\n<meta property=\"og:type\" content=\"article\" \/>\n<meta property=\"og:title\" content=\"Norton - PO KL. Program Operacyjny Kapita\u0142 Ludzki - Szkolenia z dofinansowaniem 80% i Projekty UE\" \/>\n<meta property=\"og:description\" content=\"Centrum Szkoleniowe Norton organizuje szkolenia z dofinansowaniem do 80% (j\u0119zykowe, managerskie i inne) projekty unijne i warsztaty dla firm i instutycji.\" \/>\n<meta property=\"og:url\" content=\"https:\/\/norton.edu.pl\/uk\/projekty-ue\/po-kl-program-operacyjny-kapital-ludzki\/\" \/>\n<meta property=\"og:site_name\" content=\"Norton\" \/>\n<meta property=\"article:publisher\" content=\"https:\/\/www.facebook.com\/KursyNorton\" \/>\n<meta property=\"article:modified_time\" content=\"2020-06-18T07:57:59+00:00\" \/>\n<meta property=\"og:image\" content=\"https:\/\/norton.edu.pl\/wp-content\/uploads\/2020\/03\/work-from-home-online-shopping-learning-top-view-d-H34YNCN.jpg\" \/>\n<meta name=\"twitter:card\" content=\"summary_large_image\" \/>\n<script type=\"application\/ld+json\" class=\"yoast-schema-graph\">{\"@context\":\"https:\/\/schema.org\",\"@graph\":[{\"@type\":\"Organization\",\"@id\":\"https:\/\/norton.edu.pl\/uk\/#organization\",\"name\":\"Centrum Szkoleniowe Norton\",\"url\":\"https:\/\/norton.edu.pl\/uk\/\",\"sameAs\":[\"https:\/\/www.facebook.com\/KursyNorton\"],\"logo\":{\"@type\":\"ImageObject\",\"@id\":\"https:\/\/norton.edu.pl\/uk\/#logo\",\"inLanguage\":\"uk\",\"url\":\"https:\/\/norton.edu.pl\/wp-content\/uploads\/2020\/03\/logo.png\",\"width\":147,\"height\":53,\"caption\":\"Centrum Szkoleniowe Norton\"},\"image\":{\"@id\":\"https:\/\/norton.edu.pl\/uk\/#logo\"}},{\"@type\":\"WebSite\",\"@id\":\"https:\/\/norton.edu.pl\/uk\/#website\",\"url\":\"https:\/\/norton.edu.pl\/uk\/\",\"name\":\"Norton\",\"description\":\"\",\"publisher\":{\"@id\":\"https:\/\/norton.edu.pl\/uk\/#organization\"},\"potentialAction\":[{\"@type\":\"SearchAction\",\"target\":\"https:\/\/norton.edu.pl\/uk\/?s={search_term_string}\",\"query-input\":\"required name=search_term_string\"}],\"inLanguage\":\"uk\"},{\"@type\":\"ImageObject\",\"@id\":\"https:\/\/norton.edu.pl\/uk\/projekty-ue\/po-kl-program-operacyjny-kapital-ludzki\/#primaryimage\",\"inLanguage\":\"uk\",\"url\":\"https:\/\/norton.edu.pl\/wp-content\/uploads\/2020\/03\/work-from-home-online-shopping-learning-top-view-d-H34YNCN.jpg\",\"width\":1200,\"height\":700,\"caption\":\"zdj\\u0119cie otwartego laptopa, z lewej strony notatnik, z prawej kubek z kredkami i kubek z napojem\"},{\"@type\":\"WebPage\",\"@id\":\"https:\/\/norton.edu.pl\/uk\/projekty-ue\/po-kl-program-operacyjny-kapital-ludzki\/#webpage\",\"url\":\"https:\/\/norton.edu.pl\/uk\/projekty-ue\/po-kl-program-operacyjny-kapital-ludzki\/\",\"name\":\"Norton - PO KL. Program Operacyjny Kapita\\u0142 Ludzki - Szkolenia z dofinansowaniem 80% i Projekty UE\",\"isPartOf\":{\"@id\":\"https:\/\/norton.edu.pl\/uk\/#website\"},\"primaryImageOfPage\":{\"@id\":\"https:\/\/norton.edu.pl\/uk\/projekty-ue\/po-kl-program-operacyjny-kapital-ludzki\/#primaryimage\"},\"datePublished\":\"2020-06-18T07:56:44+00:00\",\"dateModified\":\"2020-06-18T07:57:59+00:00\",\"description\":\"Centrum Szkoleniowe Norton organizuje szkolenia z dofinansowaniem do 80% (j\\u0119zykowe, managerskie i inne) projekty unijne i warsztaty dla firm i instutycji.\",\"inLanguage\":\"uk\",\"potentialAction\":[{\"@type\":\"ReadAction\",\"target\":[\"https:\/\/norton.edu.pl\/uk\/projekty-ue\/po-kl-program-operacyjny-kapital-ludzki\/\"]}]}]}<\/script>\n<!-- \/ Yoast SEO plugin. -->","_links":{"self":[{"href":"https:\/\/norton.edu.pl\/uk\/wp-json\/wp\/v2\/pages\/799","targetHints":{"allow":["GET"]}}],"collection":[{"href":"https:\/\/norton.edu.pl\/uk\/wp-json\/wp\/v2\/pages"}],"about":[{"href":"https:\/\/norton.edu.pl\/uk\/wp-json\/wp\/v2\/types\/page"}],"author":[{"embeddable":true,"href":"https:\/\/norton.edu.pl\/uk\/wp-json\/wp\/v2\/users\/5"}],"replies":[{"embeddable":true,"href":"https:\/\/norton.edu.pl\/uk\/wp-json\/wp\/v2\/comments?post=799"}],"version-history":[{"count":4,"href":"https:\/\/norton.edu.pl\/uk\/wp-json\/wp\/v2\/pages\/799\/revisions"}],"predecessor-version":[{"id":803,"href":"https:\/\/norton.edu.pl\/uk\/wp-json\/wp\/v2\/pages\/799\/revisions\/803"}],"up":[{"embeddable":true,"href":"https:\/\/norton.edu.pl\/uk\/wp-json\/wp\/v2\/pages\/62"}],"wp:attachment":[{"href":"https:\/\/norton.edu.pl\/uk\/wp-json\/wp\/v2\/media?parent=799"}],"curies":[{"name":"wp","href":"https:\/\/api.w.org\/{rel}","templated":true}]}}