{"id":60,"date":"2020-03-13T14:41:04","date_gmt":"2020-03-13T13:41:04","guid":{"rendered":"http:\/\/localhost:8888\/norton\/?page_id=60"},"modified":"2020-06-18T14:28:30","modified_gmt":"2020-06-18T12:28:30","slug":"dofinansowania","status":"publish","type":"page","link":"https:\/\/norton.edu.pl\/uk\/dofinansowania\/","title":{"rendered":"\u0421\u0443\u0431\u0441\u0438\u0434\u0456\u0457"},"content":{"rendered":"<p><strong>\u0414\u043e\u043f\u043e\u043c\u0430\u0433\u0430\u0454\u043c\u043e \u043a\u043e\u043c\u043f\u0430\u043d\u0456\u044f\u043c \u0440\u043e\u0437\u0432\u0438\u0432\u0430\u0442\u0438\u0441\u044f \u0448\u0432\u0438\u0434\u0448\u0435<\/strong><\/p>\n<p>\u041d\u0430\u0432\u0456\u0442\u044c \u0434\u043e 80% \u0444\u0456\u043d\u0430\u043d\u0441\u0443\u0432\u0430\u043d\u043d\u044f \u043d\u0430 \u043d\u0430\u0432\u0447\u0430\u043d\u043d\u044f \u0434\u043b\u044f \u0442\u0435\u0431\u0435 \u0442\u0430 \u0442\u0432\u043e\u0457\u0445 \u043f\u0440\u0430\u0446\u0456\u0432\u043d\u0438\u043a\u0456\u0432! \u0411\u0435\u0437 \u0437\u0430\u0439\u0432\u043e\u0457 \u0431\u044e\u0440\u043e\u043a\u0440\u0430\u0442\u0456\u0457, \u0447\u0430\u0441\u043e\u0432\u0438\u0442\u0440\u0430\u0442\u043d\u043e\u0457 \u043e\u0440\u0433\u0430\u043d\u0456\u0437\u0430\u0446\u0456\u0457 \u0442\u0430 \u043a\u043e\u043d\u0442\u0440\u043e\u043b\u044e \u0437\u0430 \u0442\u0435\u0440\u043c\u0456\u043d\u0430\u043c\u0438. \u0423 Norton \u043c\u0438 \u0432\u0456\u0437\u044c\u043c\u0435\u043c\u043e \u0446\u0435 \u0432\u0441\u0435 \u043d\u0430 \u0441\u0435\u0431\u0435. \u0417\u0430\u0431\u0443\u0434\u044c \u043f\u0440\u043e \u0444\u043e\u0440\u043c\u0430\u043b\u044c\u043d\u043e\u0441\u0442\u0456 \u0442\u0430 \u0432\u0438\u0431\u0435\u0440\u0438 \u0440\u0456\u0448\u0435\u043d\u043d\u044f, \u0449\u043e \u0437\u0430\u043e\u0449\u0430\u0434\u0436\u0443\u0454 \u0442\u0432\u0456\u0439 \u0447\u0430\u0441 \u0442\u0430 \u0435\u043d\u0435\u0440\u0433\u0456\u044e. \u0417\u043e\u0441\u0435\u0440\u0435\u0434\u044c\u0441\u044f \u043d\u0430 \u0442\u043e\u043c\u0443, \u0449\u043e \u0432\u0430\u0436\u043b\u0438\u0432\u043e, \u0430 \u0440\u0435\u0448\u0442\u0443 \u0437\u0430\u043b\u0438\u0448 \u043d\u0430\u043c.<\/p>\n<p><strong>\u041c\u0438:<\/strong><\/p>\n<ul>\n<li>\u0437\u0430\u043b\u0443\u0447\u0430\u0454\u043c\u043e \u0441\u0443\u0431\u0441\u0438\u0434\u0456\u0457,<\/li>\n<li>\u0435\u043a\u043e\u043d\u043e\u043c\u0438\u043c\u043e \u0442\u0432\u0456\u0439 \u0447\u0430\u0441,<\/li>\n<li>\u043f\u0456\u0434\u0432\u0438\u0449\u0443\u0454\u043c\u043e \u043a\u043e\u043c\u043f\u0435\u0442\u0435\u043d\u0446\u0456\u0457 \u0442\u0432\u043e\u0457\u0445 \u043f\u0440\u0430\u0446\u0456\u0432\u043d\u0438\u043a\u0456\u0432.<\/li>\n<\/ul>\n<p><strong>\u0422\u0438:<\/strong><\/p>\n<ul>\n<li>\u0432\u0438\u0431\u0438\u0440\u0430\u0454\u0448 \u0442\u0435\u0440\u043c\u0456\u043d \u0442\u0430 \u0442\u0438\u043f \u043d\u0430\u0432\u0447\u0430\u043d\u043d\u044f,<\/li>\n<li>\u0440\u043e\u0437\u0432\u0438\u0432\u0430\u0454\u0448 \u043a\u043e\u043c\u0430\u043d\u0434\u0443 \u0431\u0435\u0437 \u0437\u0443\u0441\u0438\u043b\u044c.<\/li>\n<\/ul>","protected":false},"excerpt":{"rendered":"<p>Pomagamy firmom rozwija\u0107 si\u0119 szybciej Nawet do 80% dofinansowania na szkolenia dla Ciebie i Twoich pracownik\u00f3w! Bez \u017cmudnego wype\u0142niania wniosk\u00f3w, czasoch\u0142onnej organizacji i pilnowania termin\u00f3w. W Norton zajmiemy si\u0119 tym wszystkim za Ciebie. Zapomnij o formalno\u015bciach i wybierz rozwi\u0105zanie, kt\u00f3re oszcz\u0119dza Tw\u00f3j czas i energi\u0119. Skup si\u0119 na tym, co wa\u017cne, a reszt\u0119 pozostaw nam. [&hellip;]<\/p>","protected":false},"author":5,"featured_media":0,"parent":0,"menu_order":0,"comment_status":"closed","ping_status":"closed","template":"templates\/dofinansowania.php","meta":{"footnotes":""},"class_list":["post-60","page","type-page","status-publish","hentry"],"yoast_head":"<!-- This site is optimized with the Yoast SEO plugin v14.9 - https:\/\/yoast.com\/wordpress\/plugins\/seo\/ -->\n<title>Norton - Dofinansowania - Szkolenia z dofinansowaniem 80% i Projekty UE<\/title>\n<meta name=\"description\" content=\"Nawet do 80% dofinansowania na szkolenia dla Ciebie i Twoich pracownik\u00f3w! Bez \u017cmudnego wype\u0142niania wniosk\u00f3wi czasoch\u0142onnej organizacji.\" \/>\n<meta name=\"robots\" content=\"index, follow, max-snippet:-1, max-image-preview:large, max-video-preview:-1\" \/>\n<link rel=\"canonical\" href=\"https:\/\/norton.edu.pl\/uk\/dofinansowania\/\" \/>\n<meta property=\"og:locale\" content=\"uk_UA\" \/>\n<meta property=\"og:type\" content=\"article\" \/>\n<meta property=\"og:title\" content=\"Norton - Dofinansowania - Szkolenia z dofinansowaniem 80% i Projekty UE\" \/>\n<meta property=\"og:description\" content=\"Nawet do 80% dofinansowania na szkolenia dla Ciebie i Twoich pracownik\u00f3w! Bez \u017cmudnego wype\u0142niania wniosk\u00f3wi czasoch\u0142onnej organizacji.\" \/>\n<meta property=\"og:url\" content=\"https:\/\/norton.edu.pl\/uk\/dofinansowania\/\" \/>\n<meta property=\"og:site_name\" content=\"Norton\" \/>\n<meta property=\"article:publisher\" content=\"https:\/\/www.facebook.com\/KursyNorton\" \/>\n<meta property=\"article:modified_time\" content=\"2020-06-18T12:28:30+00:00\" \/>\n<meta property=\"og:image\" content=\"https:\/\/norton.edu.pl\/wp-content\/uploads\/2020\/05\/norton-szkolenia-dofinansowania.jpg\" \/>\n\t<meta property=\"og:image:width\" content=\"1152\" \/>\n\t<meta property=\"og:image:height\" content=\"767\" \/>\n<meta name=\"twitter:card\" content=\"summary_large_image\" \/>\n<script type=\"application\/ld+json\" class=\"yoast-schema-graph\">{\"@context\":\"https:\/\/schema.org\",\"@graph\":[{\"@type\":\"Organization\",\"@id\":\"https:\/\/norton.edu.pl\/uk\/#organization\",\"name\":\"Centrum Szkoleniowe Norton\",\"url\":\"https:\/\/norton.edu.pl\/uk\/\",\"sameAs\":[\"https:\/\/www.facebook.com\/KursyNorton\"],\"logo\":{\"@type\":\"ImageObject\",\"@id\":\"https:\/\/norton.edu.pl\/uk\/#logo\",\"inLanguage\":\"uk\",\"url\":\"https:\/\/norton.edu.pl\/wp-content\/uploads\/2020\/03\/logo.png\",\"width\":147,\"height\":53,\"caption\":\"Centrum Szkoleniowe Norton\"},\"image\":{\"@id\":\"https:\/\/norton.edu.pl\/uk\/#logo\"}},{\"@type\":\"WebSite\",\"@id\":\"https:\/\/norton.edu.pl\/uk\/#website\",\"url\":\"https:\/\/norton.edu.pl\/uk\/\",\"name\":\"Norton\",\"description\":\"\",\"publisher\":{\"@id\":\"https:\/\/norton.edu.pl\/uk\/#organization\"},\"potentialAction\":[{\"@type\":\"SearchAction\",\"target\":\"https:\/\/norton.edu.pl\/uk\/?s={search_term_string}\",\"query-input\":\"required name=search_term_string\"}],\"inLanguage\":\"uk\"},{\"@type\":\"WebPage\",\"@id\":\"https:\/\/norton.edu.pl\/uk\/dofinansowania\/#webpage\",\"url\":\"https:\/\/norton.edu.pl\/uk\/dofinansowania\/\",\"name\":\"Norton - Dofinansowania - Szkolenia z dofinansowaniem 80% i Projekty UE\",\"isPartOf\":{\"@id\":\"https:\/\/norton.edu.pl\/uk\/#website\"},\"datePublished\":\"2020-03-13T13:41:04+00:00\",\"dateModified\":\"2020-06-18T12:28:30+00:00\",\"description\":\"Nawet do 80% dofinansowania na szkolenia dla Ciebie i Twoich pracownik\\u00f3w! Bez \\u017cmudnego wype\\u0142niania wniosk\\u00f3wi czasoch\\u0142onnej organizacji.\",\"inLanguage\":\"uk\",\"potentialAction\":[{\"@type\":\"ReadAction\",\"target\":[\"https:\/\/norton.edu.pl\/uk\/dofinansowania\/\"]}]}]}<\/script>\n<!-- \/ Yoast SEO plugin. -->","_links":{"self":[{"href":"https:\/\/norton.edu.pl\/uk\/wp-json\/wp\/v2\/pages\/60","targetHints":{"allow":["GET"]}}],"collection":[{"href":"https:\/\/norton.edu.pl\/uk\/wp-json\/wp\/v2\/pages"}],"about":[{"href":"https:\/\/norton.edu.pl\/uk\/wp-json\/wp\/v2\/types\/page"}],"author":[{"embeddable":true,"href":"https:\/\/norton.edu.pl\/uk\/wp-json\/wp\/v2\/users\/5"}],"replies":[{"embeddable":true,"href":"https:\/\/norton.edu.pl\/uk\/wp-json\/wp\/v2\/comments?post=60"}],"version-history":[{"count":41,"href":"https:\/\/norton.edu.pl\/uk\/wp-json\/wp\/v2\/pages\/60\/revisions"}],"predecessor-version":[{"id":718,"href":"https:\/\/norton.edu.pl\/uk\/wp-json\/wp\/v2\/pages\/60\/revisions\/718"}],"wp:attachment":[{"href":"https:\/\/norton.edu.pl\/uk\/wp-json\/wp\/v2\/media?parent=60"}],"curies":[{"name":"wp","href":"https:\/\/api.w.org\/{rel}","templated":true}]}}