{"id":585,"date":"2020-04-09T12:27:30","date_gmt":"2020-04-09T10:27:30","guid":{"rendered":"https:\/\/norton.edu.pl\/?page_id=585"},"modified":"2022-11-22T21:57:37","modified_gmt":"2022-11-22T20:57:37","slug":"zasady-reklamacji","status":"publish","type":"page","link":"https:\/\/norton.edu.pl\/uk\/zasady-reklamacji\/","title":{"rendered":"\u041f\u0440\u0430\u0432\u0438\u043b\u0430 \u0440\u043e\u0437\u0433\u043b\u044f\u0434\u0443 \u0441\u043a\u0430\u0440\u0433"},"content":{"rendered":"<p><strong>PROCEDURA REKLAMACJI<\/strong><\/p>\n<p>1. Klient ma prawo do sk\u0142adania reklamacji us\u0142ugi szkoleniowej je\u015bli nie by\u0142a ona zgodna z ofert\u0105<br \/>\nlub zrealizowana by\u0142a niezgodnie z Umow\u0105 na realizacj\u0119 us\u0142ugi szkoleniowej w ci\u0105gu 10 dni od<br \/>\nzako\u0144czenia us\u0142ugi szkoleniowej. Reklamacja Klienta dotyczy\u0107 mo\u017ce ka\u017cdego obowi\u0105zku<br \/>\nna\u0142o\u017conego na Norton zgodnie z umow\u0105 na realizacj\u0119 us\u0142ugi szkoleniowej oraz ka\u017cdy obowi\u0105zek<br \/>\nwynikaj\u0105cy z dokument\u00f3w stanowi\u0105cych za\u0142\u0105czniki do Umowy na realizacje us\u0142ugi szkoleniowej.<\/p>\n<p>2. W przypadku szkolenia otwartego reklamacja zostanie uwzgl\u0119dniona wy\u0142\u0105cznie w przypadku,<br \/>\nje\u017celi uzyskana \u015brednia ocen z danej us\u0142ugi szkoleniowej jest ni\u017csza ni\u017c 3.5 pkt w skali punktowej<br \/>\nod 1 do 5.\u015arednia ocen zostanie policzona z ocen wszystkich uczestnik\u00f3w danego szkolenia, co<br \/>\npozwoli na jego obiektywn\u0105 ocen\u0119. Reklamacja nie zostanie uwzgl\u0119dniona je\u015bli \u015brednia ocen<br \/>\nb\u0119dzie wynosi\u0107 min. 3.5 pkt niezale\u017cnie od oceny osoby sk\u0142adaj\u0105cej reklamacj\u0119.<\/p>\n<p>3. W przypadku szkolenia zamkni\u0119tego, podstaw\u0105 do uwzgl\u0119dnienia reklamacji b\u0119dzie notatka z<br \/>\nanalizy potrzeb klienta, program szkolenia oraz ankieta oceny szkolenia. W sytuacji gdy cele<br \/>\nzamawiaj\u0105cego mog\u0105 zawa\u017cy\u0107 na ocenie szkolenia przez uczestnik\u00f3w, informacja taka powinna<br \/>\nzosta\u0107 sporz\u0105dzona w formie pisemnej przez prowadz\u0105cego przed szkoleniem i zaakceptowana<br \/>\nprzez zamawiaj\u0105cego co wyklucza mo\u017cliwo\u015b\u0107 p\u00f3\u017aniejszej reklamacji. Dotyczy to r\u00f3wnie\u017c<br \/>\nrekomendacji, kt\u00f3re nie zostan\u0105 uwzgl\u0119dnione przez Klienta (np. nieodpowiednia sala<br \/>\nszkoleniowa).<\/p>\n<p>4. Reklamacje us\u0142ug szkoleniowych nale\u017cy zg\u0142asza\u0107 w formie pisemnej listem poleconym, na adres<br \/>\nCentrum Szkoleniowe NORTON Piotr Robert Szmigiel, Krak\u00f3w 31-534, Al. p\u0142k. W\u0142adys\u0142awa<br \/>\nBeliny Pra\u017cmowskiego 59\/5 lub poczt\u0105 elektroniczn\u0105 na adres mailowy centrala@nortn.edu.pl.<br \/>\nFormularz reklamacji zamieszczono w za\u0142\u0105czniku<\/p>\n<p><a href=\"https:\/\/norton.edu.pl\/uk\/zasady-reklamacji\/formularz-reklamacyjny\/\">https:\/\/norton.edu.pl\/zasady-reklamacji\/formularz-reklamacyjny\/<\/a><\/p>\n<p>5. Reklamacja powinna zawiera\u0107 imi\u0119 i nazwisko zg\u0142aszaj\u0105cego, przedmiot reklamacji (nazwa<br \/>\nszkolenia, termin i miejsce realizacji), uzasadnienie merytoryczne i formalne, oraz oczekiwania<br \/>\nwobec instytucji szkoleniowej.<\/p>\n<p>6. Reklamacja jest rozpatrywana przez Organizatora szkolenia, kt\u00f3rym jest W\u0142a\u015bciciel firmy Piotr<br \/>\nRobert Szmigiel.<\/p>\n<p>7. Organizator szkolenia odpowie na zg\u0142oszenie reklamacyjne w terminie 10 dni od daty jego<br \/>\nwp\u0142yni\u0119cia, a decyzja zostanie przes\u0142ana w takiej samej formie jak zg\u0142oszona reklamacja.<\/p>\n<p>8. Organizator szkolenia zastrzega sobie prawo do pozostawienia reklamacji bez rozpatrzenia je\u015bli<br \/>\nzostanie ona z\u0142o\u017cona po terminie, o kt\u00f3rym mowa w pkt. 1<\/p>\n<p>9. Organizator ma prawo zwr\u00f3ci\u0107 si\u0119 do zg\u0142aszaj\u0105cego reklamacj\u0119 o dodatkowe pisemne<br \/>\nwyja\u015bnienia.<\/p>\n<p>10. W przypadku uznania reklamacji w ca\u0142o\u015bci lub cz\u0119\u015bciowo, Firma szkoleniowa zaproponuje jedn\u0105<br \/>\nz nast\u0119puj\u0105cych form rekompensaty.<\/p>\n<ul>\n<li>Realizacja dodatkowej uzupe\u0142niaj\u0105cej formy wsparcia<\/li>\n<li>Cz\u0119\u015bciowy zwrot koszt\u00f3w.<\/li>\n<li>Kary umowne (je\u015bli Umowa takie przewiduje)<\/li>\n<\/ul>","protected":false},"excerpt":{"rendered":"<p>PROCEDURA REKLAMACJI 1. Klient ma prawo do sk\u0142adania reklamacji us\u0142ugi szkoleniowej je\u015bli nie by\u0142a ona zgodna z ofert\u0105 lub zrealizowana by\u0142a niezgodnie z Umow\u0105 na realizacj\u0119 us\u0142ugi szkoleniowej w ci\u0105gu 10 dni od zako\u0144czenia us\u0142ugi szkoleniowej. Reklamacja Klienta dotyczy\u0107 mo\u017ce ka\u017cdego obowi\u0105zku na\u0142o\u017conego na Norton zgodnie z umow\u0105 na realizacj\u0119 us\u0142ugi szkoleniowej oraz ka\u017cdy obowi\u0105zek [&hellip;]<\/p>","protected":false},"author":5,"featured_media":0,"parent":0,"menu_order":0,"comment_status":"closed","ping_status":"closed","template":"","meta":{"footnotes":""},"class_list":["post-585","page","type-page","status-publish","hentry"],"yoast_head":"<!-- This site is optimized with the Yoast SEO plugin v14.9 - https:\/\/yoast.com\/wordpress\/plugins\/seo\/ -->\n<title>Norton - Zasady reklamacji - Szkolenia z dofinansowaniem 80% i Projekty UE<\/title>\n<meta name=\"description\" content=\"Centrum Szkoleniowe Norton organizuje szkolenia z dofinansowaniem do 80% (j\u0119zykowe, managerskie i inne) projekty unijne i warsztaty dla firm i instutycji.\" \/>\n<meta name=\"robots\" content=\"index, follow, max-snippet:-1, max-image-preview:large, max-video-preview:-1\" \/>\n<link rel=\"canonical\" href=\"https:\/\/norton.edu.pl\/uk\/zasady-reklamacji\/\" \/>\n<meta property=\"og:locale\" content=\"uk_UA\" \/>\n<meta property=\"og:type\" content=\"article\" \/>\n<meta property=\"og:title\" content=\"Norton - Zasady reklamacji - Szkolenia z dofinansowaniem 80% i Projekty UE\" \/>\n<meta property=\"og:description\" content=\"Centrum Szkoleniowe Norton organizuje szkolenia z dofinansowaniem do 80% (j\u0119zykowe, managerskie i inne) projekty unijne i warsztaty dla firm i instutycji.\" \/>\n<meta property=\"og:url\" content=\"https:\/\/norton.edu.pl\/uk\/zasady-reklamacji\/\" \/>\n<meta property=\"og:site_name\" content=\"Norton\" \/>\n<meta property=\"article:publisher\" content=\"https:\/\/www.facebook.com\/KursyNorton\" \/>\n<meta property=\"article:modified_time\" content=\"2022-11-22T20:57:37+00:00\" \/>\n<meta property=\"og:image\" content=\"https:\/\/norton.edu.pl\/wp-content\/uploads\/2020\/05\/norton-szkolenia-dofinansowania.jpg\" \/>\n\t<meta property=\"og:image:width\" content=\"1152\" \/>\n\t<meta property=\"og:image:height\" content=\"767\" \/>\n<meta name=\"twitter:card\" content=\"summary_large_image\" \/>\n<script type=\"application\/ld+json\" class=\"yoast-schema-graph\">{\"@context\":\"https:\/\/schema.org\",\"@graph\":[{\"@type\":\"Organization\",\"@id\":\"https:\/\/norton.edu.pl\/uk\/#organization\",\"name\":\"Centrum Szkoleniowe Norton\",\"url\":\"https:\/\/norton.edu.pl\/uk\/\",\"sameAs\":[\"https:\/\/www.facebook.com\/KursyNorton\"],\"logo\":{\"@type\":\"ImageObject\",\"@id\":\"https:\/\/norton.edu.pl\/uk\/#logo\",\"inLanguage\":\"uk\",\"url\":\"https:\/\/norton.edu.pl\/wp-content\/uploads\/2020\/03\/logo.png\",\"width\":147,\"height\":53,\"caption\":\"Centrum Szkoleniowe Norton\"},\"image\":{\"@id\":\"https:\/\/norton.edu.pl\/uk\/#logo\"}},{\"@type\":\"WebSite\",\"@id\":\"https:\/\/norton.edu.pl\/uk\/#website\",\"url\":\"https:\/\/norton.edu.pl\/uk\/\",\"name\":\"Norton\",\"description\":\"\",\"publisher\":{\"@id\":\"https:\/\/norton.edu.pl\/uk\/#organization\"},\"potentialAction\":[{\"@type\":\"SearchAction\",\"target\":\"https:\/\/norton.edu.pl\/uk\/?s={search_term_string}\",\"query-input\":\"required name=search_term_string\"}],\"inLanguage\":\"uk\"},{\"@type\":\"WebPage\",\"@id\":\"https:\/\/norton.edu.pl\/uk\/zasady-reklamacji\/#webpage\",\"url\":\"https:\/\/norton.edu.pl\/uk\/zasady-reklamacji\/\",\"name\":\"Norton - Zasady reklamacji - Szkolenia z dofinansowaniem 80% i Projekty UE\",\"isPartOf\":{\"@id\":\"https:\/\/norton.edu.pl\/uk\/#website\"},\"datePublished\":\"2020-04-09T10:27:30+00:00\",\"dateModified\":\"2022-11-22T20:57:37+00:00\",\"description\":\"Centrum Szkoleniowe Norton organizuje szkolenia z dofinansowaniem do 80% (j\\u0119zykowe, managerskie i inne) projekty unijne i warsztaty dla firm i instutycji.\",\"inLanguage\":\"uk\",\"potentialAction\":[{\"@type\":\"ReadAction\",\"target\":[\"https:\/\/norton.edu.pl\/uk\/zasady-reklamacji\/\"]}]}]}<\/script>\n<!-- \/ Yoast SEO plugin. -->","_links":{"self":[{"href":"https:\/\/norton.edu.pl\/uk\/wp-json\/wp\/v2\/pages\/585","targetHints":{"allow":["GET"]}}],"collection":[{"href":"https:\/\/norton.edu.pl\/uk\/wp-json\/wp\/v2\/pages"}],"about":[{"href":"https:\/\/norton.edu.pl\/uk\/wp-json\/wp\/v2\/types\/page"}],"author":[{"embeddable":true,"href":"https:\/\/norton.edu.pl\/uk\/wp-json\/wp\/v2\/users\/5"}],"replies":[{"embeddable":true,"href":"https:\/\/norton.edu.pl\/uk\/wp-json\/wp\/v2\/comments?post=585"}],"version-history":[{"count":5,"href":"https:\/\/norton.edu.pl\/uk\/wp-json\/wp\/v2\/pages\/585\/revisions"}],"predecessor-version":[{"id":1637,"href":"https:\/\/norton.edu.pl\/uk\/wp-json\/wp\/v2\/pages\/585\/revisions\/1637"}],"wp:attachment":[{"href":"https:\/\/norton.edu.pl\/uk\/wp-json\/wp\/v2\/media?parent=585"}],"curies":[{"name":"wp","href":"https:\/\/api.w.org\/{rel}","templated":true}]}}