{"id":583,"date":"2020-04-09T12:27:16","date_gmt":"2020-04-09T10:27:16","guid":{"rendered":"https:\/\/norton.edu.pl\/?page_id=583"},"modified":"2023-01-03T12:36:30","modified_gmt":"2023-01-03T11:36:30","slug":"regulamin","status":"publish","type":"page","link":"https:\/\/norton.edu.pl\/uk\/regulamin\/","title":{"rendered":"\u041f\u043e\u043b\u043e\u0436\u0435\u043d\u043d\u044f \u043f\u0440\u043e \u043d\u0430\u0432\u0447\u0430\u043d\u043d\u044f"},"content":{"rendered":"<p style=\"text-align: center;\"><strong>Regulamin \u015bwiadczenia us\u0142ug szkoleniowych, w tym us\u0142ug \u00a0\u015bwiadczonych drog\u0105 elektroniczn\u0105.<\/strong><\/p>\n<p><strong>\u00a0<\/strong><\/p>\n<p style=\"text-align: center;\"><strong>\u00a71<\/strong><\/p>\n<p style=\"text-align: center;\"><strong>Postanowienia \u00a0og\u00f3lne<\/strong><\/p>\n<ol>\n<li style=\"text-align: left;\">Niniejszy regulamin ( zwany dalej <strong>Regulaminem<\/strong>) okre\u015bla warunki \u015bwiadczenia us\u0142ug szkoleniowych w tym us\u0142ug \u015bwiadczonych drog\u0105 elektroniczn\u0105, warunki zawierania um\u00f3w oraz tryb post\u0119powania reklamacyjnego. Regulamin dotyczy zar\u00f3wno szkole\u0144 komercyjnych jak i dofinansowanych ze \u015brodk\u00f3w publicznych.<\/li>\n<li>Organizatorem us\u0142ug szkoleniowych jest<strong> Piotr Robert Szmigiel<\/strong>, prowadz\u0105cy dzia\u0142alno\u015b\u0107 gospodarcz\u0105 pod firm\u0105 <strong>Piotr Robert Szmigiel Centrum Szkoleniowe NORTON <\/strong>z siedzib\u0105 przy Alei p\u0142k. W\u0142adys\u0142awa Beliny-Pra\u017cmowskiego 59\/5, 31-534 Krak\u00f3w, NIP: 677-161-89-07, REGON: 357059726 ( zwany dalej <strong>Us\u0142ugodawc\u0105<\/strong>).<\/li>\n<li>Us\u0142ugodawca posiada wpis do Rejestru Instytucji Szkoleniowych pod numerem 2.12\/00103\/2019.<\/li>\n<\/ol>\n<p>&nbsp;<\/p>\n<p style=\"text-align: center;\"><strong>\u00a72<\/strong><\/p>\n<p style=\"text-align: center;\"><strong>\u00a0Definicje<\/strong><\/p>\n<ol>\n<li><strong>Szkolenie\u2013<\/strong>pozaszkolna forma kszta\u0142cenia adresowana do os\u00f3b doros\u0142ych, maj\u0105ca na celu uzyskanie, uzupe\u0142nienie lub podniesienie kompetencji lub kwalifikacji.<\/li>\n<li><strong>Szkolenia stacjonarne\u2013<\/strong>tradycyjna forma szkolenia, oparta na bezpo\u015brednim uczestnictwie Uczestnik\u00f3w w zaj\u0119ciach, w sali szkoleniowej w okre\u015blonych terminach.<\/li>\n<li><strong>Szkolenie zdalne &#8211; <\/strong>forma nauki i rozwoju realizowana na odleg\u0142o\u015b\u0107 za pomoc\u0105 po\u0142\u0105czenia internetowego, z wykorzystaniem urz\u0105dze\u0144 takich jak komputer, laptop, tablet, smartfon itp.<\/li>\n<li><strong>Szkolenie dofinansowane\u2013<\/strong>szkolenie dofinansowane z Europejskiego Funduszu spo\u0142ecznego (EFS) lub Krajowego Funduszu Spo\u0142ecznego ( KFS), realizowane w oparciu o odr\u0119bne regulaminy.<\/li>\n<li><strong>Narz\u0119dzie cyfrowe \u2013 <\/strong>narz\u0119dzia umo\u017cliwiaj\u0105ce nauk\u0119 na odleg\u0142o\u015b\u0107, np. platformy edukacyjne, aplikacje itp.<\/li>\n<li><strong>Us\u0142ugobiorca \u2013 <\/strong>osoba fizyczna, osoba prawna lub jednostka organizacyjna, kt\u00f3rej kodeks cywilny przyznaje osobowo\u015b\u0107 prawn\u0105, kieruj\u0105ca Uczestnika do udzia\u0142u w szkoleniu.<\/li>\n<li><strong>Uczestnik\u2013<\/strong>wyznaczona przez Us\u0142ugobiorc\u0119 pe\u0142noletnia osoba fizyczna uczestnicz\u0105ca w szkoleniu, przy czym w przypadku Us\u0142ugobiorcy b\u0119d\u0105cego osob\u0105 fizyczn\u0105 mo\u017ce on by\u0107 jednocze\u015bnie Uczestnikiem.<\/li>\n<li><strong>Umowa o \u015bwiadczenie us\u0142ug szkoleniowych \u2013 <\/strong>umowa cywilnoprawna, kt\u00f3rej przedmiotem jest realizacja zam\u00f3wionego szkolenia.<\/li>\n<li><strong>Materia\u0142y szkoleniowe\u2013<\/strong>materia\u0142y wspomagaj\u0105ce proces nauki.<\/li>\n<li><strong>Szkolenia otwarte \u2013 <\/strong>szkolenia dost\u0119pne dla ka\u017cdego potencjalnego Uczestnika<\/li>\n<li><strong>Szkolenia zamkni\u0119te- <\/strong>szkolenia dedykowane konkretnym firmom, instytucjom.<\/li>\n<li><strong>Ustawa-<\/strong> Ustawa o \u015bwiadczeniu us\u0142ug drog\u0105 elektroniczn\u0105 z dnia 18 lipca 2002r. ( Dz.U.2002r. Nr 144, poz. 1204)<\/li>\n<\/ol>\n<p>&nbsp;<\/p>\n<p style=\"text-align: center;\"><strong>\u00a73<\/strong><\/p>\n<p style=\"text-align: center;\"><strong>\u00a0Organizacja szkole\u0144 stacjonarnych<\/strong><\/p>\n<ol>\n<li style=\"list-style-type: none;\">\n<ol>\n<li style=\"list-style-type: none;\">\n<ol>\n<li style=\"list-style-type: none;\">\n<ol>\n<li style=\"list-style-type: none;\">\n<ol>\n<li style=\"list-style-type: none;\">\n<ol>\n<li style=\"list-style-type: none;\">\n<ol>\n<li style=\"list-style-type: none;\">\n<ol>\n<li style=\"list-style-type: none;\">\n<ol>\n<li style=\"list-style-type: none;\">\n<ol>\n<li style=\"list-style-type: none;\">\n<ol>\n<li style=\"list-style-type: none;\">\n<ol>\n<li>Us\u0142ugodawca prowadzi kursy i szkolenia dla uczestnik\u00f3w indywidualnych oraz instytucjonalnych na zasadach komercyjnych oraz wsp\u00f3\u0142finansowane ze \u015brodk\u00f3w publicznych.<\/li>\n<li>Kursy i szkolenia prowadzone s\u0105\u00a0 na podstawie odr\u0119bnych program\u00f3w nauczania. W przypadku szkole\u0144 j\u0119zykowych,\u00a0 programy\u00a0 s\u0105 zgodne z Europejskim Systemem Opisu Kszta\u0142cenia J\u0119zykowego (Common European Framework of Reference for Languages &#8211; CEFR).\u00a0 Szkolenia pozosta\u0142e\u00a0 realizowane s\u0105 w oparciu o materia\u0142y autorskie trener\u00f3w\/wyk\u0142adowc\u00f3w prowadz\u0105cych zaj\u0119cia.<\/li>\n<li>W przypadku szkole\u0144 stacjonarnych Us\u0142ugodawca zapewnia odpowiednio przystosowane pomieszczenia do przeprowadzenia szkolenia. Sale ka\u017cdorazowo\u00a0\u00a0 dostosowane s\u0105 do liczby uczestnik\u00f3w i spe\u0142niaj\u0105 warunki zapewniaj\u0105ce komfort pracy oraz bezpiecze\u0144stwo Uczestnik\u00f3w.<\/li>\n<li>Szkolenia prowadzone s\u0105 zgodnie z ustalonymi harmonogramami\u00a0 dostosowanymi do mo\u017cliwo\u015bci i potrzeb Us\u0142ugobiorcy.<\/li>\n<li>W przypadku odwo\u0142ania zaj\u0119\u0107 z przyczyn losowych,\u00a0 Us\u0142ugodawca zapewnia realizacj\u0119 planowanych godzin szkoleniowych w innym terminie, uzgodnionym z Us\u0142ugobiorc\u0105.<\/li>\n<li>Us\u0142ugodawca zapewnia kadr\u0119\u00a0 szkoleniow\u0105\u00a0 posiadaj\u0105c\u0105 do\u015bwiadczenie zawodowe lub wykszta\u0142cenie odpowiednie do zakresu tematycznego prowadzonych szkole\u0144.<\/li>\n<li>W przypadku konieczno\u015bci zmiany prowadz\u0105cego, Us\u0142ugodawca zapewnia w zast\u0119pstwie trenera posiadaj\u0105cego co najmniej takie same kwalifikacje i do\u015bwiadczenie zawodowe.<\/li>\n<li>Zaj\u0119cia organizowane si\u0119 w ramach szkole\u0144 :\n<ul>\n<li>a) otwartych \u2013 dost\u0119pnych dla Uczestnik\u00f3w indywidualnych<\/li>\n<li>b) zamkni\u0119tych \u2013 tworzonych na potrzeby Uczestnik\u00f3w instytucjonalnych<\/li>\n<\/ul>\n<\/li>\n<li>Szkolenia dofinansowane z funduszy europejskich w\u00a0 ramach Europejskiego Funduszu\u00a0\u00a0 Spo\u0142ecznego, realizowane s\u0105\u00a0 na podstawie obowi\u0105zuj\u0105cych odr\u0119bnych dokument\u00f3w, szczeg\u00f3\u0142owo reguluj\u0105cych zasady realizacji projekt\u00f3w szkoleniowych.<\/li>\n<li>W ramach realizacji szkole\u0144 Us\u0142ugodawca podejmuje ni\u017cej wskazane dzia\u0142ania:\n<ul>\n<li>a) analiza potrzeb i oczekiwa\u0144 Us\u0142ugobiorcy<\/li>\n<li>b) przygotowanie programu szkolenia &#8211; okre\u015blenie zakresu szkolenia, szczeg\u00f3\u0142owego harmonogramu, cel\u00f3w i efekt\u00f3w szkolenia, metod adekwatnych do rodzaju szkolenia i specyfiki grupy docelowej oraz gwarantuj\u0105cej dobry efekt wdro\u017ceniowy.<\/li>\n<li>c) przeprowadzenie zaj\u0119\u0107 zgodnie z ustalonym programem i przyj\u0119tym harmonogramem.<\/li>\n<li>d) udost\u0119pnienia materia\u0142\u00f3w szkoleniowych. Wszystkie materia\u0142y przekazywane Uczestnikom respektuj\u0105 prawa autorskie, zawieraj\u0105 podsumowanie tre\u015bci szkolenia i odwo\u0142ania do \u017ar\u00f3de\u0142 wiedzy, na kt\u00f3rych bazuj\u0105.<\/li>\n<li>e) przeprowadzenie oceny szkolenia pod k\u0105tem za\u0142o\u017conych cel\u00f3w i rezultat\u00f3w.<\/li>\n<li>f) wystawienia certyfikat\u00f3w, b\u0105d\u017a za\u015bwiadcze\u0144 potwierdzaj\u0105cych uczestnictwo w szkoleniu.<\/li>\n<li>g) przygotowanie raportu ko\u0144cowego i udost\u0119pnienie go na \u017cyczenie Us\u0142ugobiorcy.<\/li>\n<\/ul>\n<p style=\"text-align: center;\"><strong>\u00a74\u00a0<\/strong><\/p>\n<p style=\"text-align: center;\"><strong>Organizacja szkole\u0144 \u015bwiadczonych drog\u0105 elektroniczn\u0105<\/strong><\/p>\n<ol>\n<li style=\"list-style-type: none;\">\n<ol>\n<li style=\"list-style-type: none;\">\n<ol>\n<li style=\"list-style-type: none;\">\n<ol>\n<li style=\"list-style-type: none;\">\n<ol>\n<li style=\"list-style-type: none;\">\n<ol>\n<li style=\"list-style-type: none;\">\n<ol>\n<li>Us\u0142ugodawca realizuje szkolenia zdalne w oparciu o postanowienia Ustawy z dnia 18 lipca 2002r. (Dz.U.2002r Nr. 144 poz.1204 z zm.). Poni\u017csze zapisy okre\u015blaj\u0105 w szczeg\u00f3lno\u015bci warunki \u015bwiadczenia tych us\u0142ug, w tym wymagania techniczne oraz zakazy dostarczania tre\u015bci bezprawnych oraz informacje o szczeg\u00f3lnych zagro\u017ceniach.<\/li>\n<li>Warunki techniczne.\n<ul>\n<li style=\"list-style-type: none;\">\n<ul>\n<li>a) wymagania systemowe<\/li>\n<li>Warunkiem korzystania ze szkole\u0144 zdalnych jest posiadanie komputera\/laptopa\/tabletu\/smartfona z kamer\u0105 i mikrofonem, z dost\u0119pem do internetu i przegl\u0105darki internetowej (np.Internet Explorer, Google Chrome, Mozilla FireFox, Microsoft Edge. Minimalna 2Mb\/s\/128 kb\/s; zalecana 4Mb\/s\/512kb\/s).<\/li>\n<li>b) obs\u0142ugiwane systemy operacyjne (do wyboru)<\/li>\n<li style=\"text-align: left;\">macOS X with macOS 10.7 or later<\/li>\n<li style=\"text-align: left;\">Windows 10<\/li>\n<li style=\"text-align: left;\">Windows 8 or 8.1<\/li>\n<li style=\"text-align: left;\">Windows 7<\/li>\n<li style=\"text-align: left;\">Windows Vista with SP1 or later<\/li>\n<li style=\"text-align: left;\">Windows XP with SP3 or later<\/li>\n<li style=\"text-align: left;\">Ubuntu 12.04 or higher<\/li>\n<li style=\"text-align: left;\">Mint 17.1 or higher<\/li>\n<li style=\"text-align: left;\">Red Hat Enterprise Linux 6.4 or higher<\/li>\n<li style=\"text-align: left;\">Oracle Linux 6.4 or higher<\/li>\n<li style=\"text-align: left;\">CentOS 6.4 or higher<\/li>\n<li style=\"text-align: left;\">Fedora 21 or higher<\/li>\n<li style=\"text-align: left;\">OpenSUSE 13.2 or higher<\/li>\n<li style=\"text-align: left;\">ArchLinux (64-bit only)<\/li>\n<li style=\"text-align: left;\">c) obs\u0142ugiwane tablety i urz\u0105dzenia mobilne<\/li>\n<li style=\"text-align: left;\">Surface PRO 2 running Win 8.1<\/li>\n<li style=\"text-align: left;\">Surface PRO 3 running Win 10<\/li>\n<li style=\"text-align: left;\">iOS and Android devices<\/li>\n<li style=\"text-align: left;\">Blackberry devices<\/li>\n<li style=\"text-align: left;\">d) ka\u017cdy Uczestnik powinien posiada\u0107 aktywne konto mailowe.<\/li>\n<li style=\"text-align: left;\">e) dok\u0142adne wymagania techniczne wraz z instrukcj\u0105 logowania b\u0119d\u0105 przekazywane Uczestnikowi poczt\u0105 elektroniczn\u0105 przed rozpocz\u0119ciem konkretnego szkolenia.<\/li>\n<\/ul>\n<\/li>\n<\/ul>\n<p>3. Us\u0142ugobiorc\u0119 w ramach korzystania z us\u0142ug obowi\u0105zuje zakaz dostarczania tre\u015bci o charakterze bezprawnym np. tre\u015bci naruszaj\u0105cych prawa os\u00f3b trzecich, sprzecznych z dobrymi obyczajami i normami spo\u0142ecznymi, niniejszym Regulaminem i powszechnie obowi\u0105zuj\u0105cymi przepisami prawa.<\/li>\n<\/ol>\n<\/li>\n<\/ol>\n<\/li>\n<\/ol>\n<p>4. Us\u0142ugobiorca przyjmuje do wiadomo\u015bci fakt o szczeg\u00f3lnych zagro\u017ceniach us\u0142ug \u015bwiadczonych drog\u0105 elektroniczn\u0105. Dokumentami pomocnymi w zdiagnozowaniu zagro\u017ce\u0144 o kt\u00f3rych mowa s\u0105 odpowiednio:<\/p>\n<ul>\n<li>a) dyrektywa 98\/84\/WE Parlamentu Europejskiego i Rady z dnia 20 listopada 1998 r. w sprawie prawnej ochrony us\u0142ug opartych lub polegaj\u0105cych na warunkowym dost\u0119pie (Dz. Urz. UE L 320 z 28.11.1998);<\/li>\n<li>b) opinia Europejskiego Komitetu Ekonomiczno-Spo\u0142ecznego dotycz\u0105ca komunikatu Komisji do Rady, Parlamentu Europejskiego, Europejskiego Komitetu Ekonomiczno-Spo\u0142ecznego i Komitetu Region\u00f3w w sprawie &#8222;Bezpiecze\u0144stwo sieci i bezpiecze\u0144stwo informacji: propozycja strategicznego podej\u015bcia europejskiego&#8221; (Dz. Urz. UE C 48 z 21.02.2002, s. 33); komunikat Komisji do Rady, Parlamentu Europejskiego, Europejskiego Komitetu Ekonomiczno-Spo\u0142ecznego i Komitetu Region\u00f3w: &#8222;Strategia na rzecz bezpiecznego spo\u0142ecze\u0144stwa informacyjnego &#8211; Dialog, partnerstwo i przejmowanie inicjatywy&#8221; (SEC(2006) 656 z 31.05.2006, KOM(2006) 251 wersja ostateczna);<\/li>\n<li>c) opinia Europejskiego Komitetu Ekonomiczno-Spo\u0142ecznego w sprawie komunikatu Komisji do Rady, Parlamentu Europejskiego, Europejskiego Komitetu Ekonomiczno-Spo\u0142ecznego i Komitetu Region\u00f3w: &#8222;Strategia na rzecz bezpiecznego spo\u0142ecze\u0144stwa informacyjnego &#8211; Dialog, partnerstwo i przejmowanie inicjatywy&#8221; (COM(2006) 251 wersja ostateczna, Dz. Urz. UE 2007\/C 97\/09 z 28.04.2007);<\/li>\n<li>d) strategia na rzecz bezpiecznego spo\u0142ecze\u0144stwa informacyjnego (por. i2010: Strategia na rzecz bezpiecznego spo\u0142ecze\u0144stwa informacyjnego, DG, Spo\u0142ecze\u0144stwo informacyjne i media &#8222;Factsheet 8&#8221;, czerwiec 2006 r.,<\/li>\n<\/ul>\n<\/li>\n<\/ol>\n<\/li>\n<\/ol>\n<p><a href=\"http:\/\/ec.europa.eu\/information_society\/doc\/factsheets\/001-dg-glance.it.pdf\">http:\/\/ec.europa.eu\/information_society\/doc\/factsheets\/001-dg-glance.it.pdf<\/a>)<\/p>\n<p>5. Dodatkowo do organizacji zaj\u0119\u0107 zdalnych stosuj\u0105 si\u0119 zapisy \u00a73 z wy\u0142\u0105czeniem pkt.3.<\/p>\n<p style=\"text-align: center;\"><strong>\u00a75<\/strong><\/p>\n<p style=\"text-align: center;\"><strong>Organizacja szkole\u0144 dofinansowanych<\/strong><\/p>\n<p>1. Organizacja i realizacja szkole\u0144 dofinansowanych odbywa si\u0119 w oparciu o odr\u0119bne regulaminy.<\/p>\n<p style=\"text-align: center;\"><strong>\u00a0<\/strong><strong>\u00a76<\/strong><\/p>\n<p style=\"text-align: center;\"><strong>Ocena osi\u0105gni\u0119tych efekt\u00f3w szkolenia<\/strong><\/p>\n<p>1. Ocena efekt\u00f3w uczenia si\u0119 Uczestnik\u00f3w szkole\u0144 dokonywana jest na bie\u017c\u0105co, za pomoc\u0105:<\/p>\n<ul>\n<li>a) oceny s\u0142ownej dokonywanej przez prowadz\u0105cego dan\u0105 grup\u0119\/danego kursanta indywidualnego<\/li>\n<li>b) oceny prac pisemnych i wypowiedzi ustnych, dokonywanej przez prowadz\u0105cego poprzez udzielanie wskaz\u00f3wek do pracy naprawczej lub dalszej pracy.<\/li>\n<li>c) test\u00f3w lub zada\u0144 i \u0107wicze\u0144 w zale\u017cno\u015bci od rodzaju szkolenia.<\/li>\n<\/ul>\n<\/li>\n<\/ol>\n<\/li>\n<\/ol>\n<p>2. Po zako\u0144czeniu szkoleniu efekty szkolenia weryfikuje si\u0119 za pomoc\u0105 test\u00f3w ko\u0144cowych b\u0105d\u017a w innej formie umo\u017cliwiaj\u0105cej weryfikacj\u0119 za\u0142o\u017conych cel\u00f3w i efekt\u00f3w, w zale\u017cno\u015bci od rodzaju szkolenia.<\/li>\n<\/ol>\n<\/li>\n<\/ol>\n<p>3. Na zako\u0144czenie szkolenia Uczestnicy otrzymuj\u0105 stosowne za\u015bwiadczenia. W przypadku szkole\u0144 j\u0119zykowych\u00a0 ko\u0144cz\u0105cych si\u0119 egzaminem Uczestnik otrzymuje zewn\u0119trzny certyfikat, lub\u00a0 w przypadku niezaliczenia egzaminu na wymagan\u0105 minimaln\u0105 ilo\u015b\u0107 punkt\u00f3w, informacj\u0119 o\u00a0 uzyskanym wyniku.<\/li>\n<\/ol>\n<\/li>\n<\/ol>\n<p>4. Uczestnik otrzymuje za\u015bwiadczenie o uko\u0144czeniu szkolenia i osi\u0105gni\u0119ciu efekt\u00f3w szkolenia pod warunkiem realizacji zaj\u0119\u0107 przynajmniej na poziomie 80%. W przypadku szkole\u0144 dofinansowanych kwestie te s\u0105 regulowane odr\u0119bnymi regulaminami.<\/li>\n<\/ol>\n<\/li>\n<\/ol>\n<p>5. Us\u0142ugodawca dopuszcza mo\u017cliwo\u015b\u0107 weryfikacji uzyskanych efekt\u00f3w uczenia si\u0119 w przypadku szkole\u0144 nie osi\u0105gaj\u0105cych 80% poziomu realizacji oraz wydanie stosownego za\u015bwiadczenia, je\u017celi szkolenie zosta\u0142o zako\u0144czone z powodu nieprzewidzianych, zewn\u0119trznych okoliczno\u015bci, niezale\u017cnych zar\u00f3wno od Us\u0142ugodawcy jak i Uczestnik\u00f3w szkolenia.<\/li>\n<\/ol>\n<\/li>\n<\/ol>\n<p style=\"text-align: center;\"><strong>\u00a77<\/strong><\/p>\n<p style=\"text-align: center;\"><strong>Warunki zawierania Umowy<\/strong><\/p>\n<p>1. Umowa zostaje zawarta po zaakceptowaniu przez potencjalnego Uczestnika oferty szkolenia wraz z Regulaminem.<br \/>\n2. Us\u0142ugodawcy za przeprowadzenie szkolenia przys\u0142uguje ustalone wynagrodzenie.<br \/>\n3. Wynagrodzenie za szkolenia nie obejmuje koszt\u00f3w zakwaterowania, dojazdu oraz cateringu w przypadku szkole\u0144 stacjonarnych, chyba \u017ce zostan\u0105 poczynione inne ustalenia.<br \/>\n4. Wynagrodzenie nale\u017cy uregulowa\u0107 zgodnie z wystawion\u0105 przez Us\u0142ugodawc\u0119 faktur\u0105\/ rachunkiem<br \/>\n5. W przypadku szkole\u0144 dofinansowanych rozliczenie odbywa si\u0119 na zasadach przedstawionych w odr\u0119bnych regulaminach.<\/p>\n<p style=\"text-align: center;\"><strong>\u00a78<\/strong><\/p>\n<p style=\"text-align: center;\"><strong>\u00a0Zobowi\u0105zania Stron<\/strong><\/p>\n<p>1. Do obowi\u0105zk\u00f3w Us\u0142ugodawcy nale\u017cy:<\/p>\n<ol>\n<li style=\"list-style-type: none;\">\n<ol>\n<li style=\"list-style-type: none;\">\n<ul>\n<li>a)\u00a0organizacja szkolenia zgodnie z ustaleniami<\/li>\n<li>b)\u00a0realizacja szkolenia zgodnie z zasadami przedstawionymi w niniejszym Regulaminie<\/li>\n<li>c)\u00a0zapewnienie kadry merytorycznej posiadaj\u0105cej kwalifikacje i do\u015bwiadczenie zawodowe odpowiednie do zakresu\u00a0 tematycznego prowadzonych szkole\u0144<\/li>\n<\/ul>\n<\/li>\n<\/ol>\n<\/li>\n<\/ol>\n<p>2. Do obowi\u0105zk\u00f3w Uczestnika nale\u017cy:<\/p>\n<ol>\n<li style=\"list-style-type: none;\">\n<ol>\n<li style=\"list-style-type: none;\">\n<ul>\n<li>a)\u00a0uczestniczy\u0107 w szkoleniu zgodnie z poczynionymi ustaleniami oraz wymaganiami prowadz\u0105cego szkolenie.<\/li>\n<li>b)\u00a0przestrzega\u0107 zasad przedstawionych w niniejszym Regulaminie.<\/li>\n<li>c) uczestniczy\u0107 w szkoleniu przestrzegaj\u0105c og\u00f3lnie przyj\u0119tych norm zachowania.<\/li>\n<\/ul>\n<\/li>\n<\/ol>\n<\/li>\n<\/ol>\n<p>3. Us\u0142ugodawca zastrzega sobie prawo zmiany terminu szkolenia, jak r\u00f3wnie\u017c prowadz\u0105cego w przypadku sytuacji losowych lub niezale\u017cnych od Us\u0142ugodawcy z jednoczesnym obowi\u0105zkiem realizacji szkolenia w innym terminie wraz zapewnieniem innego prowadz\u0105cego posiadaj\u0105cego przynajmniej takie same kwalifikacje i do\u015bwiadczenie.<\/li>\n<\/ol>\n<\/li>\n<\/ol>\n<p>4. W przypadku szkole\u0144 zdalnych z dofinansowaniem Us\u0142ugodawca informuje o konieczno\u015bci nagrywania ca\u0142o\u015bci szkolenia w celach monitoringu i kontroli ze strony instytucji finansuj\u0105cej szkolenie. Przed konkretnym szkoleniem Uczestnik otrzyma drog\u0105 mailow\u0105 stosowne informacje oraz wymagane zgody do akceptacji.<br \/>\n5. Uczestnik ma prawo do rezygnacji ze szkolenia na zasadach okre\u015blonych ka\u017cdorazowo w Umowie o \u015bwiadczenie us\u0142ug szkoleniowych.<\/p>\n<p style=\"text-align: center;\"><strong>\u00a79<\/strong><\/p>\n<p style=\"text-align: center;\"><strong>W\u0142asno\u015b\u0107 intelektualna i prawa autorskie<\/strong><\/p>\n<p>1. Us\u0142ugodawca przestrzega przepis\u00f3w prawa powszechnie obowi\u0105zuj\u0105cego, w tym ustawy z dnia 4 lutego 1994 roku o prawach autorskich i prawach pokrewnych, w szczeg\u00f3lno\u015bci poprzez podawanie \u017ar\u00f3de\u0142 wszelkich materia\u0142\u00f3w wykorzystywanych podczas prowadzenia szkole\u0144.<br \/>\n2. Us\u0142ugobiorca oraz Uczestnik nie s\u0105 uprawnieni do rejestracji szkolenia bez pisemnej zgody Us\u0142ugodawcy.<\/p>\n<p style=\"text-align: center;\"><strong>\u00a710<\/strong><\/p>\n<p style=\"text-align: center;\"><strong>Rozwi\u0105zanie Umowy<\/strong><\/p>\n<p>1. Warunki rozwi\u0105zanie umowy okre\u015bla ka\u017cdorazowo umowa z Us\u0142ugobiorc\u0105.<\/p>\n<p style=\"text-align: center;\"><strong>\u00a711<\/strong><\/p>\n<p style=\"text-align: center;\"><strong>Postanowienia ko\u0144cowe<\/strong><\/p>\n<p>1. Niniejszy Regulamin ma zastosowanie wy\u0142\u0105cznie do przedsi\u0119biorc\u00f3w, korzystaj\u0105cych z us\u0142ug szkoleniowych w zwi\u0105zku z prowadzon\u0105 dzia\u0142alno\u015bci\u0105 gospodarcz\u0105 i niemaj\u0105cych statusu konsument\u00f3w w rozumieniu ustawy o prawach konsumenta.<br \/>\n2. Us\u0142ugodawca zastrzega sobie prawo do zmiany niniejszego Regulaminu w dowolnym terminie. Regulamin po zmianie ka\u017cdorazowo zostanie zamieszczony na stronie.<br \/>\n3. Umowy zawarte przed publikacj\u0105 niniejszego Regulaminu s\u0105 realizowane na zasadach okre\u015blonych w dniu podpisania Umowy.<br \/>\n4. Zasady przetwarzania i ochrony danych osobowych okre\u015bla Polityka Prywatno\u015bci zamieszczona na stronie.<\/li>\n<li style=\"list-style-type: none;\">5. Regulamin wchodzi w \u017cycie z dniem <strong>03 stycznia 2023r<\/strong>.<\/li>\n<\/ol>\n<\/li>\n<\/ol>","protected":false},"excerpt":{"rendered":"<p>Regulamin \u015bwiadczenia us\u0142ug szkoleniowych, w tym us\u0142ug \u00a0\u015bwiadczonych drog\u0105 elektroniczn\u0105. \u00a0 \u00a71 Postanowienia \u00a0og\u00f3lne Niniejszy regulamin ( zwany dalej Regulaminem) okre\u015bla warunki \u015bwiadczenia us\u0142ug szkoleniowych w tym us\u0142ug \u015bwiadczonych drog\u0105 elektroniczn\u0105, warunki zawierania um\u00f3w oraz tryb post\u0119powania reklamacyjnego. Regulamin dotyczy zar\u00f3wno szkole\u0144 komercyjnych jak i dofinansowanych ze \u015brodk\u00f3w publicznych. Organizatorem us\u0142ug szkoleniowych jest Piotr Robert [&hellip;]<\/p>","protected":false},"author":5,"featured_media":0,"parent":0,"menu_order":0,"comment_status":"closed","ping_status":"closed","template":"","meta":{"footnotes":""},"class_list":["post-583","page","type-page","status-publish","hentry"],"yoast_head":"<!-- This site is optimized with the Yoast SEO plugin v14.9 - https:\/\/yoast.com\/wordpress\/plugins\/seo\/ -->\n<title>Norton - Regulamin szkole\u0144 - Szkolenia z dofinansowaniem 80% i Projekty UE<\/title>\n<meta name=\"description\" content=\"Centrum Szkoleniowe Norton organizuje szkolenia z dofinansowaniem do 80% (j\u0119zykowe, managerskie i inne) projekty unijne i warsztaty dla firm i instutycji.\" \/>\n<meta name=\"robots\" content=\"index, follow, max-snippet:-1, max-image-preview:large, max-video-preview:-1\" \/>\n<link rel=\"canonical\" href=\"https:\/\/norton.edu.pl\/uk\/regulamin\/\" \/>\n<meta property=\"og:locale\" content=\"uk_UA\" \/>\n<meta property=\"og:type\" content=\"article\" \/>\n<meta property=\"og:title\" content=\"Norton - Regulamin szkole\u0144 - Szkolenia z dofinansowaniem 80% i Projekty UE\" \/>\n<meta property=\"og:description\" content=\"Centrum Szkoleniowe Norton organizuje szkolenia z dofinansowaniem do 80% (j\u0119zykowe, managerskie i inne) projekty unijne i warsztaty dla firm i instutycji.\" \/>\n<meta property=\"og:url\" content=\"https:\/\/norton.edu.pl\/uk\/regulamin\/\" \/>\n<meta property=\"og:site_name\" content=\"Norton\" \/>\n<meta property=\"article:publisher\" content=\"https:\/\/www.facebook.com\/KursyNorton\" \/>\n<meta property=\"article:modified_time\" content=\"2023-01-03T11:36:30+00:00\" \/>\n<meta property=\"og:image\" content=\"https:\/\/norton.edu.pl\/wp-content\/uploads\/2020\/05\/norton-szkolenia-dofinansowania.jpg\" \/>\n\t<meta property=\"og:image:width\" content=\"1152\" \/>\n\t<meta property=\"og:image:height\" content=\"767\" \/>\n<meta name=\"twitter:card\" content=\"summary_large_image\" \/>\n<script type=\"application\/ld+json\" class=\"yoast-schema-graph\">{\"@context\":\"https:\/\/schema.org\",\"@graph\":[{\"@type\":\"Organization\",\"@id\":\"https:\/\/norton.edu.pl\/uk\/#organization\",\"name\":\"Centrum Szkoleniowe Norton\",\"url\":\"https:\/\/norton.edu.pl\/uk\/\",\"sameAs\":[\"https:\/\/www.facebook.com\/KursyNorton\"],\"logo\":{\"@type\":\"ImageObject\",\"@id\":\"https:\/\/norton.edu.pl\/uk\/#logo\",\"inLanguage\":\"uk\",\"url\":\"https:\/\/norton.edu.pl\/wp-content\/uploads\/2020\/03\/logo.png\",\"width\":147,\"height\":53,\"caption\":\"Centrum Szkoleniowe Norton\"},\"image\":{\"@id\":\"https:\/\/norton.edu.pl\/uk\/#logo\"}},{\"@type\":\"WebSite\",\"@id\":\"https:\/\/norton.edu.pl\/uk\/#website\",\"url\":\"https:\/\/norton.edu.pl\/uk\/\",\"name\":\"Norton\",\"description\":\"\",\"publisher\":{\"@id\":\"https:\/\/norton.edu.pl\/uk\/#organization\"},\"potentialAction\":[{\"@type\":\"SearchAction\",\"target\":\"https:\/\/norton.edu.pl\/uk\/?s={search_term_string}\",\"query-input\":\"required name=search_term_string\"}],\"inLanguage\":\"uk\"},{\"@type\":\"WebPage\",\"@id\":\"https:\/\/norton.edu.pl\/uk\/regulamin\/#webpage\",\"url\":\"https:\/\/norton.edu.pl\/uk\/regulamin\/\",\"name\":\"Norton - Regulamin szkole\\u0144 - Szkolenia z dofinansowaniem 80% i Projekty UE\",\"isPartOf\":{\"@id\":\"https:\/\/norton.edu.pl\/uk\/#website\"},\"datePublished\":\"2020-04-09T10:27:16+00:00\",\"dateModified\":\"2023-01-03T11:36:30+00:00\",\"description\":\"Centrum Szkoleniowe Norton organizuje szkolenia z dofinansowaniem do 80% (j\\u0119zykowe, managerskie i inne) projekty unijne i warsztaty dla firm i instutycji.\",\"inLanguage\":\"uk\",\"potentialAction\":[{\"@type\":\"ReadAction\",\"target\":[\"https:\/\/norton.edu.pl\/uk\/regulamin\/\"]}]}]}<\/script>\n<!-- \/ Yoast SEO plugin. -->","_links":{"self":[{"href":"https:\/\/norton.edu.pl\/uk\/wp-json\/wp\/v2\/pages\/583","targetHints":{"allow":["GET"]}}],"collection":[{"href":"https:\/\/norton.edu.pl\/uk\/wp-json\/wp\/v2\/pages"}],"about":[{"href":"https:\/\/norton.edu.pl\/uk\/wp-json\/wp\/v2\/types\/page"}],"author":[{"embeddable":true,"href":"https:\/\/norton.edu.pl\/uk\/wp-json\/wp\/v2\/users\/5"}],"replies":[{"embeddable":true,"href":"https:\/\/norton.edu.pl\/uk\/wp-json\/wp\/v2\/comments?post=583"}],"version-history":[{"count":23,"href":"https:\/\/norton.edu.pl\/uk\/wp-json\/wp\/v2\/pages\/583\/revisions"}],"predecessor-version":[{"id":1652,"href":"https:\/\/norton.edu.pl\/uk\/wp-json\/wp\/v2\/pages\/583\/revisions\/1652"}],"wp:attachment":[{"href":"https:\/\/norton.edu.pl\/uk\/wp-json\/wp\/v2\/media?parent=583"}],"curies":[{"name":"wp","href":"https:\/\/api.w.org\/{rel}","templated":true}]}}