{"id":475,"date":"2020-04-03T15:31:13","date_gmt":"2020-04-03T13:31:13","guid":{"rendered":"http:\/\/localhost:8888\/norton\/?page_id=475"},"modified":"2020-06-17T10:38:04","modified_gmt":"2020-06-17T08:38:04","slug":"szkolenia-jezykowe","status":"publish","type":"page","link":"https:\/\/norton.edu.pl\/uk\/szkolenia-dla-firm-i-instytucji\/szkolenia-jezykowe\/","title":{"rendered":"\u041c\u043e\u0432\u043d\u0456 \u043a\u0443\u0440\u0441\u0438 \u0442\u0430 \u0456\u0441\u043f\u0438\u0442\u0438"},"content":{"rendered":"<ul>\n<li>\u0417\u0430\u0433\u0430\u043b\u044c\u043d\u0430 \u0430\u043d\u0433\u043b\u0456\u0439\u0441\u044c\u043a\u0430 \u043c\u043e\u0432\u0430 \u2013 \u0432\u0441\u0456 \u0440\u0456\u0432\u043d\u0456<\/li>\n<li>\u0421\u043f\u0435\u0446\u0456\u0430\u043b\u0456\u0437\u043e\u0432\u0430\u043d\u0430 \u0430\u043d\u0433\u043b\u0456\u0439\u0441\u044c\u043a\u0430 \u043c\u043e\u0432\u0430 \u2013 \u0432\u0441\u0456 \u0440\u0456\u0432\u043d\u0456<\/li>\n<li>\u0411\u0456\u0437\u043d\u0435\u0441-\u0430\u043d\u0433\u043b\u0456\u0439\u0441\u044c\u043a\u0430<\/li>\n<li>\u041f\u043e\u043b\u044c\u0441\u044c\u043a\u0430 \u043c\u043e\u0432\u0430 \u0434\u043b\u044f \u0456\u043d\u043e\u0437\u0435\u043c\u0446\u0456\u0432<\/li>\n<li>\u0406\u043d\u0448\u0456 \u043c\u043e\u0432\u0438 \u0432\u0456\u0434\u043f\u043e\u0432\u0456\u0434\u043d\u043e \u0434\u043e \u043f\u043e\u0442\u0440\u0435\u0431<\/li>\n<li>LCCI<\/li>\n<li>TGLS<\/li>\n<\/ul>","protected":false},"excerpt":{"rendered":"<p>J\u0119zyk angielski og\u00f3lny \u2013 wszystkie poziomy J\u0119zyk angielski specjalistyczny- wszystkie poziomy Business English J\u0119zyk polski dla obcokrajowc\u00f3w Inne j\u0119zyki zgodnie z zapotrzebowaniem LCCI TGLS<\/p>","protected":false},"author":5,"featured_media":0,"parent":46,"menu_order":0,"comment_status":"closed","ping_status":"closed","template":"templates\/szkolenia.php","meta":{"footnotes":""},"class_list":["post-475","page","type-page","status-publish","hentry"],"yoast_head":"<!-- This site is optimized with the Yoast SEO plugin v14.9 - https:\/\/yoast.com\/wordpress\/plugins\/seo\/ -->\n<title>Norton - Szkolenia j\u0119zykowe i egzaminy - Szkolenia z dofinansowaniem 80% i Projekty UE<\/title>\n<meta name=\"description\" content=\"Centrum Szkoleniowe Norton organizuje szkolenia z dofinansowaniem do 80% (j\u0119zykowe, managerskie i inne) projekty unijne i warsztaty dla firm i instutycji.\" \/>\n<meta name=\"robots\" content=\"index, follow, max-snippet:-1, max-image-preview:large, max-video-preview:-1\" \/>\n<link rel=\"canonical\" href=\"https:\/\/norton.edu.pl\/uk\/szkolenia-dla-firm-i-instytucji\/szkolenia-jezykowe\/\" \/>\n<meta property=\"og:locale\" content=\"uk_UA\" \/>\n<meta property=\"og:type\" content=\"article\" \/>\n<meta property=\"og:title\" content=\"Norton - Szkolenia j\u0119zykowe i egzaminy - Szkolenia z dofinansowaniem 80% i Projekty UE\" \/>\n<meta property=\"og:description\" content=\"Centrum Szkoleniowe Norton organizuje szkolenia z dofinansowaniem do 80% (j\u0119zykowe, managerskie i inne) projekty unijne i warsztaty dla firm i instutycji.\" \/>\n<meta property=\"og:url\" content=\"https:\/\/norton.edu.pl\/uk\/szkolenia-dla-firm-i-instytucji\/szkolenia-jezykowe\/\" \/>\n<meta property=\"og:site_name\" content=\"Norton\" \/>\n<meta property=\"article:publisher\" content=\"https:\/\/www.facebook.com\/KursyNorton\" \/>\n<meta property=\"article:modified_time\" content=\"2020-06-17T08:38:04+00:00\" \/>\n<meta property=\"og:image\" content=\"https:\/\/norton.edu.pl\/wp-content\/uploads\/2020\/05\/norton-szkolenia-dofinansowania.jpg\" \/>\n\t<meta property=\"og:image:width\" content=\"1152\" \/>\n\t<meta property=\"og:image:height\" content=\"767\" \/>\n<meta name=\"twitter:card\" content=\"summary_large_image\" \/>\n<script type=\"application\/ld+json\" class=\"yoast-schema-graph\">{\"@context\":\"https:\/\/schema.org\",\"@graph\":[{\"@type\":\"Organization\",\"@id\":\"https:\/\/norton.edu.pl\/uk\/#organization\",\"name\":\"Centrum Szkoleniowe Norton\",\"url\":\"https:\/\/norton.edu.pl\/uk\/\",\"sameAs\":[\"https:\/\/www.facebook.com\/KursyNorton\"],\"logo\":{\"@type\":\"ImageObject\",\"@id\":\"https:\/\/norton.edu.pl\/uk\/#logo\",\"inLanguage\":\"uk\",\"url\":\"https:\/\/norton.edu.pl\/wp-content\/uploads\/2020\/03\/logo.png\",\"width\":147,\"height\":53,\"caption\":\"Centrum Szkoleniowe Norton\"},\"image\":{\"@id\":\"https:\/\/norton.edu.pl\/uk\/#logo\"}},{\"@type\":\"WebSite\",\"@id\":\"https:\/\/norton.edu.pl\/uk\/#website\",\"url\":\"https:\/\/norton.edu.pl\/uk\/\",\"name\":\"Norton\",\"description\":\"\",\"publisher\":{\"@id\":\"https:\/\/norton.edu.pl\/uk\/#organization\"},\"potentialAction\":[{\"@type\":\"SearchAction\",\"target\":\"https:\/\/norton.edu.pl\/uk\/?s={search_term_string}\",\"query-input\":\"required name=search_term_string\"}],\"inLanguage\":\"uk\"},{\"@type\":\"WebPage\",\"@id\":\"https:\/\/norton.edu.pl\/uk\/szkolenia-dla-firm-i-instytucji\/szkolenia-jezykowe\/#webpage\",\"url\":\"https:\/\/norton.edu.pl\/uk\/szkolenia-dla-firm-i-instytucji\/szkolenia-jezykowe\/\",\"name\":\"Norton - Szkolenia j\\u0119zykowe i egzaminy - Szkolenia z dofinansowaniem 80% i Projekty UE\",\"isPartOf\":{\"@id\":\"https:\/\/norton.edu.pl\/uk\/#website\"},\"datePublished\":\"2020-04-03T13:31:13+00:00\",\"dateModified\":\"2020-06-17T08:38:04+00:00\",\"description\":\"Centrum Szkoleniowe Norton organizuje szkolenia z dofinansowaniem do 80% (j\\u0119zykowe, managerskie i inne) projekty unijne i warsztaty dla firm i instutycji.\",\"inLanguage\":\"uk\",\"potentialAction\":[{\"@type\":\"ReadAction\",\"target\":[\"https:\/\/norton.edu.pl\/uk\/szkolenia-dla-firm-i-instytucji\/szkolenia-jezykowe\/\"]}]}]}<\/script>\n<!-- \/ Yoast SEO plugin. -->","_links":{"self":[{"href":"https:\/\/norton.edu.pl\/uk\/wp-json\/wp\/v2\/pages\/475","targetHints":{"allow":["GET"]}}],"collection":[{"href":"https:\/\/norton.edu.pl\/uk\/wp-json\/wp\/v2\/pages"}],"about":[{"href":"https:\/\/norton.edu.pl\/uk\/wp-json\/wp\/v2\/types\/page"}],"author":[{"embeddable":true,"href":"https:\/\/norton.edu.pl\/uk\/wp-json\/wp\/v2\/users\/5"}],"replies":[{"embeddable":true,"href":"https:\/\/norton.edu.pl\/uk\/wp-json\/wp\/v2\/comments?post=475"}],"version-history":[{"count":3,"href":"https:\/\/norton.edu.pl\/uk\/wp-json\/wp\/v2\/pages\/475\/revisions"}],"predecessor-version":[{"id":792,"href":"https:\/\/norton.edu.pl\/uk\/wp-json\/wp\/v2\/pages\/475\/revisions\/792"}],"up":[{"embeddable":true,"href":"https:\/\/norton.edu.pl\/uk\/wp-json\/wp\/v2\/pages\/46"}],"wp:attachment":[{"href":"https:\/\/norton.edu.pl\/uk\/wp-json\/wp\/v2\/media?parent=475"}],"curies":[{"name":"wp","href":"https:\/\/api.w.org\/{rel}","templated":true}]}}