{"id":473,"date":"2020-04-03T15:30:51","date_gmt":"2020-04-03T13:30:51","guid":{"rendered":"http:\/\/localhost:8888\/norton\/?page_id=473"},"modified":"2020-06-17T10:37:28","modified_gmt":"2020-06-17T08:37:28","slug":"szkolenia-i-warsztaty-z-kompetencji-miekkich","status":"publish","type":"page","link":"https:\/\/norton.edu.pl\/uk\/szkolenia-dla-firm-i-instytucji\/szkolenia-i-warsztaty-z-kompetencji-miekkich\/","title":{"rendered":"\u0422\u0440\u0435\u043d\u0456\u043d\u0433\u0438 \u0442\u0430 \u043c\u0430\u0439\u0441\u0442\u0435\u0440-\u043a\u043b\u0430\u0441\u0438 \u0437 \u043c'\u044f\u043a\u0438\u0445 \u043d\u0430\u0432\u0438\u0447\u043e\u043a"},"content":{"rendered":"<ul>\n<li>\u0423\u043f\u0440\u0430\u0432\u043b\u0456\u043d\u043d\u044f \u0435\u043d\u0435\u0440\u0433\u0456\u0454\u044e \u0442\u0430 \u0447\u0430\u0441\u043e\u043c<\/li>\n<li>\u041f\u0440\u0438\u0439\u043d\u044f\u0442\u0442\u044f \u0440\u0456\u0448\u0435\u043d\u044c<\/li>\n<li>\u0410\u0441\u0435\u0440\u0442\u0438\u0432\u043d\u0456\u0441\u0442\u044c \u0443 \u043a\u043e\u043c\u0443\u043d\u0456\u043a\u0430\u0446\u0456\u0457<\/li>\n<li>\u0423\u043f\u0440\u0430\u0432\u043b\u0456\u043d\u043d\u044f \u0441\u0442\u0440\u0435\u0441\u043e\u043c<\/li>\n<li>\u041c\u0435\u0434\u0456\u0430\u0446\u0456\u0457 \u044f\u043a \u0435\u0444\u0435\u043a\u0442\u0438\u0432\u043d\u0438\u0439 \u0441\u043f\u043e\u0441\u0456\u0431 \u0432\u0438\u0440\u0456\u0448\u0435\u043d\u043d\u044f \u043a\u043e\u043d\u0444\u043b\u0456\u043a\u0442\u0456\u0432<\/li>\n<li>\u0415\u0444\u0435\u043a\u0442\u0438\u0432\u043d\u0430 \u043a\u043e\u043c\u0443\u043d\u0456\u043a\u0430\u0446\u0456\u044f<\/li>\n<li>\u0423\u0432\u0430\u0436\u043d\u0456\u0441\u0442\u044c \u0443 \u043a\u043e\u043c\u0443\u043d\u0456\u043a\u0430\u0446\u0456\u0457<\/li>\n<li>\u041f\u0435\u0440\u0435\u043c\u043e\u0433\u0430 \u043d\u0430\u0434 \u043e\u0431\u043c\u0435\u0436\u0443\u044e\u0447\u0438\u043c\u0438 \u043f\u0435\u0440\u0435\u043a\u043e\u043d\u0430\u043d\u043d\u044f\u043c\u0438<\/li>\n<li>\u041c\u043e\u0442\u0438\u0432\u0430\u0446\u0456\u044f \u043f\u0440\u0430\u0446\u0456\u0432\u043d\u0438\u043a\u0456\u0432<\/li>\n<li>\u041a\u043e\u043c\u0430\u043d\u0434\u043d\u0430 \u0440\u043e\u0431\u043e\u0442\u0430<\/li>\n<li>\u041a\u043e\u0443\u0447\u0438\u043d\u0433 \u0456 \u043c\u0435\u043d\u0442\u043e\u0440\u0438\u043d\u0433: \u0456\u043d\u0434\u0438\u0432\u0456\u0434\u0443\u0430\u043b\u044c\u043d\u0456 \u0440\u043e\u0437\u0432\u0438\u0432\u0430\u044e\u0447\u0456 \u0441\u0435\u0441\u0456\u0457<\/li>\n<li>\u0410\u043a\u0430\u0434\u0435\u043c\u0456\u044f \u043f\u0443\u0431\u043b\u0456\u0447\u043d\u0438\u0445 \u0432\u0438\u0441\u0442\u0443\u043f\u0456\u0432 \u0443 \u0431\u0456\u0437\u043d\u0435\u0441\u0456 \u2013 \u043c\u0438\u0441\u0442\u0435\u0446\u0442\u0432\u043e \u043f\u0440\u0435\u0437\u0435\u043d\u0442\u0430\u0446\u0456\u0439 \u0442\u0430 \u043f\u0443\u0431\u043b\u0456\u0447\u043d\u0438\u0445 \u0432\u0438\u0441\u0442\u0443\u043f\u0456\u0432<\/li>\n<\/ul>","protected":false},"excerpt":{"rendered":"<p>Zarz\u0105dzanie energi\u0105 i sob\u0105 w czasie Podejmowanie decyzji Asertywno\u015b\u0107 w komunikacji Zarz\u0105dzanie stresem Mediacje jako skuteczny spos\u00f3b rozwi\u0105zywania konflikt\u00f3w Skuteczna komunikacja Uwa\u017cno\u015b\u0107 w komunikacji Pokonaj ograniczaj\u0105ce przekonania Motywowanie pracownik\u00f3w Praca zespo\u0142owa Coaching i mentoring: indywidualne sesje rozwojowe Akademia wyst\u0105pie\u0144 publicznych w biznesie \u2013 sztuka prezentacji i wyst\u0105pie\u0144 publicznych<\/p>","protected":false},"author":5,"featured_media":0,"parent":46,"menu_order":0,"comment_status":"closed","ping_status":"closed","template":"templates\/szkolenia.php","meta":{"footnotes":""},"class_list":["post-473","page","type-page","status-publish","hentry"],"yoast_head":"<!-- This site is optimized with the Yoast SEO plugin v14.9 - https:\/\/yoast.com\/wordpress\/plugins\/seo\/ -->\n<title>Norton - Szkolenia i warsztaty z kompetencji mi\u0119kkich - Szkolenia z dofinansowaniem 80% i Projekty UE<\/title>\n<meta name=\"description\" content=\"Centrum Szkoleniowe Norton organizuje szkolenia z dofinansowaniem do 80% (j\u0119zykowe, managerskie i inne) projekty unijne i warsztaty dla firm i instutycji.\" \/>\n<meta name=\"robots\" content=\"index, follow, max-snippet:-1, max-image-preview:large, max-video-preview:-1\" \/>\n<link rel=\"canonical\" href=\"https:\/\/norton.edu.pl\/uk\/szkolenia-dla-firm-i-instytucji\/szkolenia-i-warsztaty-z-kompetencji-miekkich\/\" \/>\n<meta property=\"og:locale\" content=\"uk_UA\" \/>\n<meta property=\"og:type\" content=\"article\" \/>\n<meta property=\"og:title\" content=\"Norton - Szkolenia i warsztaty z kompetencji mi\u0119kkich - Szkolenia z dofinansowaniem 80% i Projekty UE\" \/>\n<meta property=\"og:description\" content=\"Centrum Szkoleniowe Norton organizuje szkolenia z dofinansowaniem do 80% (j\u0119zykowe, managerskie i inne) projekty unijne i warsztaty dla firm i instutycji.\" \/>\n<meta property=\"og:url\" content=\"https:\/\/norton.edu.pl\/uk\/szkolenia-dla-firm-i-instytucji\/szkolenia-i-warsztaty-z-kompetencji-miekkich\/\" \/>\n<meta property=\"og:site_name\" content=\"Norton\" \/>\n<meta property=\"article:publisher\" content=\"https:\/\/www.facebook.com\/KursyNorton\" \/>\n<meta property=\"article:modified_time\" content=\"2020-06-17T08:37:28+00:00\" \/>\n<meta property=\"og:image\" content=\"https:\/\/norton.edu.pl\/wp-content\/uploads\/2020\/05\/norton-szkolenia-dofinansowania.jpg\" \/>\n\t<meta property=\"og:image:width\" content=\"1152\" \/>\n\t<meta property=\"og:image:height\" content=\"767\" \/>\n<meta name=\"twitter:card\" content=\"summary_large_image\" \/>\n<script type=\"application\/ld+json\" class=\"yoast-schema-graph\">{\"@context\":\"https:\/\/schema.org\",\"@graph\":[{\"@type\":\"Organization\",\"@id\":\"https:\/\/norton.edu.pl\/uk\/#organization\",\"name\":\"Centrum Szkoleniowe Norton\",\"url\":\"https:\/\/norton.edu.pl\/uk\/\",\"sameAs\":[\"https:\/\/www.facebook.com\/KursyNorton\"],\"logo\":{\"@type\":\"ImageObject\",\"@id\":\"https:\/\/norton.edu.pl\/uk\/#logo\",\"inLanguage\":\"uk\",\"url\":\"https:\/\/norton.edu.pl\/wp-content\/uploads\/2020\/03\/logo.png\",\"width\":147,\"height\":53,\"caption\":\"Centrum Szkoleniowe Norton\"},\"image\":{\"@id\":\"https:\/\/norton.edu.pl\/uk\/#logo\"}},{\"@type\":\"WebSite\",\"@id\":\"https:\/\/norton.edu.pl\/uk\/#website\",\"url\":\"https:\/\/norton.edu.pl\/uk\/\",\"name\":\"Norton\",\"description\":\"\",\"publisher\":{\"@id\":\"https:\/\/norton.edu.pl\/uk\/#organization\"},\"potentialAction\":[{\"@type\":\"SearchAction\",\"target\":\"https:\/\/norton.edu.pl\/uk\/?s={search_term_string}\",\"query-input\":\"required name=search_term_string\"}],\"inLanguage\":\"uk\"},{\"@type\":\"WebPage\",\"@id\":\"https:\/\/norton.edu.pl\/uk\/szkolenia-dla-firm-i-instytucji\/szkolenia-i-warsztaty-z-kompetencji-miekkich\/#webpage\",\"url\":\"https:\/\/norton.edu.pl\/uk\/szkolenia-dla-firm-i-instytucji\/szkolenia-i-warsztaty-z-kompetencji-miekkich\/\",\"name\":\"Norton - Szkolenia i warsztaty z kompetencji mi\\u0119kkich - Szkolenia z dofinansowaniem 80% i Projekty UE\",\"isPartOf\":{\"@id\":\"https:\/\/norton.edu.pl\/uk\/#website\"},\"datePublished\":\"2020-04-03T13:30:51+00:00\",\"dateModified\":\"2020-06-17T08:37:28+00:00\",\"description\":\"Centrum Szkoleniowe Norton organizuje szkolenia z dofinansowaniem do 80% (j\\u0119zykowe, managerskie i inne) projekty unijne i warsztaty dla firm i instutycji.\",\"inLanguage\":\"uk\",\"potentialAction\":[{\"@type\":\"ReadAction\",\"target\":[\"https:\/\/norton.edu.pl\/uk\/szkolenia-dla-firm-i-instytucji\/szkolenia-i-warsztaty-z-kompetencji-miekkich\/\"]}]}]}<\/script>\n<!-- \/ Yoast SEO plugin. -->","_links":{"self":[{"href":"https:\/\/norton.edu.pl\/uk\/wp-json\/wp\/v2\/pages\/473","targetHints":{"allow":["GET"]}}],"collection":[{"href":"https:\/\/norton.edu.pl\/uk\/wp-json\/wp\/v2\/pages"}],"about":[{"href":"https:\/\/norton.edu.pl\/uk\/wp-json\/wp\/v2\/types\/page"}],"author":[{"embeddable":true,"href":"https:\/\/norton.edu.pl\/uk\/wp-json\/wp\/v2\/users\/5"}],"replies":[{"embeddable":true,"href":"https:\/\/norton.edu.pl\/uk\/wp-json\/wp\/v2\/comments?post=473"}],"version-history":[{"count":3,"href":"https:\/\/norton.edu.pl\/uk\/wp-json\/wp\/v2\/pages\/473\/revisions"}],"predecessor-version":[{"id":791,"href":"https:\/\/norton.edu.pl\/uk\/wp-json\/wp\/v2\/pages\/473\/revisions\/791"}],"up":[{"embeddable":true,"href":"https:\/\/norton.edu.pl\/uk\/wp-json\/wp\/v2\/pages\/46"}],"wp:attachment":[{"href":"https:\/\/norton.edu.pl\/uk\/wp-json\/wp\/v2\/media?parent=473"}],"curies":[{"name":"wp","href":"https:\/\/api.w.org\/{rel}","templated":true}]}}