{"id":46,"date":"2020-03-13T14:38:51","date_gmt":"2020-03-13T13:38:51","guid":{"rendered":"http:\/\/localhost:8888\/norton\/?page_id=46"},"modified":"2020-06-17T10:36:08","modified_gmt":"2020-06-17T08:36:08","slug":"szkolenia-dla-firm-i-instytucji","status":"publish","type":"page","link":"https:\/\/norton.edu.pl\/uk\/szkolenia-dla-firm-i-instytucji\/","title":{"rendered":"\u0422\u0440\u0435\u043d\u0456\u043d\u0433\u0438 \u0434\u043b\u044f \u043a\u043e\u043c\u043f\u0430\u043d\u0456\u0439 \u0442\u0430 \u0456\u043d\u0441\u0442\u0438\u0442\u0443\u0446\u0456\u0439"},"content":{"rendered":"<p><strong>\u0415\u043a\u0441\u043f\u0435\u0440\u0442\u043d\u0456 \u0437\u043d\u0430\u043d\u043d\u044f, \u0434\u043e\u0441\u0442\u0443\u043f\u043d\u0430 \u0444\u043e\u0440\u043c\u0430<\/strong><\/p>\n<p>\u041c\u0438 \u0440\u043e\u0437\u0432\u0438\u0432\u0430\u0454\u043c\u043e \u043a\u043e\u043c\u043f\u0435\u0442\u0435\u043d\u0446\u0456\u0457 \u0442\u0432\u043e\u0457\u0445 \u043f\u0440\u0430\u0446\u0456\u0432\u043d\u0438\u043a\u0456\u0432, \u0437\u0430\u0432\u0434\u044f\u043a\u0438 \u0447\u043e\u043c\u0443 \u0432\u043e\u043d\u0438 \u0434\u0456\u044e\u0442\u044c \u0435\u0444\u0435\u043a\u0442\u0438\u0432\u043d\u0456\u0448\u0435 \u0456 \u0443\u0441\u043f\u0456\u0448\u043d\u043e \u043f\u0456\u0434\u0432\u0438\u0449\u0443\u044e\u0442\u044c \u043f\u0440\u0438\u0431\u0443\u0442\u043a\u0438 \u043a\u043e\u043c\u043f\u0430\u043d\u0456\u0457. \u041c\u0438 \u043d\u0430\u0434\u0430\u0454\u043c\u043e \u0435\u043a\u0441\u043f\u0435\u0440\u0442\u043d\u0456 \u0437\u043d\u0430\u043d\u043d\u044f \u0443 \u0434\u043e\u0441\u0442\u0443\u043f\u043d\u0456\u0439 \u0444\u043e\u0440\u043c\u0456: \u0432\u0456\u0434 \u043c'\u044f\u043a\u0438\u0445 \u043d\u0430\u0432\u0438\u0447\u043e\u043a \u0434\u043e \u0442\u0432\u0435\u0440\u0434\u0438\u0445 \u0442\u0435\u0445\u043d\u0456\u0447\u043d\u0438\u0445 \u0443\u043c\u0456\u043d\u044c. \u0414\u0456\u0437\u043d\u0430\u0439\u0441\u044f, \u044f\u043a \u0442\u0438 \u043c\u043e\u0436\u0435\u0448 \u0432\u0438\u043a\u043e\u0440\u0438\u0441\u0442\u0430\u0442\u0438 \u0434\u043e\u0441\u0432\u0456\u0434 \u043d\u0430\u0448\u0438\u0445 \u0442\u0440\u0435\u043d\u0435\u0440\u0456\u0432 \u0434\u043b\u044f \u0440\u043e\u0437\u0432\u0438\u0442\u043a\u0443 \u0442\u0432\u043e\u0433\u043e \u0431\u0456\u0437\u043d\u0435\u0441\u0443.<\/p>\n<p>&nbsp;<\/p>\n<p><img loading=\"lazy\" decoding=\"async\" class=\"alignnone size-full wp-image-525\" src=\"https:\/\/norton.edu.pl\/wp-content\/uploads\/2020\/04\/Group-59.png\" alt=\"\" width=\"1836\" height=\"172\" srcset=\"https:\/\/norton.edu.pl\/wp-content\/uploads\/2020\/04\/Group-59.png 1836w, https:\/\/norton.edu.pl\/wp-content\/uploads\/2020\/04\/Group-59-300x28.png 300w, https:\/\/norton.edu.pl\/wp-content\/uploads\/2020\/04\/Group-59-1024x96.png 1024w, https:\/\/norton.edu.pl\/wp-content\/uploads\/2020\/04\/Group-59-768x72.png 768w, https:\/\/norton.edu.pl\/wp-content\/uploads\/2020\/04\/Group-59-1536x144.png 1536w, https:\/\/norton.edu.pl\/wp-content\/uploads\/2020\/04\/Group-59-595x56.png 595w, https:\/\/norton.edu.pl\/wp-content\/uploads\/2020\/04\/Group-59-1190x111.png 1190w, https:\/\/norton.edu.pl\/wp-content\/uploads\/2020\/04\/Group-59-1000x94.png 1000w\" sizes=\"auto, (max-width: 1836px) 100vw, 1836px\" \/><\/p>","protected":false},"excerpt":{"rendered":"<p>Ekspercka wiedza, przyst\u0119pna forma Rozwijamy kompetencje Twoich pracownik\u00f3w, dzi\u0119ki czemu dzia\u0142aj\u0105 wydajniej i skutecznie podnosz\u0105 firmowe zyski. Podajemy eksperck\u0105 wiedz\u0119 w przyst\u0119pnej formie: od kompetencji mi\u0119kkich a\u017c po twarde umiej\u0119tno\u015bci techniczne. Zobacz, jak mo\u017cesz wykorzysta\u0107 do\u015bwiadczenie naszych szkoleniowc\u00f3w do rozwoju Twojego biznesu. &nbsp;<\/p>","protected":false},"author":5,"featured_media":0,"parent":0,"menu_order":0,"comment_status":"closed","ping_status":"closed","template":"templates\/o-szkoleniach.php","meta":{"footnotes":""},"class_list":["post-46","page","type-page","status-publish","hentry"],"yoast_head":"<!-- This site is optimized with the Yoast SEO plugin v14.9 - https:\/\/yoast.com\/wordpress\/plugins\/seo\/ -->\n<title>Norton - Szkolenia dla firm i instytucji - Szkolenia z dofinansowaniem 80% i Projekty UE<\/title>\n<meta name=\"description\" content=\"Centrum Szkoleniowe Norton organizuje szkolenia z dofinansowaniem do 80% (j\u0119zykowe, managerskie i inne) projekty unijne i warsztaty dla firm i instutycji.\" \/>\n<meta name=\"robots\" content=\"index, follow, max-snippet:-1, max-image-preview:large, max-video-preview:-1\" \/>\n<link rel=\"canonical\" href=\"https:\/\/norton.edu.pl\/uk\/szkolenia-dla-firm-i-instytucji\/\" \/>\n<meta property=\"og:locale\" content=\"uk_UA\" \/>\n<meta property=\"og:type\" content=\"article\" \/>\n<meta property=\"og:title\" content=\"Norton - Szkolenia dla firm i instytucji - Szkolenia z dofinansowaniem 80% i Projekty UE\" \/>\n<meta property=\"og:description\" content=\"Centrum Szkoleniowe Norton organizuje szkolenia z dofinansowaniem do 80% (j\u0119zykowe, managerskie i inne) projekty unijne i warsztaty dla firm i instutycji.\" \/>\n<meta property=\"og:url\" content=\"https:\/\/norton.edu.pl\/uk\/szkolenia-dla-firm-i-instytucji\/\" \/>\n<meta property=\"og:site_name\" content=\"Norton\" \/>\n<meta property=\"article:publisher\" content=\"https:\/\/www.facebook.com\/KursyNorton\" \/>\n<meta property=\"article:modified_time\" content=\"2020-06-17T08:36:08+00:00\" \/>\n<meta property=\"og:image\" content=\"https:\/\/norton.edu.pl\/wp-content\/uploads\/2020\/04\/Group-59.png\" \/>\n<meta name=\"twitter:card\" content=\"summary_large_image\" \/>\n<script type=\"application\/ld+json\" class=\"yoast-schema-graph\">{\"@context\":\"https:\/\/schema.org\",\"@graph\":[{\"@type\":\"Organization\",\"@id\":\"https:\/\/norton.edu.pl\/uk\/#organization\",\"name\":\"Centrum Szkoleniowe Norton\",\"url\":\"https:\/\/norton.edu.pl\/uk\/\",\"sameAs\":[\"https:\/\/www.facebook.com\/KursyNorton\"],\"logo\":{\"@type\":\"ImageObject\",\"@id\":\"https:\/\/norton.edu.pl\/uk\/#logo\",\"inLanguage\":\"uk\",\"url\":\"https:\/\/norton.edu.pl\/wp-content\/uploads\/2020\/03\/logo.png\",\"width\":147,\"height\":53,\"caption\":\"Centrum Szkoleniowe Norton\"},\"image\":{\"@id\":\"https:\/\/norton.edu.pl\/uk\/#logo\"}},{\"@type\":\"WebSite\",\"@id\":\"https:\/\/norton.edu.pl\/uk\/#website\",\"url\":\"https:\/\/norton.edu.pl\/uk\/\",\"name\":\"Norton\",\"description\":\"\",\"publisher\":{\"@id\":\"https:\/\/norton.edu.pl\/uk\/#organization\"},\"potentialAction\":[{\"@type\":\"SearchAction\",\"target\":\"https:\/\/norton.edu.pl\/uk\/?s={search_term_string}\",\"query-input\":\"required name=search_term_string\"}],\"inLanguage\":\"uk\"},{\"@type\":\"ImageObject\",\"@id\":\"https:\/\/norton.edu.pl\/uk\/szkolenia-dla-firm-i-instytucji\/#primaryimage\",\"inLanguage\":\"uk\",\"url\":\"https:\/\/norton.edu.pl\/wp-content\/uploads\/2020\/04\/Group-59.png\",\"width\":1836,\"height\":172,\"caption\":\"logo znak\\u00f3w jako\\u015bci, MSUES, litera Q otoczona kolorowymi plamkami, TGLS - niebiesko z\\u0142oty napis TGLS QUALITY ALLIANCE\"},{\"@type\":\"WebPage\",\"@id\":\"https:\/\/norton.edu.pl\/uk\/szkolenia-dla-firm-i-instytucji\/#webpage\",\"url\":\"https:\/\/norton.edu.pl\/uk\/szkolenia-dla-firm-i-instytucji\/\",\"name\":\"Norton - Szkolenia dla firm i instytucji - Szkolenia z dofinansowaniem 80% i Projekty UE\",\"isPartOf\":{\"@id\":\"https:\/\/norton.edu.pl\/uk\/#website\"},\"primaryImageOfPage\":{\"@id\":\"https:\/\/norton.edu.pl\/uk\/szkolenia-dla-firm-i-instytucji\/#primaryimage\"},\"datePublished\":\"2020-03-13T13:38:51+00:00\",\"dateModified\":\"2020-06-17T08:36:08+00:00\",\"description\":\"Centrum Szkoleniowe Norton organizuje szkolenia z dofinansowaniem do 80% (j\\u0119zykowe, managerskie i inne) projekty unijne i warsztaty dla firm i instutycji.\",\"inLanguage\":\"uk\",\"potentialAction\":[{\"@type\":\"ReadAction\",\"target\":[\"https:\/\/norton.edu.pl\/uk\/szkolenia-dla-firm-i-instytucji\/\"]}]}]}<\/script>\n<!-- \/ Yoast SEO plugin. -->","_links":{"self":[{"href":"https:\/\/norton.edu.pl\/uk\/wp-json\/wp\/v2\/pages\/46","targetHints":{"allow":["GET"]}}],"collection":[{"href":"https:\/\/norton.edu.pl\/uk\/wp-json\/wp\/v2\/pages"}],"about":[{"href":"https:\/\/norton.edu.pl\/uk\/wp-json\/wp\/v2\/types\/page"}],"author":[{"embeddable":true,"href":"https:\/\/norton.edu.pl\/uk\/wp-json\/wp\/v2\/users\/5"}],"replies":[{"embeddable":true,"href":"https:\/\/norton.edu.pl\/uk\/wp-json\/wp\/v2\/comments?post=46"}],"version-history":[{"count":28,"href":"https:\/\/norton.edu.pl\/uk\/wp-json\/wp\/v2\/pages\/46\/revisions"}],"predecessor-version":[{"id":789,"href":"https:\/\/norton.edu.pl\/uk\/wp-json\/wp\/v2\/pages\/46\/revisions\/789"}],"wp:attachment":[{"href":"https:\/\/norton.edu.pl\/uk\/wp-json\/wp\/v2\/media?parent=46"}],"curies":[{"name":"wp","href":"https:\/\/api.w.org\/{rel}","templated":true}]}}