{"id":44,"date":"2020-03-13T14:38:43","date_gmt":"2020-03-13T13:38:43","guid":{"rendered":"http:\/\/localhost:8888\/norton\/?page_id=44"},"modified":"2020-06-18T14:19:58","modified_gmt":"2020-06-18T12:19:58","slug":"o-nas","status":"publish","type":"page","link":"https:\/\/norton.edu.pl\/uk\/o-nas\/","title":{"rendered":"\u041f\u0440\u043e \u043d\u0430\u0441"},"content":{"rendered":"<p><b>\u0423 Norton \u043c\u0438 \u0434\u043e\u043f\u043e\u043c\u0430\u0433\u0430\u0454\u043c\u043e \u0440\u043e\u0437\u0432\u0438\u0432\u0430\u0442\u0438 \u043a\u043e\u043c\u043f\u0435\u0442\u0435\u043d\u0446\u0456\u0457.<\/b><\/p>\n<p>\u041c\u0438 \u043e\u0440\u0433\u0430\u043d\u0456\u0437\u043e\u0432\u0443\u0454\u043c\u043e \u043d\u0430\u0432\u0447\u0430\u043b\u044c\u043d\u0456 \u043a\u0443\u0440\u0441\u0438 \u0442\u0430 \u0437\u0430\u0431\u0435\u0437\u043f\u0435\u0447\u0443\u0454\u043c\u043e \u0444\u0456\u043d\u0430\u043d\u0441\u0443\u0432\u0430\u043d\u043d\u044f \u0434\u043b\u044f \u043f\u043e\u0441\u043b\u0443\u0433 \u0440\u043e\u0437\u0432\u0438\u0442\u043a\u0443 \u0434\u043b\u044f \u043c\u0430\u043b\u0438\u0445 \u0456 \u0441\u0435\u0440\u0435\u0434\u043d\u0456\u0445 \u043f\u0456\u0434\u043f\u0440\u0438\u0454\u043c\u0441\u0442\u0432 (\u041c\u0421\u041f). \u041c\u0438 \u0434\u043e\u043f\u043e\u043c\u0430\u0433\u0430\u0454\u043c\u043e \u0432\u043b\u0430\u0441\u043d\u0438\u043a\u0430\u043c \u043f\u0456\u0434\u043f\u0440\u0438\u0454\u043c\u0441\u0442\u0432 \u0440\u043e\u0437\u0432\u0438\u0432\u0430\u0442\u0438 \u043a\u043e\u043c\u043f\u0435\u0442\u0435\u043d\u0446\u0456\u0457 \u0441\u0432\u043e\u0457\u0445 \u043f\u0440\u0430\u0446\u0456\u0432\u043d\u0438\u043a\u0456\u0432 \u0442\u0430 \u0431\u0443\u0434\u0443\u0432\u0430\u0442\u0438 \u043a\u043e\u043d\u043a\u0443\u0440\u0435\u043d\u0442\u043d\u0456 \u043f\u0435\u0440\u0435\u0432\u0430\u0433\u0438 \u043d\u0430 \u0440\u0438\u043d\u043a\u0443.<\/p>\n<p>\u041c\u0438 \u0431\u0435\u0440\u0435\u043c\u043e \u043d\u0430 \u0441\u0435\u0431\u0435 \u0432\u0435\u0441\u044c \u043f\u0440\u043e\u0446\u0435\u0441: \u0432\u0456\u0434 \u043e\u0442\u0440\u0438\u043c\u0430\u043d\u043d\u044f \u0444\u0456\u043d\u0430\u043d\u0441\u0443\u0432\u0430\u043d\u043d\u044f \u0447\u0435\u0440\u0435\u0437 \u043e\u0440\u0433\u0430\u043d\u0456\u0437\u0430\u0446\u0456\u044e \u0442\u0430 \u043f\u0440\u043e\u0432\u0435\u0434\u0435\u043d\u043d\u044f \u043d\u0430\u0432\u0447\u0430\u043b\u044c\u043d\u0438\u0445 \u043a\u0443\u0440\u0441\u0456\u0432 \u0434\u043e \u043e\u0441\u0442\u0430\u0442\u043e\u0447\u043d\u043e\u0433\u043e \u0440\u043e\u0437\u0440\u0430\u0445\u0443\u043d\u043a\u0443, \u0449\u043e \u0437\u0430\u043e\u0449\u0430\u0434\u0436\u0443\u0454 \u0432\u0430\u0448 \u0447\u0430\u0441 \u0442\u0430 \u0435\u043d\u0435\u0440\u0433\u0456\u044e. \u041f\u0440\u043e\u0441\u0442\u043e \u0441\u043a\u0430\u0436\u0456\u0442\u044c, \u0447\u043e\u0433\u043e \u0432\u0430\u043c \u043f\u043e\u0442\u0440\u0456\u0431\u043d\u043e. \u0420\u0435\u0448\u0442\u0443 \u0437\u0430\u043b\u0438\u0448\u0442\u0435 \u043d\u0430 \u043d\u0430\u0441.<\/p>","protected":false},"excerpt":{"rendered":"<p>W Norton pomagamy rozwija\u0107 kompetencje Organizujemy szkolenia i pozyskujemy dofinansowania na us\u0142ugi rozwojowe dla przedsi\u0119biorstw z sektora M\u015aP. Pomagamy w\u0142a\u015bcicielom firm rozwija\u0107 kompetencje ich pracownik\u00f3w i budowa\u0107 przewag\u0119 konkurencyjn\u0105 na rynku. Zajmujemy si\u0119 ca\u0142ym procesem: od pozyskania dofinansowania poprzez organizacj\u0119 i realizacj\u0119 szkole\u0144 a\u017c po ich ostateczne rozliczenie, oszcz\u0119dzaj\u0105c Tw\u00f3j czas i energi\u0119. Po prostu [&hellip;]<\/p>","protected":false},"author":5,"featured_media":0,"parent":0,"menu_order":0,"comment_status":"closed","ping_status":"closed","template":"templates\/o-nas.php","meta":{"footnotes":""},"class_list":["post-44","page","type-page","status-publish","hentry"],"yoast_head":"<!-- This site is optimized with the Yoast SEO plugin v14.9 - https:\/\/yoast.com\/wordpress\/plugins\/seo\/ -->\n<title>Norton - O nas - pomagamy rozwija\u0107 kompetencje<\/title>\n<meta name=\"description\" content=\"Pomagamy rozwija\u0107 kompetencje Twoje i Twoich pracownik\u00f3w. Sprawd\u017a, jak mo\u017cemy Ci pom\u00f3c uzyska\u0107 dofinansowanie i zorganizowa\u0107 szkolenie w Twojej firmie.\" \/>\n<meta name=\"robots\" content=\"index, follow, max-snippet:-1, max-image-preview:large, max-video-preview:-1\" \/>\n<link rel=\"canonical\" href=\"https:\/\/norton.edu.pl\/uk\/o-nas\/\" \/>\n<meta property=\"og:locale\" content=\"uk_UA\" \/>\n<meta property=\"og:type\" content=\"article\" \/>\n<meta property=\"og:title\" content=\"Norton - O nas - pomagamy rozwija\u0107 kompetencje\" \/>\n<meta property=\"og:description\" content=\"Pomagamy rozwija\u0107 kompetencje Twoje i Twoich pracownik\u00f3w. Sprawd\u017a, jak mo\u017cemy Ci pom\u00f3c uzyska\u0107 dofinansowanie i zorganizowa\u0107 szkolenie w Twojej firmie.\" \/>\n<meta property=\"og:url\" content=\"https:\/\/norton.edu.pl\/uk\/o-nas\/\" \/>\n<meta property=\"og:site_name\" content=\"Norton\" \/>\n<meta property=\"article:publisher\" content=\"https:\/\/www.facebook.com\/KursyNorton\" \/>\n<meta property=\"article:modified_time\" content=\"2020-06-18T12:19:58+00:00\" \/>\n<meta property=\"og:image\" content=\"https:\/\/norton.edu.pl\/wp-content\/uploads\/2020\/05\/norton-szkolenia-dofinansowania.jpg\" \/>\n\t<meta property=\"og:image:width\" content=\"1152\" \/>\n\t<meta property=\"og:image:height\" content=\"767\" \/>\n<meta name=\"twitter:card\" content=\"summary_large_image\" \/>\n<script type=\"application\/ld+json\" class=\"yoast-schema-graph\">{\"@context\":\"https:\/\/schema.org\",\"@graph\":[{\"@type\":\"Organization\",\"@id\":\"https:\/\/norton.edu.pl\/uk\/#organization\",\"name\":\"Centrum Szkoleniowe Norton\",\"url\":\"https:\/\/norton.edu.pl\/uk\/\",\"sameAs\":[\"https:\/\/www.facebook.com\/KursyNorton\"],\"logo\":{\"@type\":\"ImageObject\",\"@id\":\"https:\/\/norton.edu.pl\/uk\/#logo\",\"inLanguage\":\"uk\",\"url\":\"https:\/\/norton.edu.pl\/wp-content\/uploads\/2020\/03\/logo.png\",\"width\":147,\"height\":53,\"caption\":\"Centrum Szkoleniowe Norton\"},\"image\":{\"@id\":\"https:\/\/norton.edu.pl\/uk\/#logo\"}},{\"@type\":\"WebSite\",\"@id\":\"https:\/\/norton.edu.pl\/uk\/#website\",\"url\":\"https:\/\/norton.edu.pl\/uk\/\",\"name\":\"Norton\",\"description\":\"\",\"publisher\":{\"@id\":\"https:\/\/norton.edu.pl\/uk\/#organization\"},\"potentialAction\":[{\"@type\":\"SearchAction\",\"target\":\"https:\/\/norton.edu.pl\/uk\/?s={search_term_string}\",\"query-input\":\"required name=search_term_string\"}],\"inLanguage\":\"uk\"},{\"@type\":\"WebPage\",\"@id\":\"https:\/\/norton.edu.pl\/uk\/o-nas\/#webpage\",\"url\":\"https:\/\/norton.edu.pl\/uk\/o-nas\/\",\"name\":\"Norton - O nas - pomagamy rozwija\\u0107 kompetencje\",\"isPartOf\":{\"@id\":\"https:\/\/norton.edu.pl\/uk\/#website\"},\"datePublished\":\"2020-03-13T13:38:43+00:00\",\"dateModified\":\"2020-06-18T12:19:58+00:00\",\"description\":\"Pomagamy rozwija\\u0107 kompetencje Twoje i Twoich pracownik\\u00f3w. Sprawd\\u017a, jak mo\\u017cemy Ci pom\\u00f3c uzyska\\u0107 dofinansowanie i zorganizowa\\u0107 szkolenie w Twojej firmie.\",\"inLanguage\":\"uk\",\"potentialAction\":[{\"@type\":\"ReadAction\",\"target\":[\"https:\/\/norton.edu.pl\/uk\/o-nas\/\"]}]}]}<\/script>\n<!-- \/ Yoast SEO plugin. -->","_links":{"self":[{"href":"https:\/\/norton.edu.pl\/uk\/wp-json\/wp\/v2\/pages\/44","targetHints":{"allow":["GET"]}}],"collection":[{"href":"https:\/\/norton.edu.pl\/uk\/wp-json\/wp\/v2\/pages"}],"about":[{"href":"https:\/\/norton.edu.pl\/uk\/wp-json\/wp\/v2\/types\/page"}],"author":[{"embeddable":true,"href":"https:\/\/norton.edu.pl\/uk\/wp-json\/wp\/v2\/users\/5"}],"replies":[{"embeddable":true,"href":"https:\/\/norton.edu.pl\/uk\/wp-json\/wp\/v2\/comments?post=44"}],"version-history":[{"count":18,"href":"https:\/\/norton.edu.pl\/uk\/wp-json\/wp\/v2\/pages\/44\/revisions"}],"predecessor-version":[{"id":786,"href":"https:\/\/norton.edu.pl\/uk\/wp-json\/wp\/v2\/pages\/44\/revisions\/786"}],"wp:attachment":[{"href":"https:\/\/norton.edu.pl\/uk\/wp-json\/wp\/v2\/media?parent=44"}],"curies":[{"name":"wp","href":"https:\/\/api.w.org\/{rel}","templated":true}]}}