{"id":3951,"date":"2026-02-18T10:36:09","date_gmt":"2026-02-18T09:36:09","guid":{"rendered":"https:\/\/norton.edu.pl\/?page_id=3951"},"modified":"2026-02-18T10:36:35","modified_gmt":"2026-02-18T09:36:35","slug":"projekty-archiwalne","status":"publish","type":"page","link":"https:\/\/norton.edu.pl\/uk\/projekty-archiwalne\/","title":{"rendered":"Projekty archiwalne"},"content":{"rendered":"<div data-elementor-type=\"wp-page\" data-elementor-id=\"3951\" class=\"elementor elementor-3951\">\n\t\t\t\t\t\t\t\t\t<section class=\"elementor-section elementor-top-section elementor-element elementor-element-668dff44 elementor-section-boxed elementor-section-height-default elementor-section-height-default\" data-id=\"668dff44\" data-element_type=\"section\">\n\t\t\t\t\t\t<div class=\"elementor-container elementor-column-gap-default\">\n\t\t\t\t\t<div class=\"elementor-column elementor-col-100 elementor-top-column elementor-element elementor-element-6b302027\" data-id=\"6b302027\" data-element_type=\"column\">\n\t\t\t<div class=\"elementor-widget-wrap elementor-element-populated\">\n\t\t\t\t\t\t\t\t<div class=\"elementor-element elementor-element-1b7f5c9b elementor-widget elementor-widget-heading\" data-id=\"1b7f5c9b\" data-element_type=\"widget\" data-widget_type=\"heading.default\">\n\t\t\t\t<div class=\"elementor-widget-container\">\n\t\t\t<style>\/*! elementor - v3.10.0 - 09-01-2023 *\/\n.elementor-heading-title{padding:0;margin:0;line-height:1}.elementor-widget-heading .elementor-heading-title[class*=elementor-size-]>a{color:inherit;font-size:inherit;line-height:inherit}.elementor-widget-heading .elementor-heading-title.elementor-size-small{font-size:15px}.elementor-widget-heading .elementor-heading-title.elementor-size-medium{font-size:19px}.elementor-widget-heading .elementor-heading-title.elementor-size-large{font-size:29px}.elementor-widget-heading .elementor-heading-title.elementor-size-xl{font-size:39px}.elementor-widget-heading .elementor-heading-title.elementor-size-xxl{font-size:59px}<\/style><h1 class=\"elementor-heading-title elementor-size-large\">\u0410\u0440\u0445\u0456\u0432 \u043f\u0440\u043e\u0435\u043a\u0442\u0443<\/h1>\t\t<\/div>\n\t\t\t\t<\/div>\n\t\t\t\t<div class=\"elementor-element elementor-element-1d78413e elementor-widget elementor-widget-spacer\" data-id=\"1d78413e\" data-element_type=\"widget\" data-widget_type=\"spacer.default\">\n\t\t\t\t<div class=\"elementor-widget-container\">\n\t\t\t<style>\/*! elementor - v3.10.0 - 09-01-2023 *\/\n.elementor-column .elementor-spacer-inner{height:var(--spacer-size)}.e-con{--container-widget-width:100%}.e-con-inner>.elementor-widget-spacer,.e-con>.elementor-widget-spacer{width:var(--container-widget-width,var(--spacer-size));--align-self:var(--container-widget-align-self,initial);--flex-shrink:0}.e-con-inner>.elementor-widget-spacer>.elementor-widget-container,.e-con-inner>.elementor-widget-spacer>.elementor-widget-container>.elementor-spacer,.e-con>.elementor-widget-spacer>.elementor-widget-container,.e-con>.elementor-widget-spacer>.elementor-widget-container>.elementor-spacer{height:100%}.e-con-inner>.elementor-widget-spacer>.elementor-widget-container>.elementor-spacer>.elementor-spacer-inner,.e-con>.elementor-widget-spacer>.elementor-widget-container>.elementor-spacer>.elementor-spacer-inner{height:var(--container-widget-height,var(--spacer-size))}<\/style>\t\t<div class=\"elementor-spacer\">\n\t\t\t<div class=\"elementor-spacer-inner\"><\/div>\n\t\t<\/div>\n\t\t\t\t<\/div>\n\t\t\t\t<\/div>\n\t\t\t\t<div class=\"elementor-element elementor-element-392ef284 premium-blog-align-left elementor-widget elementor-widget-premium-addon-blog\" data-id=\"392ef284\" data-element_type=\"widget\" data-settings=\"{&quot;premium_blog_columns_number&quot;:&quot;100%&quot;,&quot;custom_posts_filter&quot;:[&quot;633&quot;,&quot;648&quot;,&quot;657&quot;,&quot;666&quot;,&quot;1016&quot;,&quot;1038&quot;,&quot;1060&quot;,&quot;1156&quot;,&quot;1996&quot;,&quot;1998&quot;],&quot;premium_blog_columns_number_tablet&quot;:&quot;100%&quot;,&quot;premium_blog_grid&quot;:&quot;yes&quot;,&quot;premium_blog_layout&quot;:&quot;even&quot;,&quot;premium_blog_columns_number_mobile&quot;:&quot;100%&quot;,&quot;scroll_to_offset&quot;:&quot;yes&quot;}\" data-widget_type=\"premium-addon-blog.default\">\n\t\t\t\t<div class=\"elementor-widget-container\">\n\t\t\t\n\t\t\t\t<div class=\"premium-blog-wrap  premium-blog-even\" data-page=\"3951\" data-pagination=\"true\">\n\t\t\t\t\t<div class=\"premium-blog-post-outer-container\" data-total=\"3\">\n\t\t\t<div class=\"premium-blog-post-container premium-blog-skin-side\">\n\t\t\t\t\t\t\t\t\t<div class=\"premium-blog-thumb-effect-wrapper\">\n\t\t\t\t\t\t<div class=\"premium-blog-thumbnail-container premium-blog-none-effect\">\n\t\t\t\t\t\t\t<img loading=\"lazy\" decoding=\"async\" width=\"1144\" height=\"597\" src=\"https:\/\/norton.edu.pl\/wp-content\/uploads\/2020\/12\/zdj.jpg\" class=\"attachment-full size-full wp-image-1160\" alt=\"cztery m\u0142ode osoby rozmawiaj\u0105ce na temat projektu w tle rega\u0142 z ksi\u0105\u017ckami, napis zapraszamy do bezp\u0142atnego udzia\u0142u w projekcie &quot;M\u0142odzi pe\u0142ni POWER-a!&quot;\" srcset=\"https:\/\/norton.edu.pl\/wp-content\/uploads\/2020\/12\/zdj.jpg 1144w, https:\/\/norton.edu.pl\/wp-content\/uploads\/2020\/12\/zdj-300x157.jpg 300w, https:\/\/norton.edu.pl\/wp-content\/uploads\/2020\/12\/zdj-1024x534.jpg 1024w, https:\/\/norton.edu.pl\/wp-content\/uploads\/2020\/12\/zdj-768x401.jpg 768w, https:\/\/norton.edu.pl\/wp-content\/uploads\/2020\/12\/zdj-595x311.jpg 595w, https:\/\/norton.edu.pl\/wp-content\/uploads\/2020\/12\/zdj-1000x522.jpg 1000w\" sizes=\"auto, (max-width: 1144px) 100vw, 1144px\" \/>\t\t\t\t\t\t<\/div>\n\t\t\t\t\t\t\t\t\t\t\t\t\t<div class=\"premium-blog-thumbnail-overlay\">\n\t\t\t\t\t\t\t\t<a class=\"elementor-icon\" href=\"https:\/\/norton.edu.pl\/uk\/projekty\/ruszamy-z-realizacja-projektu-mlodzi-pelni-power-a-nr-projektu-rpmp-08-02-00-12-0022-20\/\" target=\"_self\" aria-hidden=\"true\"><span>Ruszamy z realizacj\u0105 projektu M\u0142odzi pe\u0142ni POWER-a! Nr projektu POWR.01.02.01-12-0022\/20<\/span><\/a>\n\t\t\t\t\t\t\t<\/div>\n\n\t\t\t\t\t\t\t\t\t\t\t\t\t\t\t\t\t\t<\/div>\n\t\t\t\t\t\t\t\t\t\t\t\t<div class=\"premium-blog-content-wrapper\">\n\n\t\t\t\t\t<div class=\"premium-blog-inner-container\">\n\n\t\t\t\t\t\t\t\t\t\t\t\t\t\t<h2 class=\"premium-blog-entry-title\">\n\t\t\t<a href=\"https:\/\/norton.edu.pl\/uk\/projekty\/ruszamy-z-realizacja-projektu-mlodzi-pelni-power-a-nr-projektu-rpmp-08-02-00-12-0022-20\/\" target=\"_self\">\n\t\t\t\tRuszamy z realizacj\u0105 projektu M\u0142odzi pe\u0142ni POWER-a! Nr projektu POWR.01.02.01-12-0022\/20\t\t\t<\/a>\n\t\t<\/h2>\n\t\t\t\t<div class=\"premium-blog-entry-meta\">\n\t\t\t\n\t\t\t\t\t\t\t<span class=\"premium-blog-meta-separator\">\u2022<\/span>\n\t\t\t\t<div class=\"premium-blog-post-time premium-blog-meta-data\">\n\t\t\t\t\t<i class=\"fa fa-calendar-alt\" aria-hidden=\"true\"><\/i>\n\t\t\t\t\t<span>3 \u0413\u0440\u0443\u0434\u043d\u044f 2020<\/span>\n\t\t\t\t<\/div>\n\t\t\t\n\t\t\t\n\t\t\t\t\t<\/div>\n\t\t\n\t\t\t\t\t<\/div>\n\n\t\t\t\t\t\t\t<div class=\"premium-blob-content-inner-wrapper\">\n\t\t<p class=\"premium-blog-post-content\">Zapraszamy osoby w wieku 18 \u2013 29\u00a0 lat z powiat\u00f3w suskiego, nowotarskiego i tatrza\u0144skiego.<\/p><div class=\"premium-blog-excerpt-link-wrap\"><a href=\"https:\/\/norton.edu.pl\/uk\/projekty\/ruszamy-z-realizacja-projektu-mlodzi-pelni-power-a-nr-projektu-rpmp-08-02-00-12-0022-20\/\" target=\"_self\" class=\"premium-blog-excerpt-link elementor-button\">  \u0427\u0438\u0442\u0430\u0442\u0438 \u0434\u0430\u043b\u0456  <\/a><\/div>\t\t<\/div>\n\t\t\t\t\t\t\t\n\t\t\t\t<\/div>\n\t\t\t<\/div>\n\t\t<\/div>\n\n\t\t\t\t<div class=\"premium-blog-post-outer-container\" data-total=\"3\">\n\t\t\t<div class=\"premium-blog-post-container premium-blog-skin-side\">\n\t\t\t\t\t\t\t\t\t<div class=\"premium-blog-thumb-effect-wrapper\">\n\t\t\t\t\t\t<div class=\"premium-blog-thumbnail-container premium-blog-none-effect\">\n\t\t\t\t\t\t\t<img loading=\"lazy\" decoding=\"async\" width=\"1500\" height=\"1001\" src=\"https:\/\/norton.edu.pl\/wp-content\/uploads\/2020\/09\/norton-projekty-ue.jpg\" class=\"attachment-full size-full wp-image-1061\" alt=\"zdj\u0119cie r\u0105k odrysowuj\u0105cych papierowy wz\u00f3r nietoperza\" srcset=\"https:\/\/norton.edu.pl\/wp-content\/uploads\/2020\/09\/norton-projekty-ue.jpg 1500w, https:\/\/norton.edu.pl\/wp-content\/uploads\/2020\/09\/norton-projekty-ue-300x200.jpg 300w, https:\/\/norton.edu.pl\/wp-content\/uploads\/2020\/09\/norton-projekty-ue-1024x683.jpg 1024w, https:\/\/norton.edu.pl\/wp-content\/uploads\/2020\/09\/norton-projekty-ue-768x513.jpg 768w, https:\/\/norton.edu.pl\/wp-content\/uploads\/2020\/09\/norton-projekty-ue-595x397.jpg 595w, https:\/\/norton.edu.pl\/wp-content\/uploads\/2020\/09\/norton-projekty-ue-1190x794.jpg 1190w, https:\/\/norton.edu.pl\/wp-content\/uploads\/2020\/09\/norton-projekty-ue-1000x667.jpg 1000w\" sizes=\"auto, (max-width: 1500px) 100vw, 1500px\" \/>\t\t\t\t\t\t<\/div>\n\t\t\t\t\t\t\t\t\t\t\t\t\t<div class=\"premium-blog-thumbnail-overlay\">\n\t\t\t\t\t\t\t\t<a class=\"elementor-icon\" href=\"https:\/\/norton.edu.pl\/uk\/projekty\/zaczynamy-realizacje-projektu-przedszkole-na-celujacy-nr-rpds-10-01-01-02-0037-19\/\" target=\"_self\" aria-hidden=\"true\"><span>Zaczynamy realizacj\u0119 projektu  \u201ePrzedszkole na celuj\u0105cy!\u201d Nr RPDS.10.01.01-02-0037\/19<\/span><\/a>\n\t\t\t\t\t\t\t<\/div>\n\n\t\t\t\t\t\t\t\t\t\t\t\t\t\t\t\t\t\t<\/div>\n\t\t\t\t\t\t\t\t\t\t\t\t<div class=\"premium-blog-content-wrapper\">\n\n\t\t\t\t\t<div class=\"premium-blog-inner-container\">\n\n\t\t\t\t\t\t\t\t\t\t\t\t\t\t<h2 class=\"premium-blog-entry-title\">\n\t\t\t<a href=\"https:\/\/norton.edu.pl\/uk\/projekty\/zaczynamy-realizacje-projektu-przedszkole-na-celujacy-nr-rpds-10-01-01-02-0037-19\/\" target=\"_self\">\n\t\t\t\tZaczynamy realizacj\u0119 projektu  \u201ePrzedszkole na celuj\u0105cy!\u201d Nr RPDS.10.01.01-02-0037\/19\t\t\t<\/a>\n\t\t<\/h2>\n\t\t\t\t<div class=\"premium-blog-entry-meta\">\n\t\t\t\n\t\t\t\t\t\t\t<span class=\"premium-blog-meta-separator\">\u2022<\/span>\n\t\t\t\t<div class=\"premium-blog-post-time premium-blog-meta-data\">\n\t\t\t\t\t<i class=\"fa fa-calendar-alt\" aria-hidden=\"true\"><\/i>\n\t\t\t\t\t<span>3 \u0412\u0435\u0440\u0435\u0441\u043d\u044f 2020<\/span>\n\t\t\t\t<\/div>\n\t\t\t\n\t\t\t\n\t\t\t\t\t<\/div>\n\t\t\n\t\t\t\t\t<\/div>\n\n\t\t\t\t\t\t\t<div class=\"premium-blob-content-inner-wrapper\">\n\t\t<p class=\"premium-blog-post-content\">Mi\u0142o nam poinformowa\u0107, \u017ce razem z naszym Partnerem Gmin\u0105 Wo\u0142\u00f3w rozpocz\u0119li\u015bmy realizacji wsp\u00f3lnego przedsi\u0119wzi\u0119cia  jakim jest   projekt Przedszkole na celuj\u0105cy!<\/p><div class=\"premium-blog-excerpt-link-wrap\"><a href=\"https:\/\/norton.edu.pl\/uk\/projekty\/zaczynamy-realizacje-projektu-przedszkole-na-celujacy-nr-rpds-10-01-01-02-0037-19\/\" target=\"_self\" class=\"premium-blog-excerpt-link elementor-button\">  \u0427\u0438\u0442\u0430\u0442\u0438 \u0434\u0430\u043b\u0456  <\/a><\/div>\t\t<\/div>\n\t\t\t\t\t\t\t\n\t\t\t\t<\/div>\n\t\t\t<\/div>\n\t\t<\/div>\n\n\t\t\t\t<div class=\"premium-blog-post-outer-container\" data-total=\"3\">\n\t\t\t<div class=\"premium-blog-post-container premium-blog-skin-side\">\n\t\t\t\t\t\t\t\t\t<div class=\"premium-blog-thumb-effect-wrapper\">\n\t\t\t\t\t\t<div class=\"premium-blog-thumbnail-container premium-blog-none-effect\">\n\t\t\t\t\t\t\t<img loading=\"lazy\" decoding=\"async\" width=\"1500\" height=\"998\" src=\"https:\/\/norton.edu.pl\/wp-content\/uploads\/2020\/08\/norton-szkolenia-ue.jpg\" class=\"attachment-full size-full wp-image-1056\" alt=\"zdj\u0119cie osoby pisz\u0105cej w notatniku przed otwartym laptopem, z boku fili\u017canka kawy\" srcset=\"https:\/\/norton.edu.pl\/wp-content\/uploads\/2020\/08\/norton-szkolenia-ue.jpg 1500w, https:\/\/norton.edu.pl\/wp-content\/uploads\/2020\/08\/norton-szkolenia-ue-300x200.jpg 300w, https:\/\/norton.edu.pl\/wp-content\/uploads\/2020\/08\/norton-szkolenia-ue-1024x681.jpg 1024w, https:\/\/norton.edu.pl\/wp-content\/uploads\/2020\/08\/norton-szkolenia-ue-768x511.jpg 768w, https:\/\/norton.edu.pl\/wp-content\/uploads\/2020\/08\/norton-szkolenia-ue-595x396.jpg 595w, https:\/\/norton.edu.pl\/wp-content\/uploads\/2020\/08\/norton-szkolenia-ue-1190x792.jpg 1190w, https:\/\/norton.edu.pl\/wp-content\/uploads\/2020\/08\/norton-szkolenia-ue-1000x665.jpg 1000w\" sizes=\"auto, (max-width: 1500px) 100vw, 1500px\" \/>\t\t\t\t\t\t<\/div>\n\t\t\t\t\t\t\t\t\t\t\t\t\t<div class=\"premium-blog-thumbnail-overlay\">\n\t\t\t\t\t\t\t\t<a class=\"elementor-icon\" href=\"https:\/\/norton.edu.pl\/uk\/projekty\/zapraszamy-do-udzialu-w-bezplatnym-projekcie-razem-mozemy-wiecej-ii\/\" target=\"_self\" aria-hidden=\"true\"><span>ZAPRASZAMY DO UDZIA\u0141U W BEZP\u0141ATNYM PROJEKCIE RAZEM mo\u017cemy wi\u0119cej! II<\/span><\/a>\n\t\t\t\t\t\t\t<\/div>\n\n\t\t\t\t\t\t\t\t\t\t\t\t\t\t\t\t\t\t<\/div>\n\t\t\t\t\t\t\t\t\t\t\t\t<div class=\"premium-blog-content-wrapper\">\n\n\t\t\t\t\t<div class=\"premium-blog-inner-container\">\n\n\t\t\t\t\t\t\t\t\t\t\t\t\t\t<h2 class=\"premium-blog-entry-title\">\n\t\t\t<a href=\"https:\/\/norton.edu.pl\/uk\/projekty\/zapraszamy-do-udzialu-w-bezplatnym-projekcie-razem-mozemy-wiecej-ii\/\" target=\"_self\">\n\t\t\t\tZAPRASZAMY DO UDZIA\u0141U W BEZP\u0141ATNYM PROJEKCIE RAZEM mo\u017cemy wi\u0119cej! II\t\t\t<\/a>\n\t\t<\/h2>\n\t\t\t\t<div class=\"premium-blog-entry-meta\">\n\t\t\t\n\t\t\t\t\t\t\t<span class=\"premium-blog-meta-separator\">\u2022<\/span>\n\t\t\t\t<div class=\"premium-blog-post-time premium-blog-meta-data\">\n\t\t\t\t\t<i class=\"fa fa-calendar-alt\" aria-hidden=\"true\"><\/i>\n\t\t\t\t\t<span>1 \u0421\u0435\u0440\u043f\u043d\u044f 2020<\/span>\n\t\t\t\t<\/div>\n\t\t\t\n\t\t\t\n\t\t\t\t\t<\/div>\n\t\t\n\t\t\t\t\t<\/div>\n\n\t\t\t\t\t\t\t<div class=\"premium-blob-content-inner-wrapper\">\n\t\t<p class=\"premium-blog-post-content\">Nr projektu RPMP.08.02.00-12-0147\/20<\/p><div class=\"premium-blog-excerpt-link-wrap\"><a href=\"https:\/\/norton.edu.pl\/uk\/projekty\/zapraszamy-do-udzialu-w-bezplatnym-projekcie-razem-mozemy-wiecej-ii\/\" target=\"_self\" class=\"premium-blog-excerpt-link elementor-button\">  \u0427\u0438\u0442\u0430\u0442\u0438 \u0434\u0430\u043b\u0456  <\/a><\/div>\t\t<\/div>\n\t\t\t\t\t\t\t\n\t\t\t\t<\/div>\n\t\t\t<\/div>\n\t\t<\/div>\n\n\t\t\t\t<div class=\"premium-blog-post-outer-container\" data-total=\"3\">\n\t\t\t<div class=\"premium-blog-post-container premium-blog-skin-side\">\n\t\t\t\t\t\t\t\t\t<div class=\"premium-blog-thumb-effect-wrapper\">\n\t\t\t\t\t\t<div class=\"premium-blog-thumbnail-container premium-blog-none-effect\">\n\t\t\t\t\t\t\t<img loading=\"lazy\" decoding=\"async\" width=\"1557\" height=\"1038\" src=\"https:\/\/norton.edu.pl\/wp-content\/uploads\/2020\/08\/szkolenianorton.jpg\" class=\"attachment-full size-full wp-image-1055\" alt=\"zdj\u0119cie przedstawiaj\u0105ce fili\u017cank\u0119 kawy na spodku, obok notatnik z d\u0142ugopisem\" srcset=\"https:\/\/norton.edu.pl\/wp-content\/uploads\/2020\/08\/szkolenianorton.jpg 1557w, https:\/\/norton.edu.pl\/wp-content\/uploads\/2020\/08\/szkolenianorton-300x200.jpg 300w, https:\/\/norton.edu.pl\/wp-content\/uploads\/2020\/08\/szkolenianorton-1024x683.jpg 1024w, https:\/\/norton.edu.pl\/wp-content\/uploads\/2020\/08\/szkolenianorton-768x512.jpg 768w, https:\/\/norton.edu.pl\/wp-content\/uploads\/2020\/08\/szkolenianorton-1536x1024.jpg 1536w, https:\/\/norton.edu.pl\/wp-content\/uploads\/2020\/08\/szkolenianorton-595x397.jpg 595w, https:\/\/norton.edu.pl\/wp-content\/uploads\/2020\/08\/szkolenianorton-1190x793.jpg 1190w, https:\/\/norton.edu.pl\/wp-content\/uploads\/2020\/08\/szkolenianorton-1000x667.jpg 1000w\" sizes=\"auto, (max-width: 1557px) 100vw, 1557px\" \/>\t\t\t\t\t\t<\/div>\n\t\t\t\t\t\t\t\t\t\t\t\t\t<div class=\"premium-blog-thumbnail-overlay\">\n\t\t\t\t\t\t\t\t<a class=\"elementor-icon\" href=\"https:\/\/norton.edu.pl\/uk\/projekty\/projekt-podniesienie-kompetencji-mieszkancow-malych-miejscowosci-wielkopolski-w-zakresie-podstawowej-znajomosci-jezyka-angielskiego-edycja-2\/\" target=\"_self\" aria-hidden=\"true\"><span>Projekt  \u201ePodniesienie kompetencji mieszka\u0144c\u00f3w ma\u0142ych miejscowo\u015bci Wielkopolski w zakresie podstawowej znajomo\u015bci j\u0119zyka angielskiego \u2013 Edycja 2\u201d<\/span><\/a>\n\t\t\t\t\t\t\t<\/div>\n\n\t\t\t\t\t\t\t\t\t\t\t\t\t\t\t\t\t\t<\/div>\n\t\t\t\t\t\t\t\t\t\t\t\t<div class=\"premium-blog-content-wrapper\">\n\n\t\t\t\t\t<div class=\"premium-blog-inner-container\">\n\n\t\t\t\t\t\t\t\t\t\t\t\t\t\t<h2 class=\"premium-blog-entry-title\">\n\t\t\t<a href=\"https:\/\/norton.edu.pl\/uk\/projekty\/projekt-podniesienie-kompetencji-mieszkancow-malych-miejscowosci-wielkopolski-w-zakresie-podstawowej-znajomosci-jezyka-angielskiego-edycja-2\/\" target=\"_self\">\n\t\t\t\tProjekt  \u201ePodniesienie kompetencji mieszka\u0144c\u00f3w ma\u0142ych miejscowo\u015bci Wielkopolski w zakresie podstawowej znajomo\u015bci j\u0119zyka angielskiego \u2013 Edycja 2\u201d\t\t\t<\/a>\n\t\t<\/h2>\n\t\t\t\t<div class=\"premium-blog-entry-meta\">\n\t\t\t\n\t\t\t\t\t\t\t<span class=\"premium-blog-meta-separator\">\u2022<\/span>\n\t\t\t\t<div class=\"premium-blog-post-time premium-blog-meta-data\">\n\t\t\t\t\t<i class=\"fa fa-calendar-alt\" aria-hidden=\"true\"><\/i>\n\t\t\t\t\t<span>1 \u0421\u0435\u0440\u043f\u043d\u044f 2020<\/span>\n\t\t\t\t<\/div>\n\t\t\t\n\t\t\t\n\t\t\t\t\t<\/div>\n\t\t\n\t\t\t\t\t<\/div>\n\n\t\t\t\t\t\t\t<div class=\"premium-blob-content-inner-wrapper\">\n\t\t<p class=\"premium-blog-post-content\">Grup\u0105 docelow\u0105 s\u0105 433 kobiety i 359 m\u0119\u017cczyzn z obszaru 22 s\u0142abo zurbanizowanych powiat\u00f3w wojew\u00f3dztwa wielkopolskiego.<\/p><div class=\"premium-blog-excerpt-link-wrap\"><a href=\"https:\/\/norton.edu.pl\/uk\/projekty\/projekt-podniesienie-kompetencji-mieszkancow-malych-miejscowosci-wielkopolski-w-zakresie-podstawowej-znajomosci-jezyka-angielskiego-edycja-2\/\" target=\"_self\" class=\"premium-blog-excerpt-link elementor-button\">  \u0427\u0438\u0442\u0430\u0442\u0438 \u0434\u0430\u043b\u0456  <\/a><\/div>\t\t<\/div>\n\t\t\t\t\t\t\t\n\t\t\t\t<\/div>\n\t\t\t<\/div>\n\t\t<\/div>\n\n\t\t\t\t<\/div>\n\n\t\t\t\t<div class=\"premium-blog-footer\">\n\t\t\t\t\t\t<nav class=\"premium-blog-pagination-container\" role=\"navigation\" aria-label=\"Pagination\">\n\t\t\t\t<span aria-current=\"page\" class=\"page-numbers current\">1<\/span>\n<a class=\"page-numbers\" href=\"https:\/\/norton.edu.pl\/uk\/wp-json\/wp\/v2\/pages\/3951\/page\/2\/\">2<\/a>\n<a class=\"page-numbers\" href=\"https:\/\/norton.edu.pl\/uk\/wp-json\/wp\/v2\/pages\/3951\/page\/3\/\">3<\/a>\t\t\t<\/nav>\n\t\t\t\t\t<\/div>\n\t\t\t\t\t<\/div>\n\t\t\t\t<\/div>\n\t\t\t\t\t<\/div>\n\t\t<\/div>\n\t\t\t\t\t\t\t<\/div>\n\t\t<\/section>\n\t\t\t\t<section class=\"elementor-section elementor-top-section elementor-element elementor-element-52b0800e elementor-section-boxed elementor-section-height-default elementor-section-height-default\" data-id=\"52b0800e\" data-element_type=\"section\">\n\t\t\t\t\t\t<div class=\"elementor-container elementor-column-gap-default\">\n\t\t\t\t\t<div class=\"elementor-column elementor-col-100 elementor-top-column elementor-element elementor-element-7fe0dfe1\" data-id=\"7fe0dfe1\" data-element_type=\"column\">\n\t\t\t<div class=\"elementor-widget-wrap\">\n\t\t\t\t\t\t\t\t\t<\/div>\n\t\t<\/div>\n\t\t\t\t\t\t\t<\/div>\n\t\t<\/section>\n\t\t\t\t\t\t\t<\/div>","protected":false},"excerpt":{"rendered":"<p>Archiwum projekt\u00f3w Ruszamy z realizacj\u0105 projektu M\u0142odzi pe\u0142ni POWER-a! Nr projektu POWR.01.02.01-12-0022\/20 Ruszamy z realizacj\u0105 projektu M\u0142odzi pe\u0142ni POWER-a! Nr projektu POWR.01.02.01-12-0022\/20 \u2022 3 grudnia 2020 Zapraszamy osoby w wieku 18 \u2013 29\u00a0 lat z powiat\u00f3w suskiego, nowotarskiego i tatrza\u0144skiego. Czytaj wi\u0119cej Zaczynamy realizacj\u0119 projektu \u201ePrzedszkole na celuj\u0105cy!\u201d Nr RPDS.10.01.01-02-0037\/19 Zaczynamy realizacj\u0119 projektu \u201ePrzedszkole na [&hellip;]<\/p>","protected":false},"author":3,"featured_media":0,"parent":0,"menu_order":0,"comment_status":"closed","ping_status":"closed","template":"elementor_header_footer","meta":{"footnotes":""},"class_list":["post-3951","page","type-page","status-publish","hentry"],"yoast_head":"<!-- This site is optimized with the Yoast SEO plugin v14.9 - https:\/\/yoast.com\/wordpress\/plugins\/seo\/ -->\n<title>Norton - Projekty archiwalne - Szkolenia z dofinansowaniem 80% i Projekty UE<\/title>\n<meta name=\"description\" content=\"Centrum Szkoleniowe Norton organizuje szkolenia z dofinansowaniem do 80% (j\u0119zykowe, managerskie i inne) projekty unijne i warsztaty dla firm i instutycji.\" \/>\n<meta name=\"robots\" content=\"index, follow, max-snippet:-1, max-image-preview:large, max-video-preview:-1\" \/>\n<link rel=\"canonical\" href=\"https:\/\/norton.edu.pl\/uk\/projekty-archiwalne\/\" \/>\n<meta property=\"og:locale\" content=\"uk_UA\" \/>\n<meta property=\"og:type\" content=\"article\" \/>\n<meta property=\"og:title\" content=\"Norton - Projekty archiwalne - Szkolenia z dofinansowaniem 80% i Projekty UE\" \/>\n<meta property=\"og:description\" content=\"Centrum Szkoleniowe Norton organizuje szkolenia z dofinansowaniem do 80% (j\u0119zykowe, managerskie i inne) projekty unijne i warsztaty dla firm i instutycji.\" \/>\n<meta property=\"og:url\" content=\"https:\/\/norton.edu.pl\/uk\/projekty-archiwalne\/\" \/>\n<meta property=\"og:site_name\" content=\"Norton\" \/>\n<meta property=\"article:publisher\" content=\"https:\/\/www.facebook.com\/KursyNorton\" \/>\n<meta property=\"article:modified_time\" content=\"2026-02-18T09:36:35+00:00\" \/>\n<meta property=\"og:image\" content=\"https:\/\/norton.edu.pl\/wp-content\/uploads\/2020\/12\/zdj.jpg\" \/>\n<meta name=\"twitter:card\" content=\"summary_large_image\" \/>\n<script type=\"application\/ld+json\" class=\"yoast-schema-graph\">{\"@context\":\"https:\/\/schema.org\",\"@graph\":[{\"@type\":\"Organization\",\"@id\":\"https:\/\/norton.edu.pl\/uk\/#organization\",\"name\":\"Centrum Szkoleniowe Norton\",\"url\":\"https:\/\/norton.edu.pl\/uk\/\",\"sameAs\":[\"https:\/\/www.facebook.com\/KursyNorton\"],\"logo\":{\"@type\":\"ImageObject\",\"@id\":\"https:\/\/norton.edu.pl\/uk\/#logo\",\"inLanguage\":\"uk\",\"url\":\"https:\/\/norton.edu.pl\/wp-content\/uploads\/2020\/03\/logo.png\",\"width\":147,\"height\":53,\"caption\":\"Centrum Szkoleniowe Norton\"},\"image\":{\"@id\":\"https:\/\/norton.edu.pl\/uk\/#logo\"}},{\"@type\":\"WebSite\",\"@id\":\"https:\/\/norton.edu.pl\/uk\/#website\",\"url\":\"https:\/\/norton.edu.pl\/uk\/\",\"name\":\"Norton\",\"description\":\"\",\"publisher\":{\"@id\":\"https:\/\/norton.edu.pl\/uk\/#organization\"},\"potentialAction\":[{\"@type\":\"SearchAction\",\"target\":\"https:\/\/norton.edu.pl\/uk\/?s={search_term_string}\",\"query-input\":\"required name=search_term_string\"}],\"inLanguage\":\"uk\"},{\"@type\":\"ImageObject\",\"@id\":\"https:\/\/norton.edu.pl\/uk\/projekty-archiwalne\/#primaryimage\",\"inLanguage\":\"uk\",\"url\":\"https:\/\/norton.edu.pl\/wp-content\/uploads\/2020\/12\/zdj.jpg\",\"width\":1144,\"height\":597,\"caption\":\"cztery m\\u0142ode osoby rozmawiaj\\u0105ce na temat projektu w tle rega\\u0142 z ksi\\u0105\\u017ckami, napis zapraszamy do bezp\\u0142atnego udzia\\u0142u w projekcie \\\"M\\u0142odzi pe\\u0142ni POWER-a!\\\"\"},{\"@type\":\"WebPage\",\"@id\":\"https:\/\/norton.edu.pl\/uk\/projekty-archiwalne\/#webpage\",\"url\":\"https:\/\/norton.edu.pl\/uk\/projekty-archiwalne\/\",\"name\":\"Norton - Projekty archiwalne - Szkolenia z dofinansowaniem 80% i Projekty UE\",\"isPartOf\":{\"@id\":\"https:\/\/norton.edu.pl\/uk\/#website\"},\"primaryImageOfPage\":{\"@id\":\"https:\/\/norton.edu.pl\/uk\/projekty-archiwalne\/#primaryimage\"},\"datePublished\":\"2026-02-18T09:36:09+00:00\",\"dateModified\":\"2026-02-18T09:36:35+00:00\",\"description\":\"Centrum Szkoleniowe Norton organizuje szkolenia z dofinansowaniem do 80% (j\\u0119zykowe, managerskie i inne) projekty unijne i warsztaty dla firm i instutycji.\",\"inLanguage\":\"uk\",\"potentialAction\":[{\"@type\":\"ReadAction\",\"target\":[\"https:\/\/norton.edu.pl\/uk\/projekty-archiwalne\/\"]}]}]}<\/script>\n<!-- \/ Yoast SEO plugin. -->","_links":{"self":[{"href":"https:\/\/norton.edu.pl\/uk\/wp-json\/wp\/v2\/pages\/3951","targetHints":{"allow":["GET"]}}],"collection":[{"href":"https:\/\/norton.edu.pl\/uk\/wp-json\/wp\/v2\/pages"}],"about":[{"href":"https:\/\/norton.edu.pl\/uk\/wp-json\/wp\/v2\/types\/page"}],"author":[{"embeddable":true,"href":"https:\/\/norton.edu.pl\/uk\/wp-json\/wp\/v2\/users\/3"}],"replies":[{"embeddable":true,"href":"https:\/\/norton.edu.pl\/uk\/wp-json\/wp\/v2\/comments?post=3951"}],"version-history":[{"count":3,"href":"https:\/\/norton.edu.pl\/uk\/wp-json\/wp\/v2\/pages\/3951\/revisions"}],"predecessor-version":[{"id":3954,"href":"https:\/\/norton.edu.pl\/uk\/wp-json\/wp\/v2\/pages\/3951\/revisions\/3954"}],"wp:attachment":[{"href":"https:\/\/norton.edu.pl\/uk\/wp-json\/wp\/v2\/media?parent=3951"}],"curies":[{"name":"wp","href":"https:\/\/api.w.org\/{rel}","templated":true}]}}