{"id":3,"date":"2020-03-13T09:42:57","date_gmt":"2020-03-13T08:42:57","guid":{"rendered":"http:\/\/localhost:8888\/norton\/?page_id=3"},"modified":"2020-06-18T12:44:32","modified_gmt":"2020-06-18T10:44:32","slug":"polityka-prywatnosci","status":"publish","type":"page","link":"https:\/\/norton.edu.pl\/uk\/polityka-prywatnosci\/","title":{"rendered":"\u043f\u043e\u043b\u0456\u0442\u0438\u043a\u0430 \u043a\u043e\u043d\u0444\u0456\u0434\u0435\u043d\u0446\u0456\u0439\u043d\u043e\u0441\u0442\u0456"},"content":{"rendered":"<p align=\"JUSTIFY\" data-fontsize=\"16\">Prosimy o zapoznanie z nasz\u0105 Polityk\u0105 Prywatno\u015bci, aby dowiedzie\u0107 si\u0119, w jakim celu i zakresie przetwarzamy Pa\u0144stwa Dane Osobowe, a tak\u017ce komu mo\u017cemy je przekazywa\u0107.<\/p>\n<p align=\"JUSTIFY\" data-fontsize=\"16\">Je\u017celi nie akceptuj\u0105 Pa\u0144stwo tych procedur \u2013 prosimy o niekorzystanie z naszych us\u0142ug. Je\u015bli jednak maj\u0105 Pa\u0144stwo jakiekolwiek pytania lub w\u0105tpliwo\u015bci \u2013 jeste\u015bmy do Pa\u0144stwa dyspozycji. Nasze dane kontaktowe znajduj\u0105 si\u0119 na samym dole niniejszej Polityki.<\/p>\n<p align=\"JUSTIFY\" data-fontsize=\"16\"><strong>DEFINICJE<\/strong><br \/>\nJe\u015bli w niniejszej Polityce pos\u0142ugujemy si\u0119 poni\u017cszymi zwrotami, nale\u017cy im przypisa\u0107 nast\u0119puj\u0105ce znaczenie;<\/p>\n<p align=\"JUSTIFY\" data-fontsize=\"16\"><strong>Centrum Szkoleniowe NORTON<br \/>\n<\/strong>oznacza Piotra Roberta Szmigla, prowadz\u0105cego dzia\u0142alno\u015b\u0107 gospodarcz\u0105 pod firm\u0105 Piotr Robert Szmigiel Centrum Szkoleniowe NORTON, Aleja p\u0142k. W\u0142adys\u0142awa Beliny-Pra\u017cmowskiego 59\/5, 31-534 Krak\u00f3w,\u00a0NIP: 677-161-89-07, REGON: 357059726;<\/p>\n<p align=\"JUSTIFY\" data-fontsize=\"16\"><strong>Dane Osobowe<br \/>\n<\/strong>oznaczaj\u0105 dane osobowe w rozumieniu art. 4 pkt. 1 Rozporz\u0105dzenia, tj. informacje o zidentyfikowanej lub mo\u017cliwej do zidentyfikowania osobie fizycznej (\u201eosobie, kt\u00f3rej dane dotycz\u0105\u201d);<\/p>\n<p align=\"JUSTIFY\" data-fontsize=\"16\"><strong>\u041f\u043e\u0441\u043b\u0443\u0433\u0438<\/strong><br \/>\noznaczaj\u0105 \u015bwiadczone przez Centrum Szkoleniowe NORTON us\u0142ugi, w szczeg\u00f3lno\u015bci realizowane szkolenia, kursy i egzaminy j\u0119zykowe, kt\u00f3rych szczeg\u00f3\u0142owy opis znajduje si\u0119 na stronie internetowej www.norton.edu.pl;<\/p>\n<p data-fontsize=\"16\"><strong>U\u017cytkownik<br \/>\n<\/strong>oznacza odbiorc\u0119 Us\u0142ug \u015bwiadczonych przez Centrum Szkoleniowe NORTON, w tym uczestnik\u00f3w kurs\u00f3w, szkole\u0144 i egzamin\u00f3w realizowanych przez Centrum Szkoleniowe NORTON oraz osoby, kt\u00f3re zg\u0142osi\u0142y ch\u0119\u0107 udzia\u0142u w szkoleniach i egzaminach poprzez przes\u0142anie zg\u0142oszenia za pomoc\u0105 strony internetowej\u00a0<a href=\"https:\/\/norton.edu.pl\/uk\/\" data-fontsize=\"16\">www.norton.edu.pl<\/a>\u00a0oraz osoby odwiedzaj\u0105ce niniejsz\u0105 stron\u0119 internetow\u0105;<\/p>\n<p align=\"JUSTIFY\" data-fontsize=\"16\"><strong>Polityka<\/strong><br \/>\noznacza niniejsz\u0105 polityk\u0119 prywatno\u015bci;<\/p>\n<p align=\"JUSTIFY\" data-fontsize=\"16\"><strong>Przetwarzanie<\/strong><br \/>\noznacza wszelkie dokonywane przez Centrum Szkoleniowe NORTON operacje na Danych Osobowych takie jak zbieranie, utrwalanie, przechowywanie, opracowywanie, zmienianie, udost\u0119pnianie i usuwanie danych osobowych;<\/p>\n<p align=\"JUSTIFY\" data-fontsize=\"16\"><strong>Rozporz\u0105dzanie<\/strong><br \/>\nRozporz\u0105dzenie Parlamentu Europejskiego i Rady (UE) 2016\/679 z dnia 27 kwietnia 2016 r. w sprawie ochrony os\u00f3b fizycznych w zwi\u0105zku z przetwarzaniem danych osobowych i w sprawie swobodnego przep\u0142ywu takich danych oraz uchylenia dyrektywy 95\/46\/WE (og\u00f3lne rozporz\u0105dzenie o ochronie danych)<\/p>\n<p align=\"JUSTIFY\" data-fontsize=\"16\"><strong>Zasady Przetwarzania Danych Osobowych<\/strong><\/p>\n<p align=\"JUSTIFY\" data-fontsize=\"16\">1. Za po\u015brednictwem strony internetowej www.norton.edu.pl Centrum Szkoleniowe Norton mo\u017ce przetwarza\u0107 Pa\u0144stwa Dane Osobowe \u2013 dzieje si\u0119 tak jednak wy\u0142\u0105cznie w przypadku, gdy s\u0105 Pa\u0144stwo U\u017cytkownikami, kt\u00f3rzy dobrowolnie podali nam swoje Dane Osobowe i wyrazili zgod\u0119 na ich przetwarzanie lub gdy przetwarzanie Danych Osobowych wynika z korzystania przez Pa\u0144stwa z naszych Us\u0142ug, w szczeg\u00f3lno\u015bci Pa\u0144stwa udzia\u0142u w kursach, szkoleniach i egzaminach. Przetwarzaj\u0105c Pa\u0144stwa Dane Osobowe przestrzegamy przepis\u00f3w Rozporz\u0105dzenia.<\/p>\n<p align=\"JUSTIFY\" data-fontsize=\"16\">2. Administratorem Pa\u0144stwa Danych Osobowych jest Piotr Robert Szmigiel, prowadz\u0105cy dzia\u0142alno\u015b\u0107 gospodarcz\u0105 pod firm\u0105 Piotr Robert Szmigiel Centrum Szkoleniowe NORTON, Aleja p\u0142k. W\u0142adys\u0142awa Beliny-Pra\u017cmowskiego 59\/5, 31-534 Krak\u00f3w, NIP: 677-161-89-07, REGON: 357059726.<\/p>\n<p align=\"JUSTIFY\" data-fontsize=\"16\">3. Podanie przez Pa\u0144stwa Danych Osobowych jest dobrowolne, cho\u0107 niezb\u0119dne do korzystania z Us\u0142ug \u015bwiadczonych przez Centrum Szkoleniowe NORTON i korzystania z ich pe\u0142nej funkcjonalno\u015bci.<\/p>\n<p align=\"JUSTIFY\" data-fontsize=\"16\"><strong>Zakres i CEL zbieranych danych osobowych<\/strong><\/p>\n<p align=\"JUSTIFY\" data-fontsize=\"16\">4. Aby \u015bwiadczy\u0107 na Pa\u0144stwa rzecz Us\u0142ugi, potrzebujemy niekt\u00f3rych Pa\u0144stwa Danych Osobowych dlatego:<\/p>\n<ol type=\"a\">\n<li>\n<p align=\"JUSTIFY\" data-fontsize=\"16\">podczas rejestracji wyra\u017caj\u0105cej wol\u0119 U\u017cytkownika udzia\u0142u w kursach, szkoleniach i egzaminach prosimy Pa\u0144stwa o podanie (i) imienia (ii) nazwiska (iii) adresu e-mail.<br \/>\npodczas wype\u0142niania ankiety niezb\u0119dnej dla zapisania si\u0119 na poszczeg\u00f3lne Szkolenia, ankieta sporz\u0105dzona na potrzeby danego Szkoleniu ka\u017cdorazowo okre\u015bla zakres danych osobowych niezb\u0119dnych dla zg\u0142oszenia si\u0119 na Szkolenie,<\/p>\n<\/li>\n<li>\n<p align=\"JUSTIFY\" data-fontsize=\"16\">podczas korzystania przez Pa\u0144stwa z naszej Strony internetowej zbieramy informacje statystyczne za po\u015brednictwem plik\u00f3w cookies \u2013 nie profilujemy jednak U\u017cytkownik\u00f3w,<\/p>\n<\/li>\n<li>\n<p align=\"JUSTIFY\" data-fontsize=\"16\">d. podczas korzystania z formularza kontaktowego wymaga podania danych osobowych, niezb\u0119dnych do skontaktowania si\u0119 z Pa\u0144stwem i udzielenia odpowiedzi na zapytanie. U\u017cytkownik mo\u017ce poda\u0107 r\u00f3wnie\u017c inne dane, w celu u\u0142atwienia kontaktu lub obs\u0142ugi zapytania.<\/p>\n<\/li>\n<\/ol>\n<p align=\"JUSTIFY\" data-fontsize=\"16\">5. Dane Osobowe wskazane w pkt. 5 powy\u017cej s\u0105 adekwatne do celu, dla jakiego je przetwarzamy \u2013 nigdy nie prosimy Pa\u0144stwa o podanie wi\u0119cej informacji ni\u017c te, kt\u00f3re s\u0105 dla nas niezb\u0119dne dla \u015bwiadczenia dla Pa\u0144stwa Us\u0142ug.<\/p>\n<p align=\"JUSTIFY\" data-fontsize=\"16\">6. Przetwarzamy Pa\u0144stwa Dane Osobowe:<\/p>\n<ol type=\"a\">\n<li>\n<p align=\"JUSTIFY\" data-fontsize=\"16\">w celu \u015bwiadczenia Us\u0142ug,<\/p>\n<\/li>\n<li>\n<p align=\"JUSTIFY\" data-fontsize=\"16\">w celu marketingu bezpo\u015bredniego naszych w\u0142asnych us\u0142ug oraz w celach statystycznych,<\/p>\n<\/li>\n<li>\n<p align=\"JUSTIFY\" data-fontsize=\"16\">je\u017celi wyra\u017c\u0105 Pa\u0144stwo na to zgod\u0119 \u2013 w celach marketingowych, tj. przesy\u0142ania Pa\u0144stwu naszych aktualnych informacji handlowych,<\/p>\n<\/li>\n<li>\n<p align=\"JUSTIFY\" data-fontsize=\"16\">w celu identyfikacji nadawcy oraz obs\u0142ugi jego zapytania przes\u0142anego przez udost\u0119pniony formularz \u2013 w zakresie niezb\u0119dnym do nawi\u0105zania kontaktu lub obs\u0142ugi zapytania.<\/p>\n<\/li>\n<\/ol>\n<p align=\"JUSTIFY\" data-fontsize=\"16\"><strong>Informacja handlowa<\/strong><\/p>\n<p align=\"JUSTIFY\" data-fontsize=\"16\">7. Je\u015bli wyra\u017c\u0105 Pa\u0144stwo na to zgod\u0119, mo\u017cemy przesy\u0142a\u0107 na podany przez Pa\u0144stwo adres e-mail informacj\u0119 handlow\u0105 w rozumieniu art. 10 ustawy z dnia 18 lipca 2002 roku o \u015bwiadczeniu us\u0142ug drog\u0105 elektroniczn\u0105.<\/p>\n<p align=\"JUSTIFY\" data-fontsize=\"16\">8. Zawsze mog\u0105 Pa\u0144stwo cofn\u0105\u0107 swoj\u0105 zgod\u0119 lub zrezygnowa\u0107 z takich wiadomo\u015bci \u2013 wystarczy, \u017ce klikn\u0105 Pa\u0144stwo odpowiedni link dezaktywacyjny znajduj\u0105cy si\u0119 w naszym mailingu lub poinformuj\u0105 nas o tym za po\u015brednictwem podanych w Polityce danych kontaktowych Centrum Szkoleniowego Norton.<\/p>\n<p align=\"JUSTIFY\" data-fontsize=\"16\">9. Informacj\u0105 handlow\u0105 w rozumieniu art. 10 ustawy o \u015bwiadczeniu us\u0142ug drog\u0105 elektroniczn\u0105 nie s\u0105 jednak przesy\u0142ane przez nas informacje zwi\u0105zane z dzia\u0142aniem wykonywanych na Pa\u0144stwa rzecz Us\u0142ug, takie jak informacje o zmianie parametr\u00f3w technicznych , warunk\u00f3w \u015bwiadczenia Us\u0142ug czy te\u017c zmiana Polityki.<\/p>\n<p align=\"JUSTIFY\" data-fontsize=\"16\"><strong>Okres przetwarzania danych osobowych<\/strong><\/p>\n<p align=\"JUSTIFY\" data-fontsize=\"16\">10. Okres przetwarzania Pa\u0144stwa danych osobowych zale\u017cy od rodzaju Us\u0142ug i celu przetwarzania. Dok\u0142adny czas przechowywania Pa\u0144stwa Danych osobowych okre\u015blaj\u0105 przepisy dotycz\u0105ce konkretnej Us\u0142ugi (szkolenia, egzaminu), przy czym niekt\u00f3re Us\u0142ugi wymagaj\u0105, by Dane Osobowe by\u0142y przechowywane przez 10 lat. Informacja, ile przechowywane s\u0105 Dane Osobowe przetwarzane w ramach danej Us\u0142ugi, jest Pa\u0144stwu udost\u0119pniana na ka\u017cdy Pa\u0144stwa wniosek. Natomiast dane zwi\u0105zane z wysy\u0142k\u0105 newslettera \u2013 do czasu wycofania wyra\u017conej zgody lub zg\u0142oszenia skutecznego sprzeciwu wzgl\u0119dem przetwarzania danych.<\/p>\n<p align=\"JUSTIFY\" data-fontsize=\"16\">11. Okres przetwarzania danych mo\u017ce by\u0107 przed\u0142u\u017cony w przypadku, gdy przetwarzanie jest niezb\u0119dne do ustalenia i dochodzenia ewentualnych roszcze\u0144 lub obrony przed nimi, a po tym czasie jedynie w przypadku i w zakresie, w jakim b\u0119d\u0105 wymaga\u0107 tego przepisy prawa. Po up\u0142ywie okresu przetwarzania dane osobowe s\u0105 nieodwracalnie usuwane lub anonimizowane.<\/p>\n<p align=\"JUSTIFY\" data-fontsize=\"16\"><strong>Uprawnienia U\u017cytkownika<\/strong><\/p>\n<p align=\"JUSTIFY\" data-fontsize=\"16\">12. W ka\u017cdej chwili przys\u0142uguje Pa\u0144stwu prawo do: dost\u0119pu do tre\u015bci danych oraz \u017c\u0105dania ich sprostowania, usuni\u0119cia, ograniczenia przetwarzania, prawo do przenoszenia danych oraz prawo wniesienia sprzeciwu wzgl\u0119dem przetwarzania danych.<\/p>\n<p align=\"JUSTIFY\" data-fontsize=\"16\">13. W zakresie, w jakim dane U\u017cytkownika przetwarzane s\u0105 na podstawie zgody, mo\u017cna j\u0105 wycofa\u0107 w dowolnym momencie, kontaktuj\u0105c si\u0119 z Nami, co nie wp\u0142ywa na zgodno\u015b\u0107 z prawem przetwarzania danych przed jej wycofaniem.<\/p>\n<p align=\"JUSTIFY\" data-fontsize=\"16\">14. U\u017cytkownik ma prawo zg\u0142oszenia sprzeciwu wzgl\u0119dem przetwarzania danych dla cel\u00f3w marketingowych, je\u015bli przetwarzanie odbywa si\u0119 w zwi\u0105zku z uzasadnionym interesem Centrum Szkoleniowego NORTON, a tak\u017ce \u2013 z przyczyn zwi\u0105zanych ze szczeg\u00f3ln\u0105 sytuacj\u0105 U\u017cytkownika \u2013 w innych przypadkach, gdy podstaw\u0105 prawn\u0105 przetwarzania danych jest uzasadniony interes Centrum Szkoleniowego NORTON (np. w zwi\u0105zku z realizacj\u0105 cel\u00f3w analitycznych i statystycznych).<\/p>\n<p align=\"JUSTIFY\" data-fontsize=\"16\">15. W pewnych wyj\u0105tkowych sytuacjach mo\u017cemy odm\u00f3wi\u0107 usuni\u0119cia Pa\u0144stwa Danych Osobowych. Jest to jednak mo\u017cliwe wy\u0142\u0105cznie w sytuacjach przewidzianych przez prawo.<\/p>\n<p align=\"JUSTIFY\" data-fontsize=\"16\">16. Je\u017celi uwa\u017caj\u0105 Pa\u0144stwo, i\u017c przetwarzaj\u0105c Pa\u0144stwa Dane Osobowe naruszamy Pa\u0144stwa uprawnienia i przepisy Rozporz\u0105dzenia \u2013 przys\u0142uguje Pa\u0144stwu skarga do odpowiedniego organu ochrony danych osobowych (w Polsce \u2013 Urz\u0105d Ochrony Danych Osobowych).<\/p>\n<p align=\"JUSTIFY\" data-fontsize=\"16\"><strong>Nasi Partnerzy<\/strong><\/p>\n<p align=\"JUSTIFY\" data-fontsize=\"16\">17. Aby nasze Us\u0142ugi dzia\u0142a\u0142y prawid\u0142owo, podejmujemy wsp\u00f3\u0142prac\u0119 z r\u00f3\u017cnymi podmiotami. Czasami niezb\u0119dne jest przekazanie im Pa\u0144stwa Danych Osobowych, zawsze jednak dzieje si\u0119 to na podstawie pisemnej umowy powierzenia przetwarzania Danych Osobowych.<\/p>\n<p align=\"JUSTIFY\" data-fontsize=\"16\">18. Partnerzy danego szkolenia s\u0105 zawsze wskazani w opisie danego szkolenia \u2013 aby realizowa\u0107 szkolenie, musimy im przekaza\u0107 Pa\u0144stwa Dane Osobowe w zakresie, w jakim jest to ka\u017cdorazowo niezb\u0119dne dla realizacji .<\/p>\n<p align=\"JUSTIFY\" data-fontsize=\"16\">19. W przypadku korzystania z us\u0142ug egzaminacyjnych, niezb\u0119dne przekazanie jest Pa\u0144stwa Danych Osobowych w\u0142a\u015bciwym centrom egzaminacyjnym, ka\u017cdorazowo wskazanym w opisie danego egzaminu.<\/p>\n<p align=\"JUSTIFY\" data-fontsize=\"16\">20. Przekazywanie Danych Osobowych odbywa si\u0119 wy\u0142\u0105cznie na podstawie Pa\u0144stwa zgody, lub gdy pozwalaj\u0105 nam na to powszechnie obowi\u0105zuj\u0105ce przepisy prawa.<\/p>\n<p align=\"JUSTIFY\" data-fontsize=\"16\">21. Centrum Szkoleniowe NORTON nie przekazuje Pa\u0144stwa Danych Osobowym innym podmiotom, ni\u017c partnerom wsp\u00f3lnie realizuj\u0105cym na Pa\u0144stwa rzecz Us\u0142ugi.<\/p>\n<p align=\"JUSTIFY\" data-fontsize=\"16\">Bezpiecze\u0144stwo Danych Osobowych<\/p>\n<p align=\"JUSTIFY\" data-fontsize=\"16\">22. Podczas przetwarzania Danych Osobowych na bie\u017c\u0105co prowadzimy analiz\u0119 ryzyka w celu zapewnienia, \u017ce dane osobowe przetwarzane s\u0105 przez nas w spos\u00f3b bezpieczny \u2013 zapewniaj\u0105cy przede wszystkim, \u017ce dost\u0119p do danych maj\u0105 jedynie osoby upowa\u017cnione i jedynie w zakresie, w jakim jest to niezb\u0119dne ze wzgl\u0119du na wykonywane przez nie zadania. Dbamy o to, by wszystkie operacje na danych osobowych by\u0142y rejestrowane i dokonywane jedynie przez uprawnionych pracownik\u00f3w i wsp\u00f3\u0142pracownik\u00f3w.<\/p>\n<p align=\"JUSTIFY\" data-fontsize=\"16\">23. Podejmujemy r\u00f3wnie\u017c wszelkie niezb\u0119dne dzia\u0142ania, by tak\u017ce jego podwykonawcy i inne podmioty wsp\u00f3\u0142pracuj\u0105ce dawa\u0142y gwarancj\u0119 odpowiednich \u015brodk\u00f3w bezpiecze\u0144stwa w ka\u017cdym przypadku, gdy przetwarzaj\u0105 dane osobowe na nasze zlecenie.<\/p>\n<p align=\"JUSTIFY\" data-fontsize=\"16\"><strong>PLIKI COOKIES<\/strong><\/p>\n<p align=\"JUSTIFY\" data-fontsize=\"16\">24. \u015awiadcz\u0105c us\u0142ugi, korzystamy z plik\u00f3w cookies. Pliki cookies u\u0142atwiaj\u0105 korzystanie ze strony internetowej oraz pomagaj\u0105 dostosowa\u0107 Us\u0142ugi do Pa\u0144stwa potrzeb. Cookies zbieraj\u0105 jednak wy\u0142\u0105cznie dane informatyczne zapisywane na u\u017cywanym przez Pa\u0144stwa urz\u0105dzeniu ko\u0144cowym, nie za\u015b dane osobowe.<\/p>\n<p align=\"JUSTIFY\" data-fontsize=\"16\">25. Wykorzystujemy trzy rodzaje ciasteczek: sesyjne (s\u0142u\u017c\u0105ce identyfikacji u\u017cytkownika), statystyczne (s\u0142u\u017c\u0105ce celom statystycznym) oraz funkcyjne (poprawiaj\u0105ce funkcjonalno\u015bci systemu).<\/p>\n<p align=\"JUSTIFY\" data-fontsize=\"16\">26. Pliki cookies nie powoduj\u0105 \u017cadnych zmian w konfiguracji Pa\u0144stwa urz\u0105dzenia ko\u0144cowego. Je\u015bli jednak chc\u0105 Pa\u0144stwo z nich zrezygnowa\u0107, mog\u0105 to Pa\u0144stwo zrobi\u0107 zmieniaj\u0105c ustawienia w swojej przegl\u0105darce internetowej.<\/p>\n<p align=\"JUSTIFY\" data-fontsize=\"16\"><strong>KONTAKT<\/strong><\/p>\n<p align=\"JUSTIFY\" data-fontsize=\"16\">27. Je\u017celi maj\u0105 Pa\u0144stwo jakiekolwiek pytania zwi\u0105zane z przetwarzaniem Danych Osobowych, zach\u0119camy do kontaktu z Centrum Szkoleniowym Norton:<\/p>\n<p align=\"JUSTIFY\" data-fontsize=\"16\">a. wysy\u0142aj\u0105c nam wiadomo\u015b\u0107 email na adres:\u00a0<a href=\"mailto:centrala@norton.edu.pl\" data-fontsize=\"16\">centrala@norton.edu.pl<\/a><\/p>\n<p align=\"JUSTIFY\" data-fontsize=\"16\">b. dzwoni\u0105c do nas pod numer telefonu: +48 12 427 28 39<\/p>\n<p align=\"JUSTIFY\" data-fontsize=\"16\">c. albo odwiedzaj\u0105c nas osobi\u015bcie lub poprzez poczt\u0119 tradycyjn\u0105 \u2013 nasz adres to:<\/p>\n<p align=\"JUSTIFY\" data-fontsize=\"16\">Piotr Robert Szmigiel Centrum Szkoleniowe NORTON<\/p>\n<p align=\"JUSTIFY\" data-fontsize=\"16\">Aleja p\u0142k. W\u0142adys\u0142awa Beliny-Pra\u017cmowskiego 59\/5<\/p>\n<p align=\"JUSTIFY\" data-fontsize=\"16\">31-534 Krak\u00f3w.<\/p>\n<p align=\"JUSTIFY\" data-fontsize=\"16\"><strong>ZMIANA POLITYKI PRYWATNO\u015aCI<\/strong><\/p>\n<p align=\"JUSTIFY\" data-fontsize=\"16\">28. Polityka jest na bie\u017c\u0105co weryfikowana i w razie potrzeby aktualizowana.<\/p>","protected":false},"excerpt":{"rendered":"<p>Prosimy o zapoznanie z nasz\u0105 Polityk\u0105 Prywatno\u015bci, aby dowiedzie\u0107 si\u0119, w jakim celu i zakresie przetwarzamy Pa\u0144stwa Dane Osobowe, a tak\u017ce komu mo\u017cemy je przekazywa\u0107. Je\u017celi nie akceptuj\u0105 Pa\u0144stwo tych procedur \u2013 prosimy o niekorzystanie z naszych us\u0142ug. Je\u015bli jednak maj\u0105 Pa\u0144stwo jakiekolwiek pytania lub w\u0105tpliwo\u015bci \u2013 jeste\u015bmy do Pa\u0144stwa dyspozycji. Nasze dane kontaktowe znajduj\u0105 [&hellip;]<\/p>","protected":false},"author":5,"featured_media":0,"parent":0,"menu_order":0,"comment_status":"closed","ping_status":"open","template":"","meta":{"footnotes":""},"class_list":["post-3","page","type-page","status-publish","hentry"],"yoast_head":"<!-- This site is optimized with the Yoast SEO plugin v14.9 - https:\/\/yoast.com\/wordpress\/plugins\/seo\/ -->\n<title>Norton - Polityka prywatno\u015bci - Szkolenia z dofinansowaniem 80% i Projekty UE<\/title>\n<meta name=\"description\" content=\"Centrum Szkoleniowe Norton organizuje szkolenia z dofinansowaniem do 80% (j\u0119zykowe, managerskie i inne) projekty unijne i warsztaty dla firm i instutycji.\" \/>\n<meta name=\"robots\" content=\"index, follow, max-snippet:-1, max-image-preview:large, max-video-preview:-1\" \/>\n<link rel=\"canonical\" href=\"https:\/\/norton.edu.pl\/uk\/polityka-prywatnosci\/\" \/>\n<meta property=\"og:locale\" content=\"uk_UA\" \/>\n<meta property=\"og:type\" content=\"article\" \/>\n<meta property=\"og:title\" content=\"Norton - Polityka prywatno\u015bci - Szkolenia z dofinansowaniem 80% i Projekty UE\" \/>\n<meta property=\"og:description\" content=\"Centrum Szkoleniowe Norton organizuje szkolenia z dofinansowaniem do 80% (j\u0119zykowe, managerskie i inne) projekty unijne i warsztaty dla firm i instutycji.\" \/>\n<meta property=\"og:url\" content=\"https:\/\/norton.edu.pl\/uk\/polityka-prywatnosci\/\" \/>\n<meta property=\"og:site_name\" content=\"Norton\" \/>\n<meta property=\"article:publisher\" content=\"https:\/\/www.facebook.com\/KursyNorton\" \/>\n<meta property=\"article:modified_time\" content=\"2020-06-18T10:44:32+00:00\" \/>\n<meta property=\"og:image\" content=\"https:\/\/norton.edu.pl\/wp-content\/uploads\/2020\/05\/norton-szkolenia-dofinansowania.jpg\" \/>\n\t<meta property=\"og:image:width\" content=\"1152\" \/>\n\t<meta property=\"og:image:height\" content=\"767\" \/>\n<meta name=\"twitter:card\" content=\"summary_large_image\" \/>\n<script type=\"application\/ld+json\" class=\"yoast-schema-graph\">{\"@context\":\"https:\/\/schema.org\",\"@graph\":[{\"@type\":\"Organization\",\"@id\":\"https:\/\/norton.edu.pl\/uk\/#organization\",\"name\":\"Centrum Szkoleniowe Norton\",\"url\":\"https:\/\/norton.edu.pl\/uk\/\",\"sameAs\":[\"https:\/\/www.facebook.com\/KursyNorton\"],\"logo\":{\"@type\":\"ImageObject\",\"@id\":\"https:\/\/norton.edu.pl\/uk\/#logo\",\"inLanguage\":\"uk\",\"url\":\"https:\/\/norton.edu.pl\/wp-content\/uploads\/2020\/03\/logo.png\",\"width\":147,\"height\":53,\"caption\":\"Centrum Szkoleniowe Norton\"},\"image\":{\"@id\":\"https:\/\/norton.edu.pl\/uk\/#logo\"}},{\"@type\":\"WebSite\",\"@id\":\"https:\/\/norton.edu.pl\/uk\/#website\",\"url\":\"https:\/\/norton.edu.pl\/uk\/\",\"name\":\"Norton\",\"description\":\"\",\"publisher\":{\"@id\":\"https:\/\/norton.edu.pl\/uk\/#organization\"},\"potentialAction\":[{\"@type\":\"SearchAction\",\"target\":\"https:\/\/norton.edu.pl\/uk\/?s={search_term_string}\",\"query-input\":\"required name=search_term_string\"}],\"inLanguage\":\"uk\"},{\"@type\":\"WebPage\",\"@id\":\"https:\/\/norton.edu.pl\/uk\/polityka-prywatnosci\/#webpage\",\"url\":\"https:\/\/norton.edu.pl\/uk\/polityka-prywatnosci\/\",\"name\":\"Norton - Polityka prywatno\\u015bci - Szkolenia z dofinansowaniem 80% i Projekty UE\",\"isPartOf\":{\"@id\":\"https:\/\/norton.edu.pl\/uk\/#website\"},\"datePublished\":\"2020-03-13T08:42:57+00:00\",\"dateModified\":\"2020-06-18T10:44:32+00:00\",\"description\":\"Centrum Szkoleniowe Norton organizuje szkolenia z dofinansowaniem do 80% (j\\u0119zykowe, managerskie i inne) projekty unijne i warsztaty dla firm i instutycji.\",\"inLanguage\":\"uk\",\"potentialAction\":[{\"@type\":\"ReadAction\",\"target\":[\"https:\/\/norton.edu.pl\/uk\/polityka-prywatnosci\/\"]}]}]}<\/script>\n<!-- \/ Yoast SEO plugin. -->","_links":{"self":[{"href":"https:\/\/norton.edu.pl\/uk\/wp-json\/wp\/v2\/pages\/3","targetHints":{"allow":["GET"]}}],"collection":[{"href":"https:\/\/norton.edu.pl\/uk\/wp-json\/wp\/v2\/pages"}],"about":[{"href":"https:\/\/norton.edu.pl\/uk\/wp-json\/wp\/v2\/types\/page"}],"author":[{"embeddable":true,"href":"https:\/\/norton.edu.pl\/uk\/wp-json\/wp\/v2\/users\/5"}],"replies":[{"embeddable":true,"href":"https:\/\/norton.edu.pl\/uk\/wp-json\/wp\/v2\/comments?post=3"}],"version-history":[{"count":9,"href":"https:\/\/norton.edu.pl\/uk\/wp-json\/wp\/v2\/pages\/3\/revisions"}],"predecessor-version":[{"id":814,"href":"https:\/\/norton.edu.pl\/uk\/wp-json\/wp\/v2\/pages\/3\/revisions\/814"}],"wp:attachment":[{"href":"https:\/\/norton.edu.pl\/uk\/wp-json\/wp\/v2\/media?parent=3"}],"curies":[{"name":"wp","href":"https:\/\/api.w.org\/{rel}","templated":true}]}}