{"id":131,"date":"2020-03-17T13:15:19","date_gmt":"2020-03-17T12:15:19","guid":{"rendered":"http:\/\/localhost:8888\/norton\/?page_id=131"},"modified":"2020-06-16T15:54:30","modified_gmt":"2020-06-16T13:54:30","slug":"wydarzenia","status":"publish","type":"page","link":"https:\/\/norton.edu.pl\/uk\/wydarzenia\/","title":{"rendered":"Wydarzenia"},"content":{"rendered":"<p>Zapraszamy do zapoznania si\u0119 z wydarzeniami, kt\u00f3re s\u0105 realizowane przez Centrum Szkoleniowe Norton. Je\u015bli chcesz dowiedzie\u0107 si\u0119 czego\u015b wi\u0119cej na temat projekt\u00f3w, kt\u00f3re organizujemy, zapraszamy do <a href=\"https:\/\/norton.edu.pl\/uk\/kontakt\/\"><strong>Kontaktu<\/strong><\/a>.<\/p>","protected":false},"excerpt":{"rendered":"<p>Zapraszamy do zapoznania si\u0119 z wydarzeniami, kt\u00f3re s\u0105 realizowane przez Centrum Szkoleniowe Norton. Je\u015bli chcesz dowiedzie\u0107 si\u0119 czego\u015b wi\u0119cej na temat projekt\u00f3w, kt\u00f3re organizujemy, zapraszamy do Kontaktu.<\/p>","protected":false},"author":5,"featured_media":0,"parent":0,"menu_order":0,"comment_status":"closed","ping_status":"closed","template":"templates\/wydarzenia.php","meta":{"footnotes":""},"class_list":["post-131","page","type-page","status-publish","hentry"],"yoast_head":"<!-- This site is optimized with the Yoast SEO plugin v14.9 - https:\/\/yoast.com\/wordpress\/plugins\/seo\/ -->\n<title>Norton - Wydarzenia - Szkolenia z dofinansowaniem 80% i Projekty UE<\/title>\n<meta name=\"description\" content=\"Centrum Szkoleniowe Norton organizuje szkolenia z dofinansowaniem do 80% (j\u0119zykowe, managerskie i inne) projekty unijne i warsztaty dla firm i instutycji.\" \/>\n<meta name=\"robots\" content=\"index, follow, max-snippet:-1, max-image-preview:large, max-video-preview:-1\" \/>\n<link rel=\"canonical\" href=\"https:\/\/norton.edu.pl\/uk\/wydarzenia\/\" \/>\n<meta property=\"og:locale\" content=\"uk_UA\" \/>\n<meta property=\"og:type\" content=\"article\" \/>\n<meta property=\"og:title\" content=\"Norton - Wydarzenia - Szkolenia z dofinansowaniem 80% i Projekty UE\" \/>\n<meta property=\"og:description\" content=\"Centrum Szkoleniowe Norton organizuje szkolenia z dofinansowaniem do 80% (j\u0119zykowe, managerskie i inne) projekty unijne i warsztaty dla firm i instutycji.\" \/>\n<meta property=\"og:url\" content=\"https:\/\/norton.edu.pl\/uk\/wydarzenia\/\" \/>\n<meta property=\"og:site_name\" content=\"Norton\" \/>\n<meta property=\"article:publisher\" content=\"https:\/\/www.facebook.com\/KursyNorton\" \/>\n<meta property=\"article:modified_time\" content=\"2020-06-16T13:54:30+00:00\" \/>\n<meta property=\"og:image\" content=\"https:\/\/norton.edu.pl\/wp-content\/uploads\/2020\/05\/norton-szkolenia-dofinansowania.jpg\" \/>\n\t<meta property=\"og:image:width\" content=\"1152\" \/>\n\t<meta property=\"og:image:height\" content=\"767\" \/>\n<meta name=\"twitter:card\" content=\"summary_large_image\" \/>\n<script type=\"application\/ld+json\" class=\"yoast-schema-graph\">{\"@context\":\"https:\/\/schema.org\",\"@graph\":[{\"@type\":\"Organization\",\"@id\":\"https:\/\/norton.edu.pl\/uk\/#organization\",\"name\":\"Centrum Szkoleniowe Norton\",\"url\":\"https:\/\/norton.edu.pl\/uk\/\",\"sameAs\":[\"https:\/\/www.facebook.com\/KursyNorton\"],\"logo\":{\"@type\":\"ImageObject\",\"@id\":\"https:\/\/norton.edu.pl\/uk\/#logo\",\"inLanguage\":\"uk\",\"url\":\"https:\/\/norton.edu.pl\/wp-content\/uploads\/2020\/03\/logo.png\",\"width\":147,\"height\":53,\"caption\":\"Centrum Szkoleniowe Norton\"},\"image\":{\"@id\":\"https:\/\/norton.edu.pl\/uk\/#logo\"}},{\"@type\":\"WebSite\",\"@id\":\"https:\/\/norton.edu.pl\/uk\/#website\",\"url\":\"https:\/\/norton.edu.pl\/uk\/\",\"name\":\"Norton\",\"description\":\"\",\"publisher\":{\"@id\":\"https:\/\/norton.edu.pl\/uk\/#organization\"},\"potentialAction\":[{\"@type\":\"SearchAction\",\"target\":\"https:\/\/norton.edu.pl\/uk\/?s={search_term_string}\",\"query-input\":\"required name=search_term_string\"}],\"inLanguage\":\"uk\"},{\"@type\":\"WebPage\",\"@id\":\"https:\/\/norton.edu.pl\/uk\/wydarzenia\/#webpage\",\"url\":\"https:\/\/norton.edu.pl\/uk\/wydarzenia\/\",\"name\":\"Norton - Wydarzenia - Szkolenia z dofinansowaniem 80% i Projekty UE\",\"isPartOf\":{\"@id\":\"https:\/\/norton.edu.pl\/uk\/#website\"},\"datePublished\":\"2020-03-17T12:15:19+00:00\",\"dateModified\":\"2020-06-16T13:54:30+00:00\",\"description\":\"Centrum Szkoleniowe Norton organizuje szkolenia z dofinansowaniem do 80% (j\\u0119zykowe, managerskie i inne) projekty unijne i warsztaty dla firm i instutycji.\",\"inLanguage\":\"uk\",\"potentialAction\":[{\"@type\":\"ReadAction\",\"target\":[\"https:\/\/norton.edu.pl\/uk\/wydarzenia\/\"]}]}]}<\/script>\n<!-- \/ Yoast SEO plugin. -->","_links":{"self":[{"href":"https:\/\/norton.edu.pl\/uk\/wp-json\/wp\/v2\/pages\/131","targetHints":{"allow":["GET"]}}],"collection":[{"href":"https:\/\/norton.edu.pl\/uk\/wp-json\/wp\/v2\/pages"}],"about":[{"href":"https:\/\/norton.edu.pl\/uk\/wp-json\/wp\/v2\/types\/page"}],"author":[{"embeddable":true,"href":"https:\/\/norton.edu.pl\/uk\/wp-json\/wp\/v2\/users\/5"}],"replies":[{"embeddable":true,"href":"https:\/\/norton.edu.pl\/uk\/wp-json\/wp\/v2\/comments?post=131"}],"version-history":[{"count":6,"href":"https:\/\/norton.edu.pl\/uk\/wp-json\/wp\/v2\/pages\/131\/revisions"}],"predecessor-version":[{"id":736,"href":"https:\/\/norton.edu.pl\/uk\/wp-json\/wp\/v2\/pages\/131\/revisions\/736"}],"wp:attachment":[{"href":"https:\/\/norton.edu.pl\/uk\/wp-json\/wp\/v2\/media?parent=131"}],"curies":[{"name":"wp","href":"https:\/\/api.w.org\/{rel}","templated":true}]}}